{"id":644,"date":"2018-04-23T12:22:20","date_gmt":"2018-04-23T15:22:20","guid":{"rendered":"https:\/\/www.sucresuites.com\/?page_id=644"},"modified":"2024-04-12T10:42:23","modified_gmt":"2024-04-12T13:42:23","slug":"alojamiento-cerca-del-icba","status":"publish","type":"page","link":"https:\/\/www.sucresuites.com\/es\/alojamiento-cerca-del-icba\/","title":{"rendered":"Alojamiento cerca del ICBA en Buenos Aires"},"content":{"rendered":"<h1>Sucre Suites una interesante alternativa de alojamiento cerca del ICBA<\/h1>\n<p>El ICBA o Instituto Cardiovascular de Buenos Aires, es una prestigiosa instituci\u00f3n especializada en las enfermedades card\u00edacas y vasculares. Altamente reconocida, el <a href=\"http:\/\/www.icba.com.ar\">ICBA<\/a> cuenta con un equipo de profesionales muy capacitados. Debido al su alta demanda, muchas veces es dif\u00edcil encontrar alojamiento cerca del Instituto Cardiovascular (o ICBA). Por este motivo, Sucre Suites, aparce como una excelente alterniativa de <strong>alojamiento cerca del ICBA<\/strong>.<\/p>\n<p><a href=\"https:\/\/api.whatsapp.com\/send?phone=5491124002960+&amp;text=%C2%A1Hola!%20Quer\u00eda%20consultar%20por%20disponibilidad%20y%20precios%20cerca%20del%20ICBA.%20%C2%A1Gracias!\"><img loading=\"lazy\" decoding=\"async\" class=\"aligncenter wp-image-4979 size-full\" src=\"https:\/\/i0.wp.com\/www.sucresuites.com\/wp-content\/uploads\/2024\/03\/CONSULTAR-AHORA.png?resize=200%2C50&#038;ssl=1\" alt=\"Alojamiento cerca del ICBA. Consult\u00e1 Ahora\" width=\"200\" height=\"50\" srcset=\"https:\/\/i0.wp.com\/www.sucresuites.com\/wp-content\/uploads\/2024\/03\/CONSULTAR-AHORA.png?w=200&amp;ssl=1 200w, https:\/\/i0.wp.com\/www.sucresuites.com\/wp-content\/uploads\/2024\/03\/CONSULTAR-AHORA.png?resize=18%2C5&amp;ssl=1 18w\" sizes=\"auto, (max-width: 200px) 100vw, 200px\" data-recalc-dims=\"1\" \/><\/a><\/p>\n<h3>Por qu\u00e9 Sucre Suites?<\/h3>\n<p>Al momento de tener planificada o no una intervenci\u00f3n en el <strong>Instituto Cardiovascular de Buenos Aires<\/strong>, es posible que requiera volver al instituto o quedarse mas de un d\u00eda. Por lo tanto, es importante contar con <strong>alojamiento cerca del ICBA<\/strong> que no solo permita estar cerca, sino contar con toda la tranquilidad que sea posible. Los departamentos amoblados Sucre Suites, no solo est\u00e1n cerca del instituto, sino que adem\u00e1s, cuentan con todo el confort necesario y la libertad necesaria, que hace que uno se sienta como en su casa.<\/p>\n<p><img loading=\"lazy\" decoding=\"async\" class=\"aligncenter wp-image-648 size-primer-featured\" title=\"Sucre Suites es una opcion de alojamiento cerca del ICBA\" src=\"https:\/\/i0.wp.com\/www.sucresuites.com\/wp-content\/uploads\/2018\/03\/alojamiento-cerca-del-icba.jpg?resize=688%2C302&#038;ssl=1\" alt=\"Sucre Suites: Alojamiento Cerca del ICBA\" width=\"688\" height=\"302\" srcset=\"https:\/\/i0.wp.com\/www.sucresuites.com\/wp-content\/uploads\/2018\/03\/alojamiento-cerca-del-icba.jpg?resize=1600%2C703&amp;ssl=1 1600w, https:\/\/i0.wp.com\/www.sucresuites.com\/wp-content\/uploads\/2018\/03\/alojamiento-cerca-del-icba.jpg?resize=300%2C132&amp;ssl=1 300w, https:\/\/i0.wp.com\/www.sucresuites.com\/wp-content\/uploads\/2018\/03\/alojamiento-cerca-del-icba.jpg?resize=768%2C337&amp;ssl=1 768w, https:\/\/i0.wp.com\/www.sucresuites.com\/wp-content\/uploads\/2018\/03\/alojamiento-cerca-del-icba.jpg?resize=1024%2C450&amp;ssl=1 1024w, https:\/\/i0.wp.com\/www.sucresuites.com\/wp-content\/uploads\/2018\/03\/alojamiento-cerca-del-icba.jpg?w=1376&amp;ssl=1 1376w, https:\/\/i0.wp.com\/www.sucresuites.com\/wp-content\/uploads\/2018\/03\/alojamiento-cerca-del-icba.jpg?w=2064&amp;ssl=1 2064w\" sizes=\"auto, (max-width: 688px) 100vw, 688px\" data-recalc-dims=\"1\" \/><\/p>\n<h4>Cuales son las comodidades?<\/h4>\n<p>Los departamentos de Sucre Suites est\u00e1n completamente amoblados, ademas de tener una gustosa decoraci\u00f3n que los hace \u00fanicos.<\/p>\n<p>Todos nuestros departamentos vienen con:<\/p>\n<ul>\n<li>Apartamento privado en edificio<\/li>\n<li>1 cama doble grande<\/li>\n<li>Vistas a la ciudad<\/li>\n<li>TV de pantalla plana<\/li>\n<li>Canales v\u00eda sat\u00e9lite<\/li>\n<li>Aire acondicionado<\/li>\n<li>Ba\u00f1o privado<\/li>\n<li>Plancha para ropa<\/li>\n<li>Calefacci\u00f3n<\/li>\n<li>Suelo de baldosa \/ m\u00e1rmol<\/li>\n<li>Armario<\/li>\n<li>Productos de limpieza<\/li>\n<li>Ducha<\/li>\n<li>Art\u00edculos de aseo gratis<\/li>\n<li>Bidet<\/li>\n<li>Papel higi\u00e9nico<\/li>\n<li>Tetera \/ cafetera<\/li>\n<li>Zona de cocina<\/li>\n<li>Nevera<\/li>\n<li>Cocina<\/li>\n<li>Zona de comedor<\/li>\n<li>Utensilios de cocina<\/li>\n<li>Horno<\/li>\n<li>Cafetera<\/li>\n<li>Mesa de comedor<\/li>\n<li>Toallas<\/li>\n<li>Acceso a pisos superiores mediante ascensor<\/li>\n<li>Toda la unidad accesible mediante silla de ruedas<\/li>\n<\/ul>\n<p><a href=\"https:\/\/api.whatsapp.com\/send?phone=5491124002960+&amp;text=%C2%A1Hola!%20Quer\u00eda%20consultar%20por%20disponibilidad%20y%20precios%20cerca%20del%20ICBA.%20%C2%A1Gracias!\"><img loading=\"lazy\" decoding=\"async\" class=\"aligncenter wp-image-4979 size-full\" src=\"https:\/\/i0.wp.com\/www.sucresuites.com\/wp-content\/uploads\/2024\/03\/CONSULTAR-AHORA.png?resize=200%2C50&#038;ssl=1\" alt=\"Alojamiento cerca del ICBA. Consult\u00e1 Ahora\" width=\"200\" height=\"50\" srcset=\"https:\/\/i0.wp.com\/www.sucresuites.com\/wp-content\/uploads\/2024\/03\/CONSULTAR-AHORA.png?w=200&amp;ssl=1 200w, https:\/\/i0.wp.com\/www.sucresuites.com\/wp-content\/uploads\/2024\/03\/CONSULTAR-AHORA.png?resize=18%2C5&amp;ssl=1 18w\" sizes=\"auto, (max-width: 200px) 100vw, 200px\" data-recalc-dims=\"1\" \/><\/a><\/p>\n<h3>Cerca del ICBA y cerca de todo<\/h3>\n<p>Sucre Suites, no solo es un\u00a0<strong>alojamiento cerca del ICBA<\/strong>, sino que est\u00e1 realmente cerca de todo en Belgrano y tambi\u00e9n en Buenos Aires. Estrat\u00e9gicamente ubicados en el barrio de Belgrano, a pocas cuadras de la estaci\u00f3n de tren Belgrano C de la l\u00ednea Mitre, a dos cuadras de Juramento y Av. del Libertador, reconocida zona de decenas de comercios, bares y restaurantes. El barrio Chino, est\u00e1 a solo unos minutos caminando, con una oferta gastron\u00f3mica magn\u00edfica o para disfrutar de un paseo para despejar la cabeza. Tambi\u00e9n se encuentra cerca del Instituto <a href=\"https:\/\/www.sucresuites.com\/fleni\/\">Fleni<\/a>.<\/p>\n<h3>C\u00f3mo llegar al ICBA?<\/h3>\n<p>El ICBA est\u00e1 muy cerca de los departamentos amoblados <a href=\"https:\/\/www.sucresuites.com\">Sucre Suites<\/a>. A tan s\u00f3lo cinco cuadras u 8 minutos caminando, es muy f\u00e1cil y r\u00e1pido llegar, sin necesidad de contar con estacionamiento y traslados en trasporte p\u00fablico.<\/p>\n<p><img loading=\"lazy\" decoding=\"async\" class=\"aligncenter wp-image-649 size-full\" title=\"alojamiento cerca del ICBA\" src=\"https:\/\/i0.wp.com\/www.sucresuites.com\/wp-content\/uploads\/2018\/03\/icba-mapa-sucre-suites.jpg?resize=688%2C470&#038;ssl=1\" alt=\"Alojamiento cerca del ICBA. Como llegar al ICBA\" width=\"688\" height=\"470\" srcset=\"https:\/\/i0.wp.com\/www.sucresuites.com\/wp-content\/uploads\/2018\/03\/icba-mapa-sucre-suites.jpg?w=756&amp;ssl=1 756w, https:\/\/i0.wp.com\/www.sucresuites.com\/wp-content\/uploads\/2018\/03\/icba-mapa-sucre-suites.jpg?resize=300%2C205&amp;ssl=1 300w\" sizes=\"auto, (max-width: 688px) 100vw, 688px\" data-recalc-dims=\"1\" \/><\/p>\n<p><a href=\"https:\/\/api.whatsapp.com\/send?phone=5491124002960+&amp;text=%C2%A1Hola!%20Quer\u00eda%20consultar%20por%20disponibilidad%20y%20precios%20cerca%20del%20ICBA.%20%C2%A1Gracias!\"><img loading=\"lazy\" decoding=\"async\" class=\"aligncenter wp-image-4979 size-full\" src=\"https:\/\/i0.wp.com\/www.sucresuites.com\/wp-content\/uploads\/2024\/03\/CONSULTAR-AHORA.png?resize=200%2C50&#038;ssl=1\" alt=\"Alojamiento cerca del ICBA. Consult\u00e1 Ahora\" width=\"200\" height=\"50\" srcset=\"https:\/\/i0.wp.com\/www.sucresuites.com\/wp-content\/uploads\/2024\/03\/CONSULTAR-AHORA.png?w=200&amp;ssl=1 200w, https:\/\/i0.wp.com\/www.sucresuites.com\/wp-content\/uploads\/2024\/03\/CONSULTAR-AHORA.png?resize=18%2C5&amp;ssl=1 18w\" sizes=\"auto, (max-width: 200px) 100vw, 200px\" data-recalc-dims=\"1\" \/><\/a><\/p>\n","protected":false},"excerpt":{"rendered":"<p>Sucre Suites una interesante alternativa de alojamiento cerca del ICBA El ICBA o Instituto Cardiovascular de Buenos Aires, es una&hellip;<\/p>\n","protected":false},"author":1,"featured_media":0,"parent":0,"menu_order":0,"comment_status":"closed","ping_status":"closed","template":"","meta":{"footnotes":""},"class_list":["post-644","page","type-page","status-publish","hentry"],"yoast_head":"<!-- This site is optimized with the Yoast SEO plugin v21.0 - https:\/\/yoast.com\/wordpress\/plugins\/seo\/ -->\n<title>Alojamiento cerca del ICBA, el instituto cardiovascular de buenos aires<\/title>\n<meta name=\"description\" content=\"El ICBA o Instituto Cardiovascular de Buenos Aires, instituci\u00f3n especializada en las enfermedades card\u00edacas y vasculares. Alojamiento cerca del ICBA aqu\u00ed!\" \/>\n<meta name=\"robots\" content=\"index, follow, max-snippet:-1, max-image-preview:large, max-video-preview:-1\" \/>\n<link rel=\"canonical\" href=\"https:\/\/www.sucresuites.com\/es\/alojamiento-cerca-del-icba\/\" \/>\n<meta property=\"og:locale\" content=\"es_ES\" \/>\n<meta property=\"og:type\" content=\"article\" \/>\n<meta property=\"og:title\" content=\"Alojamiento cerca del ICBA, el instituto cardiovascular de buenos aires\" \/>\n<meta property=\"og:description\" content=\"El ICBA o Instituto Cardiovascular de Buenos Aires, instituci\u00f3n especializada en las enfermedades card\u00edacas y vasculares. Alojamiento cerca del ICBA aqu\u00ed!\" \/>\n<meta property=\"og:url\" content=\"https:\/\/www.sucresuites.com\/es\/alojamiento-cerca-del-icba\/\" \/>\n<meta property=\"article:publisher\" content=\"https:\/\/www.facebook.com\/Sucresuites\/\" \/>\n<meta property=\"article:modified_time\" content=\"2024-04-12T13:42:23+00:00\" \/>\n<meta property=\"og:image\" content=\"https:\/\/www.sucresuites.com\/wp-content\/uploads\/2024\/03\/CONSULTAR-AHORA.png\" \/>\n<meta name=\"twitter:card\" content=\"summary_large_image\" \/>\n<meta name=\"twitter:label1\" content=\"Tiempo de lectura\" \/>\n\t<meta name=\"twitter:data1\" content=\"3 minutos\" \/>\n<script type=\"application\/ld+json\" class=\"yoast-schema-graph\">{\"@context\":\"https:\/\/schema.org\",\"@graph\":[{\"@type\":\"WebPage\",\"@id\":\"https:\/\/www.sucresuites.com\/alojamiento-cerca-del-icba\/\",\"url\":\"https:\/\/www.sucresuites.com\/alojamiento-cerca-del-icba\/\",\"name\":\"Alojamiento cerca del ICBA, el instituto cardiovascular de buenos aires\",\"isPartOf\":{\"@id\":\"https:\/\/www.sucresuites.com\/es\/#website\"},\"datePublished\":\"2018-04-23T15:22:20+00:00\",\"dateModified\":\"2024-04-12T13:42:23+00:00\",\"description\":\"El ICBA o Instituto Cardiovascular de Buenos Aires, instituci\u00f3n especializada en las enfermedades card\u00edacas y vasculares. Alojamiento cerca del ICBA aqu\u00ed!\",\"breadcrumb\":{\"@id\":\"https:\/\/www.sucresuites.com\/alojamiento-cerca-del-icba\/#breadcrumb\"},\"inLanguage\":\"es-AR\",\"potentialAction\":[{\"@type\":\"ReadAction\",\"target\":[\"https:\/\/www.sucresuites.com\/alojamiento-cerca-del-icba\/\"]}]},{\"@type\":\"BreadcrumbList\",\"@id\":\"https:\/\/www.sucresuites.com\/alojamiento-cerca-del-icba\/#breadcrumb\",\"itemListElement\":[{\"@type\":\"ListItem\",\"position\":1,\"name\":\"Portada\",\"item\":\"https:\/\/www.sucresuites.com\/\"},{\"@type\":\"ListItem\",\"position\":2,\"name\":\"Alojamiento cerca del ICBA en Buenos Aires\"}]},{\"@type\":\"WebSite\",\"@id\":\"https:\/\/www.sucresuites.com\/es\/#website\",\"url\":\"https:\/\/www.sucresuites.com\/es\/\",\"name\":\"\",\"description\":\"Apartamentos Temporarios\",\"publisher\":{\"@id\":\"https:\/\/www.sucresuites.com\/es\/#organization\"},\"potentialAction\":[{\"@type\":\"SearchAction\",\"target\":{\"@type\":\"EntryPoint\",\"urlTemplate\":\"https:\/\/www.sucresuites.com\/es\/?s={search_term_string}\"},\"query-input\":\"required name=search_term_string\"}],\"inLanguage\":\"es-AR\"},{\"@type\":\"Organization\",\"@id\":\"https:\/\/www.sucresuites.com\/es\/#organization\",\"name\":\"Sucre Suites\",\"url\":\"https:\/\/www.sucresuites.com\/es\/\",\"logo\":{\"@type\":\"ImageObject\",\"inLanguage\":\"es-AR\",\"@id\":\"https:\/\/www.sucresuites.com\/es\/#\/schema\/logo\/image\/\",\"url\":\"https:\/\/i0.wp.com\/www.sucresuites.com\/wp-content\/uploads\/2018\/02\/Selection_013.png?fit=338%2C95\",\"contentUrl\":\"https:\/\/i0.wp.com\/www.sucresuites.com\/wp-content\/uploads\/2018\/02\/Selection_013.png?fit=338%2C95\",\"width\":338,\"height\":95,\"caption\":\"Sucre Suites\"},\"image\":{\"@id\":\"https:\/\/www.sucresuites.com\/es\/#\/schema\/logo\/image\/\"},\"sameAs\":[\"https:\/\/www.facebook.com\/Sucresuites\/\"]}]}<\/script>\n<!-- \/ Yoast SEO plugin. -->","yoast_head_json":{"title":"Alojamiento cerca del ICBA, el instituto cardiovascular de buenos aires","description":"El ICBA o Instituto Cardiovascular de Buenos Aires, instituci\u00f3n especializada en las enfermedades card\u00edacas y vasculares. Alojamiento cerca del ICBA aqu\u00ed!","robots":{"index":"index","follow":"follow","max-snippet":"max-snippet:-1","max-image-preview":"max-image-preview:large","max-video-preview":"max-video-preview:-1"},"canonical":"https:\/\/www.sucresuites.com\/es\/alojamiento-cerca-del-icba\/","og_locale":"es_ES","og_type":"article","og_title":"Alojamiento cerca del ICBA, el instituto cardiovascular de buenos aires","og_description":"El ICBA o Instituto Cardiovascular de Buenos Aires, instituci\u00f3n especializada en las enfermedades card\u00edacas y vasculares. Alojamiento cerca del ICBA aqu\u00ed!","og_url":"https:\/\/www.sucresuites.com\/es\/alojamiento-cerca-del-icba\/","article_publisher":"https:\/\/www.facebook.com\/Sucresuites\/","article_modified_time":"2024-04-12T13:42:23+00:00","og_image":[{"url":"https:\/\/www.sucresuites.com\/wp-content\/uploads\/2024\/03\/CONSULTAR-AHORA.png"}],"twitter_card":"summary_large_image","twitter_misc":{"Tiempo de lectura":"3 minutos"},"schema":{"@context":"https:\/\/schema.org","@graph":[{"@type":"WebPage","@id":"https:\/\/www.sucresuites.com\/alojamiento-cerca-del-icba\/","url":"https:\/\/www.sucresuites.com\/alojamiento-cerca-del-icba\/","name":"Alojamiento cerca del ICBA, el instituto cardiovascular de buenos aires","isPartOf":{"@id":"https:\/\/www.sucresuites.com\/es\/#website"},"datePublished":"2018-04-23T15:22:20+00:00","dateModified":"2024-04-12T13:42:23+00:00","description":"El ICBA o Instituto Cardiovascular de Buenos Aires, instituci\u00f3n especializada en las enfermedades card\u00edacas y vasculares. Alojamiento cerca del ICBA aqu\u00ed!","breadcrumb":{"@id":"https:\/\/www.sucresuites.com\/alojamiento-cerca-del-icba\/#breadcrumb"},"inLanguage":"es-AR","potentialAction":[{"@type":"ReadAction","target":["https:\/\/www.sucresuites.com\/alojamiento-cerca-del-icba\/"]}]},{"@type":"BreadcrumbList","@id":"https:\/\/www.sucresuites.com\/alojamiento-cerca-del-icba\/#breadcrumb","itemListElement":[{"@type":"ListItem","position":1,"name":"Portada","item":"https:\/\/www.sucresuites.com\/"},{"@type":"ListItem","position":2,"name":"Alojamiento cerca del ICBA en Buenos Aires"}]},{"@type":"WebSite","@id":"https:\/\/www.sucresuites.com\/es\/#website","url":"https:\/\/www.sucresuites.com\/es\/","name":"","description":"Apartamentos Temporarios","publisher":{"@id":"https:\/\/www.sucresuites.com\/es\/#organization"},"potentialAction":[{"@type":"SearchAction","target":{"@type":"EntryPoint","urlTemplate":"https:\/\/www.sucresuites.com\/es\/?s={search_term_string}"},"query-input":"required name=search_term_string"}],"inLanguage":"es-AR"},{"@type":"Organization","@id":"https:\/\/www.sucresuites.com\/es\/#organization","name":"Sucre Suites","url":"https:\/\/www.sucresuites.com\/es\/","logo":{"@type":"ImageObject","inLanguage":"es-AR","@id":"https:\/\/www.sucresuites.com\/es\/#\/schema\/logo\/image\/","url":"https:\/\/i0.wp.com\/www.sucresuites.com\/wp-content\/uploads\/2018\/02\/Selection_013.png?fit=338%2C95","contentUrl":"https:\/\/i0.wp.com\/www.sucresuites.com\/wp-content\/uploads\/2018\/02\/Selection_013.png?fit=338%2C95","width":338,"height":95,"caption":"Sucre Suites"},"image":{"@id":"https:\/\/www.sucresuites.com\/es\/#\/schema\/logo\/image\/"},"sameAs":["https:\/\/www.facebook.com\/Sucresuites\/"]}]}},"jetpack_sharing_enabled":true,"jetpack_shortlink":"https:\/\/wp.me\/P9I0kO-ao","_links":{"self":[{"href":"https:\/\/www.sucresuites.com\/es\/wp-json\/wp\/v2\/pages\/644","targetHints":{"allow":["GET"]}}],"collection":[{"href":"https:\/\/www.sucresuites.com\/es\/wp-json\/wp\/v2\/pages"}],"about":[{"href":"https:\/\/www.sucresuites.com\/es\/wp-json\/wp\/v2\/types\/page"}],"author":[{"embeddable":true,"href":"https:\/\/www.sucresuites.com\/es\/wp-json\/wp\/v2\/users\/1"}],"replies":[{"embeddable":true,"href":"https:\/\/www.sucresuites.com\/es\/wp-json\/wp\/v2\/comments?post=644"}],"version-history":[{"count":12,"href":"https:\/\/www.sucresuites.com\/es\/wp-json\/wp\/v2\/pages\/644\/revisions"}],"predecessor-version":[{"id":5102,"href":"https:\/\/www.sucresuites.com\/es\/wp-json\/wp\/v2\/pages\/644\/revisions\/5102"}],"wp:attachment":[{"href":"https:\/\/www.sucresuites.com\/es\/wp-json\/wp\/v2\/media?parent=644"}],"curies":[{"name":"wp","href":"https:\/\/api.w.org\/{rel}","templated":true}]}}