{"id":5352,"date":"2024-08-26T16:42:30","date_gmt":"2024-08-26T19:42:30","guid":{"rendered":"https:\/\/www.sucresuites.com\/?page_id=5352"},"modified":"2024-08-26T17:18:06","modified_gmt":"2024-08-26T20:18:06","slug":"alternativa-para-hospedarte-en-belgrano","status":"publish","type":"page","link":"https:\/\/www.sucresuites.com\/es\/alternativa-para-hospedarte-en-belgrano\/","title":{"rendered":"Alternativa Para Hospedarte en Belgrano"},"content":{"rendered":"\n<h1>\n\t\tDepartamentos amoblados con estilo y comodidad, ubicados en el coraz\u00f3n de Belgrano\n\t<\/h1>\n\t<p>Nuestros departamentos est\u00e1n dise\u00f1ados para ofrecerte un hogar lejos de casa, con todas las facilidades que hacen tu vida m\u00e1s f\u00e1cil. Con nosotros, tendr\u00e1s la tranquilidad de saber que tu estancia en Belgrano ser\u00e1 memorable, ya sea por unos d\u00edas o por una temporada m\u00e1s larga.<\/p>\n\t\t\t<a href=\"https:\/\/api.whatsapp.com\/send?phone=5491124002960+&#038;text=%C2%A1Hola!%20Quer%C3%ADa%20consultar%20por%20disponibilidad%20y%20precios%20cerca%20de%20Belgrano.%20%C2%A1Graciassss!\" target=\"_self\" rel=\"noopener\">\n\t\t\t\t\t\t\tConsult\u00e1 Disponibilidad\n\t\t\t<\/a>\n\t\t\t\t<img loading=\"lazy\" decoding=\"async\" src=\"https:\/\/i0.wp.com\/www.sucresuites.com\/wp-content\/uploads\/2024\/08\/google-reviews.jpg?resize=688%2C230&#038;ssl=1\" alt=\"Comentarios-google\" itemprop=\"image\" height=\"230\" width=\"688\" title=\"google-reviews\" onerror=\"this.style.display='none'\"  data-recalc-dims=\"1\" \/>\n\t\t\t\t<img loading=\"lazy\" decoding=\"async\" src=\"https:\/\/i0.wp.com\/www.sucresuites.com\/wp-content\/uploads\/2019\/05\/XXL-FAMILY-2.jpg?resize=688%2C515&#038;ssl=1\" alt=\"\" itemprop=\"image\" height=\"515\" width=\"688\" onerror=\"this.style.display='none'\"  data-recalc-dims=\"1\" \/>\n\t\t\t\t<img loading=\"lazy\" decoding=\"async\" src=\"https:\/\/i0.wp.com\/www.sucresuites.com\/wp-content\/uploads\/2019\/05\/deluxe-apart-2.jpg?resize=688%2C517&#038;ssl=1\" alt=\"\" itemprop=\"image\" height=\"517\" width=\"688\" onerror=\"this.style.display='none'\"  data-recalc-dims=\"1\" \/>\n\t\t\t\t<img loading=\"lazy\" decoding=\"async\" src=\"https:\/\/i0.wp.com\/www.sucresuites.com\/wp-content\/uploads\/2019\/05\/XL-STUDIO-APART-BALCONY-2.jpg?resize=688%2C517&#038;ssl=1\" alt=\"\" itemprop=\"image\" height=\"517\" width=\"688\" onerror=\"this.style.display='none'\"  data-recalc-dims=\"1\" \/>\n\t\t\t\t<img loading=\"lazy\" decoding=\"async\" src=\"https:\/\/i0.wp.com\/www.sucresuites.com\/wp-content\/uploads\/2019\/05\/STUDIO-APART-BALCONY-2.jpg?resize=688%2C510&#038;ssl=1\" alt=\"\" itemprop=\"image\" height=\"510\" width=\"688\" onerror=\"this.style.display='none'\"  data-recalc-dims=\"1\" \/>\n\t\t\t\t<img loading=\"lazy\" decoding=\"async\" src=\"https:\/\/i0.wp.com\/www.sucresuites.com\/wp-content\/uploads\/2019\/05\/STUDIO-APART-2.jpg?resize=688%2C507&#038;ssl=1\" alt=\"\" itemprop=\"image\" height=\"507\" width=\"688\" onerror=\"this.style.display='none'\"  data-recalc-dims=\"1\" \/>\n<h2>\n\t\tMuy cerca de todo!\n\t<\/h2>\n\t<p>A tan solo 4 cuadras del Instituto Fleni. Pacientes y familiares eligen Sucre Suites cuando tienen internaciones.<\/p>\n\t<p>A tan solo 4 cuadras del Instituto ICBA. Pacientes y familiares tambi\u00e9n eligen Sucre Suites cuando tienen internaciones.<\/p>\n\t<p>Vivamus magna justo, lacinia eget consectetur sed, convallis at tell. Praesent sapien massa, convallis lorem ipsum.<\/p>\n\t<p>A metros del nuevo paseo gastron\u00f3mico Via Viva. Encontr\u00e1 una amplia oferta gastron\u00f3mica.<\/p>\n\t<p>A 13 minutos del Aeroparque Jorge Newbery. Si ten\u00e9s una escala de un d\u00eda Sucre Suites es ideal para pasajeros en escala.<\/p>\n\t<p>Vivamus magna justo, lacinia eget consectetur sed, convallis at tell. Praesent sapien massa, convallis lorem ipsum.<\/p>\n\t<p>A 10 minutos del ITBA, Sucre Suites es una excelente opci\u00f3n a estudiantes que viven en el interior del pa\u00eds<\/p>\n\t\t\t\t<img loading=\"lazy\" decoding=\"async\" src=\"https:\/\/i0.wp.com\/www.sucresuites.com\/wp-content\/uploads\/2020\/05\/sucre-1.png?resize=688%2C227&#038;ssl=1\" alt=\"sucre-1\" itemprop=\"image\" height=\"227\" width=\"688\" title=\"sucre-1\" onerror=\"this.style.display='none'\"  data-recalc-dims=\"1\" \/>\n<h2>\n\t\tNuestros Clientes\n\t<\/h2>\n\t<strong>Gerardo H Badoglio<\/strong><br \/>\nPor trabajo, viajo mucho y visito muchos hoteles, as\u00ed que puedo decir que fue una experiencia superadora en todos los sentidos. Calidez y predisposici\u00f3n desde el momento en que llam\u00e9 para consultar. El lugar parece reci\u00e9n estrenado, prolijo, super limpio, la cama muy c\u00f3moda, el ba\u00f1o impecable. Se llega f\u00e1cil y hay cocheras cada media cuadra. Relaci\u00f3n precio\/calidad excelente. SUPER RECOMENDABLE. \u2b50\u2b50\u2b50\u2b50\u2b50\n\t<strong>Marie Virardi<\/strong><br \/>\nBuen servicio y gran amabilidad desde el primer llamado. Nos ayud\u00f3 mucho el acceso aut\u00f3nomo. Limpio y bien equipado. Recomendable.\u2b50\u2b50\u2b50\u2b50\u2b50\n\t<strong>Sergio Levy<\/strong><br \/>\nExcelente ubicaci\u00f3n. Muy lindo el departamento para 4 personas . Estacionamiento pago muy cerca de los departamentos!! Excelente atenci\u00f3n de las personas de recepci\u00f3n !!\u2b50\u2b50\u2b50\u2b50\u2b50\n\t\t\t<a href=\"https:\/\/api.whatsapp.com\/send?phone=5491124002960+&#038;text=%C2%A1Hola!%20Quer%C3%ADa%20consultar%20por%20disponibilidad%20y%20precios%20cerca%20de%20Belgrano.%20%C2%A1Graciassss!\" target=\"_self\" rel=\"noopener\">\n\t\t\t\t\t\t\tConsult\u00e1 Disponibilidad\n\t\t\t<\/a>\n\t\t\t\t<img decoding=\"async\" src=\"https:\/\/i0.wp.com\/www.sucresuites.com\/wp-content\/plugins\/beaver-builder-lite-version\/img\/pixel.png?w=688&#038;ssl=1\" alt=\"\" itemprop=\"image\" onerror=\"this.style.display='none'\"  data-recalc-dims=\"1\" \/>\n\t<strong>Pablo Barberis<\/strong><br \/>\nTodo muy bien, Excelente atenci\u00f3n, el personal muy atento en todo lo que necesitamos. El departamento muy limpio y ordenado y la ubicaci\u00f3n tambi\u00e9n es muy buena.. 100% recomendable! Volveremos pronto! \u2b50\u2b50\u2b50\u2b50\u2b50\n\t<strong>Julieta Rojas<\/strong><br \/>\nAgradecida a los chicos de recepci\u00f3n que nos han recibido y tratado de la mejor manera. La suite, hermosa, muy bien iluminada y equipada. La ropa blanca impecable, la cama muy c\u00f3moda. La ubicaci\u00f3n excelente pero, lo que m\u00e1s quiero destacar es el buen trato!!! Much\u00edsimas gracias por recibirnos\u2b50\u2b50\u2b50\u2b50\u2b50\n\t\t\t\t<a href=\"https:\/\/www.google.com\/maps\/place\/Sucre+Suites\/@-34.5590756,-58.4496591,17z\/data=!4m8!3m7!1s0x95bcb5cc617ccee9:0x6212cc651f83b3a8!8m2!3d-34.5590756!4d-58.4470842!9m1!1b1!16s%2Fg%2F11g6mf08qk?entry=ttu&#038;g_ep=EgoyMDI0MDgyMS4wIKXMDSoASAFQAw%3D%3D\" target=\"_blank\" rel=\"noopener nofollow\" itemprop=\"url\">\n\t\t\t\t<img loading=\"lazy\" decoding=\"async\" src=\"https:\/\/i0.wp.com\/www.sucresuites.com\/wp-content\/uploads\/2024\/08\/google-reviews.jpg?resize=688%2C230&#038;ssl=1\" alt=\"Comentarios-google\" itemprop=\"image\" height=\"230\" width=\"688\" title=\"google-reviews\" onerror=\"this.style.display='none'\"  data-recalc-dims=\"1\" \/>\n\t\t\t\t<\/a>\n\t\t\t\t<img loading=\"lazy\" decoding=\"async\" src=\"https:\/\/i0.wp.com\/www.sucresuites.com\/wp-content\/uploads\/2019\/05\/VZO01564-1-scaled.jpg?resize=688%2C1030&#038;ssl=1\" alt=\"VZO01564 (1)\" itemprop=\"image\" height=\"1030\" width=\"688\" title=\"VZO01564 (1)\" onerror=\"this.style.display='none'\"  data-recalc-dims=\"1\" \/>\n<h2>\n\t\tNo te pierdas conocer la experiencia Sucre Suites!\n\t<\/h2>\n\t<p>Consult\u00e1 ahora y consegu\u00ed la mejor tarifa disponible. No lo dudes. Estamos esperando tu mensaje para resolver todas tus consultas.<\/p>\n<p>&nbsp;<\/p>\n\t\t\t<a href=\"https:\/\/api.whatsapp.com\/send?phone=5491124002960+&#038;text=%C2%A1Hola!%20Quer%C3%ADa%20consultar%20por%20disponibilidad%20y%20precios%20cerca%20de%20Belgrano.%20%C2%A1Graciassss!\" target=\"_self\" rel=\"noopener\">\n\t\t\t\t\t\t\tConsult\u00e1 Disponibilidad\n\t\t\t<\/a>\n\n","protected":false},"excerpt":{"rendered":"<p>Departamentos amoblados con estilo y comodidad, ubicados en el coraz\u00f3n de Belgrano Nuestros departamentos est\u00e1n dise\u00f1ados para ofrecerte un hogar&hellip;<\/p>\n","protected":false},"author":1,"featured_media":0,"parent":0,"menu_order":0,"comment_status":"closed","ping_status":"closed","template":"","meta":{"footnotes":""},"class_list":["post-5352","page","type-page","status-publish","hentry"],"yoast_head":"<!-- This site is optimized with the Yoast SEO plugin v21.0 - https:\/\/yoast.com\/wordpress\/plugins\/seo\/ -->\n<title>Alternativa Para Hospedarte en Belgrano |<\/title>\n<meta name=\"robots\" content=\"index, follow, max-snippet:-1, max-image-preview:large, max-video-preview:-1\" \/>\n<link rel=\"canonical\" href=\"https:\/\/www.sucresuites.com\/es\/alternativa-para-hospedarte-en-belgrano\/\" \/>\n<meta property=\"og:locale\" content=\"es_ES\" \/>\n<meta property=\"og:type\" content=\"article\" \/>\n<meta property=\"og:title\" content=\"Alternativa Para Hospedarte en Belgrano |\" \/>\n<meta property=\"og:description\" content=\"Departamentos amoblados con estilo y comodidad, ubicados en el coraz\u00f3n de Belgrano Nuestros departamentos est\u00e1n dise\u00f1ados para ofrecerte un hogar&hellip;\" \/>\n<meta property=\"og:url\" content=\"https:\/\/www.sucresuites.com\/es\/alternativa-para-hospedarte-en-belgrano\/\" \/>\n<meta property=\"article:publisher\" content=\"https:\/\/www.facebook.com\/Sucresuites\/\" \/>\n<meta property=\"article:modified_time\" content=\"2024-08-26T20:18:06+00:00\" \/>\n<meta property=\"og:image\" content=\"https:\/\/www.sucresuites.com\/wp-content\/uploads\/2024\/08\/google-reviews.jpg\" \/>\n<meta name=\"twitter:card\" content=\"summary_large_image\" \/>\n<script type=\"application\/ld+json\" class=\"yoast-schema-graph\">{\"@context\":\"https:\/\/schema.org\",\"@graph\":[{\"@type\":\"WebPage\",\"@id\":\"https:\/\/www.sucresuites.com\/es\/alternativa-para-hospedarte-en-belgrano\/\",\"url\":\"https:\/\/www.sucresuites.com\/es\/alternativa-para-hospedarte-en-belgrano\/\",\"name\":\"Alternativa Para Hospedarte en Belgrano |\",\"isPartOf\":{\"@id\":\"https:\/\/www.sucresuites.com\/es\/#website\"},\"datePublished\":\"2024-08-26T19:42:30+00:00\",\"dateModified\":\"2024-08-26T20:18:06+00:00\",\"breadcrumb\":{\"@id\":\"https:\/\/www.sucresuites.com\/es\/alternativa-para-hospedarte-en-belgrano\/#breadcrumb\"},\"inLanguage\":\"es-AR\",\"potentialAction\":[{\"@type\":\"ReadAction\",\"target\":[\"https:\/\/www.sucresuites.com\/es\/alternativa-para-hospedarte-en-belgrano\/\"]}]},{\"@type\":\"BreadcrumbList\",\"@id\":\"https:\/\/www.sucresuites.com\/es\/alternativa-para-hospedarte-en-belgrano\/#breadcrumb\",\"itemListElement\":[{\"@type\":\"ListItem\",\"position\":1,\"name\":\"Portada\",\"item\":\"https:\/\/www.sucresuites.com\/\"},{\"@type\":\"ListItem\",\"position\":2,\"name\":\"Alternativa Para Hospedarte en Belgrano\"}]},{\"@type\":\"WebSite\",\"@id\":\"https:\/\/www.sucresuites.com\/es\/#website\",\"url\":\"https:\/\/www.sucresuites.com\/es\/\",\"name\":\"\",\"description\":\"Apartamentos Temporarios\",\"publisher\":{\"@id\":\"https:\/\/www.sucresuites.com\/es\/#organization\"},\"potentialAction\":[{\"@type\":\"SearchAction\",\"target\":{\"@type\":\"EntryPoint\",\"urlTemplate\":\"https:\/\/www.sucresuites.com\/es\/?s={search_term_string}\"},\"query-input\":\"required name=search_term_string\"}],\"inLanguage\":\"es-AR\"},{\"@type\":\"Organization\",\"@id\":\"https:\/\/www.sucresuites.com\/es\/#organization\",\"name\":\"Sucre Suites\",\"url\":\"https:\/\/www.sucresuites.com\/es\/\",\"logo\":{\"@type\":\"ImageObject\",\"inLanguage\":\"es-AR\",\"@id\":\"https:\/\/www.sucresuites.com\/es\/#\/schema\/logo\/image\/\",\"url\":\"https:\/\/i0.wp.com\/www.sucresuites.com\/wp-content\/uploads\/2018\/02\/Selection_013.png?fit=338%2C95\",\"contentUrl\":\"https:\/\/i0.wp.com\/www.sucresuites.com\/wp-content\/uploads\/2018\/02\/Selection_013.png?fit=338%2C95\",\"width\":338,\"height\":95,\"caption\":\"Sucre Suites\"},\"image\":{\"@id\":\"https:\/\/www.sucresuites.com\/es\/#\/schema\/logo\/image\/\"},\"sameAs\":[\"https:\/\/www.facebook.com\/Sucresuites\/\"]}]}<\/script>\n<!-- \/ Yoast SEO plugin. -->","yoast_head_json":{"title":"Alternativa Para Hospedarte en Belgrano |","robots":{"index":"index","follow":"follow","max-snippet":"max-snippet:-1","max-image-preview":"max-image-preview:large","max-video-preview":"max-video-preview:-1"},"canonical":"https:\/\/www.sucresuites.com\/es\/alternativa-para-hospedarte-en-belgrano\/","og_locale":"es_ES","og_type":"article","og_title":"Alternativa Para Hospedarte en Belgrano |","og_description":"Departamentos amoblados con estilo y comodidad, ubicados en el coraz\u00f3n de Belgrano Nuestros departamentos est\u00e1n dise\u00f1ados para ofrecerte un hogar&hellip;","og_url":"https:\/\/www.sucresuites.com\/es\/alternativa-para-hospedarte-en-belgrano\/","article_publisher":"https:\/\/www.facebook.com\/Sucresuites\/","article_modified_time":"2024-08-26T20:18:06+00:00","og_image":[{"url":"https:\/\/www.sucresuites.com\/wp-content\/uploads\/2024\/08\/google-reviews.jpg"}],"twitter_card":"summary_large_image","schema":{"@context":"https:\/\/schema.org","@graph":[{"@type":"WebPage","@id":"https:\/\/www.sucresuites.com\/es\/alternativa-para-hospedarte-en-belgrano\/","url":"https:\/\/www.sucresuites.com\/es\/alternativa-para-hospedarte-en-belgrano\/","name":"Alternativa Para Hospedarte en Belgrano |","isPartOf":{"@id":"https:\/\/www.sucresuites.com\/es\/#website"},"datePublished":"2024-08-26T19:42:30+00:00","dateModified":"2024-08-26T20:18:06+00:00","breadcrumb":{"@id":"https:\/\/www.sucresuites.com\/es\/alternativa-para-hospedarte-en-belgrano\/#breadcrumb"},"inLanguage":"es-AR","potentialAction":[{"@type":"ReadAction","target":["https:\/\/www.sucresuites.com\/es\/alternativa-para-hospedarte-en-belgrano\/"]}]},{"@type":"BreadcrumbList","@id":"https:\/\/www.sucresuites.com\/es\/alternativa-para-hospedarte-en-belgrano\/#breadcrumb","itemListElement":[{"@type":"ListItem","position":1,"name":"Portada","item":"https:\/\/www.sucresuites.com\/"},{"@type":"ListItem","position":2,"name":"Alternativa Para Hospedarte en Belgrano"}]},{"@type":"WebSite","@id":"https:\/\/www.sucresuites.com\/es\/#website","url":"https:\/\/www.sucresuites.com\/es\/","name":"","description":"Apartamentos Temporarios","publisher":{"@id":"https:\/\/www.sucresuites.com\/es\/#organization"},"potentialAction":[{"@type":"SearchAction","target":{"@type":"EntryPoint","urlTemplate":"https:\/\/www.sucresuites.com\/es\/?s={search_term_string}"},"query-input":"required name=search_term_string"}],"inLanguage":"es-AR"},{"@type":"Organization","@id":"https:\/\/www.sucresuites.com\/es\/#organization","name":"Sucre Suites","url":"https:\/\/www.sucresuites.com\/es\/","logo":{"@type":"ImageObject","inLanguage":"es-AR","@id":"https:\/\/www.sucresuites.com\/es\/#\/schema\/logo\/image\/","url":"https:\/\/i0.wp.com\/www.sucresuites.com\/wp-content\/uploads\/2018\/02\/Selection_013.png?fit=338%2C95","contentUrl":"https:\/\/i0.wp.com\/www.sucresuites.com\/wp-content\/uploads\/2018\/02\/Selection_013.png?fit=338%2C95","width":338,"height":95,"caption":"Sucre Suites"},"image":{"@id":"https:\/\/www.sucresuites.com\/es\/#\/schema\/logo\/image\/"},"sameAs":["https:\/\/www.facebook.com\/Sucresuites\/"]}]}},"jetpack_sharing_enabled":true,"jetpack_shortlink":"https:\/\/wp.me\/P9I0kO-1ok","_links":{"self":[{"href":"https:\/\/www.sucresuites.com\/es\/wp-json\/wp\/v2\/pages\/5352","targetHints":{"allow":["GET"]}}],"collection":[{"href":"https:\/\/www.sucresuites.com\/es\/wp-json\/wp\/v2\/pages"}],"about":[{"href":"https:\/\/www.sucresuites.com\/es\/wp-json\/wp\/v2\/types\/page"}],"author":[{"embeddable":true,"href":"https:\/\/www.sucresuites.com\/es\/wp-json\/wp\/v2\/users\/1"}],"replies":[{"embeddable":true,"href":"https:\/\/www.sucresuites.com\/es\/wp-json\/wp\/v2\/comments?post=5352"}],"version-history":[{"count":5,"href":"https:\/\/www.sucresuites.com\/es\/wp-json\/wp\/v2\/pages\/5352\/revisions"}],"predecessor-version":[{"id":5358,"href":"https:\/\/www.sucresuites.com\/es\/wp-json\/wp\/v2\/pages\/5352\/revisions\/5358"}],"wp:attachment":[{"href":"https:\/\/www.sucresuites.com\/es\/wp-json\/wp\/v2\/media?parent=5352"}],"curies":[{"name":"wp","href":"https:\/\/api.w.org\/{rel}","templated":true}]}}