{"id":426,"date":"2017-02-28T06:36:29","date_gmt":"2017-02-28T13:36:29","guid":{"rendered":"https:\/\/www.sucresuites.com\/?page_id=426"},"modified":"2025-04-10T12:24:16","modified_gmt":"2025-04-10T15:24:16","slug":"apartamento-studio-con-balcon","status":"publish","type":"page","link":"https:\/\/www.sucresuites.com\/es\/apartamento-studio-con-balcon\/","title":{"rendered":"STUDIO APART WITH BALCONY"},"content":{"rendered":"\n<div style=\"height:29px\" aria-hidden=\"true\" class=\"wp-block-spacer\"><\/div>\n\n\n\n\n\n\n<div style=\"height:29px\" aria-hidden=\"true\" class=\"wp-block-spacer\"><\/div>\n\n\n\n<div style=\"height:59px\" aria-hidden=\"true\" class=\"wp-block-spacer\"><\/div>\n\n\n\n<div class=\"wp-block-buttons is-content-justification-center is-layout-flex wp-container-core-buttons-is-layout-16018d1d wp-block-buttons-is-layout-flex\">\n<div class=\"wp-block-button is-style-fill\"><a class=\"wp-block-button__link wp-element-button\" href=\"https:\/\/hotels.cloudbeds.com\/reservation\/3I69bq\" target=\"_blank\" rel=\"noreferrer noopener\">QUIERO RESERVAR<\/a><\/div>\n<\/div>\n\n\n\n<p class=\"has-medium-font-size\">El <strong>Studio Apart with Balcony<\/strong> de Sucre Suites, cuenta con 32 m2 de superficie con un balc\u00f3n que recorre todo el apartamento, disponible para dos personas. La unidad est\u00e1 equipada para tener una estad\u00eda confortable y de completa autonom\u00eda. <\/p>\n\n\n\n<p class=\"has-medium-font-size\">El apartamento es <strong>100% el\u00e9ctrico<\/strong> siendo mucho mas seguro y eco-friendly.<\/p>\n\n\n\n<div style=\"height:44px\" aria-hidden=\"true\" class=\"wp-block-spacer\"><\/div>\n\n\n\n\n\n<ul class=\"wp-block-list\">\n<li>Cocina completa con utensillos                        <\/li>\n\n\n\n<li>Heladera con freezer<\/li>\n\n\n\n<li>Anafe (se puede solicitar horno el\u00e9ctrico) <\/li>\n\n\n\n<li>Microondas<\/li>\n\n\n\n<li>Pava el\u00e9ctrica<\/li>\n\n\n\n<li>Tostadora<\/li>\n\n\n\n<li>Cafetera<\/li>\n\n\n\n<li>Cama Sommier de 1.60 x 1.90 con s\u00e1banas<\/li>\n\n\n\n<li>Placard<\/li>\n\n\n\n<li>Perchero<\/li>\n\n\n\n<li>Mesa de comedor con sillas tipo n\u00f3rdicas<\/li>\n\n\n\n<li>Mesa de balc\u00f3n con sillas<\/li>\n\n\n\n<li>Ba\u00f1o completo (jab\u00f3n, shampoo, ducha, ba\u00f1era, toallas y secador de pelo)<\/li>\n\n\n\n<li>Plancha de ropa (solicitar en recepci\u00f3n)<\/li>\n\n\n\n<li>Tender para ropa (solicitar  en recepci\u00f3n)<\/li>\n\n\n\n<li>Tv smart con cable<\/li>\n\n\n\n<li>Wifi<\/li>\n\n\n\n<li>Netflix<\/li>\n\n\n\n<li>Aire acondicionado fr\u00edo\/calor<\/li>\n<\/ul>\n\n\n\n<div style=\"height:23px\" aria-hidden=\"true\" class=\"wp-block-spacer\"><\/div>\n\n\n<div class=\"wp-block-image\">\n<figure class=\"aligncenter size-large is-resized\"><img loading=\"lazy\" decoding=\"async\" width=\"1973\" height=\"321\" src=\"https:\/\/i0.wp.com\/www.sucresuites.com\/wp-content\/uploads\/2022\/02\/QUE-HAY-CERCA.jpg?fit=688%2C112\" alt=\"\" class=\"wp-image-2554\" style=\"width:384px;height:62px\" srcset=\"https:\/\/i0.wp.com\/www.sucresuites.com\/wp-content\/uploads\/2022\/02\/QUE-HAY-CERCA.jpg?w=1973&amp;ssl=1 1973w, https:\/\/i0.wp.com\/www.sucresuites.com\/wp-content\/uploads\/2022\/02\/QUE-HAY-CERCA.jpg?resize=300%2C49&amp;ssl=1 300w, https:\/\/i0.wp.com\/www.sucresuites.com\/wp-content\/uploads\/2022\/02\/QUE-HAY-CERCA.jpg?resize=1024%2C167&amp;ssl=1 1024w, https:\/\/i0.wp.com\/www.sucresuites.com\/wp-content\/uploads\/2022\/02\/QUE-HAY-CERCA.jpg?resize=768%2C125&amp;ssl=1 768w, https:\/\/i0.wp.com\/www.sucresuites.com\/wp-content\/uploads\/2022\/02\/QUE-HAY-CERCA.jpg?resize=1536%2C250&amp;ssl=1 1536w, https:\/\/i0.wp.com\/www.sucresuites.com\/wp-content\/uploads\/2022\/02\/QUE-HAY-CERCA.jpg?resize=1600%2C260&amp;ssl=1 1600w, https:\/\/i0.wp.com\/www.sucresuites.com\/wp-content\/uploads\/2022\/02\/QUE-HAY-CERCA.jpg?w=1376&amp;ssl=1 1376w\" sizes=\"auto, (max-width: 688px) 100vw, 688px\" \/><\/figure>\n<\/div>\n\n\n<div class=\"wp-block-media-text alignwide is-stacked-on-mobile is-vertically-aligned-center\" style=\"grid-template-columns:15% auto\"><figure class=\"wp-block-media-text__media\"><img loading=\"lazy\" decoding=\"async\" width=\"378\" height=\"377\" src=\"https:\/\/i0.wp.com\/www.sucresuites.com\/wp-content\/uploads\/2022\/02\/COMERCIOS.jpg?resize=378%2C377&#038;ssl=1\" alt=\"\" class=\"wp-image-2557 size-full\" srcset=\"https:\/\/i0.wp.com\/www.sucresuites.com\/wp-content\/uploads\/2022\/02\/COMERCIOS.jpg?w=378&amp;ssl=1 378w, https:\/\/i0.wp.com\/www.sucresuites.com\/wp-content\/uploads\/2022\/02\/COMERCIOS.jpg?resize=300%2C300&amp;ssl=1 300w, https:\/\/i0.wp.com\/www.sucresuites.com\/wp-content\/uploads\/2022\/02\/COMERCIOS.jpg?resize=150%2C150&amp;ssl=1 150w\" sizes=\"auto, (max-width: 378px) 100vw, 378px\" data-recalc-dims=\"1\" \/><\/figure><div class=\"wp-block-media-text__content\">\n<p class=\"has-medium-font-size\">&gt;&gt; Amplia zona comercial:<br>&#8211; Lugares gastron\u00f3micos<br>&#8211; Supermercados<br>&#8211; Estaciones de servicios  <br>&#8211; Bancos, kioscos, etc. <\/p>\n<\/div><\/div>\n\n\n\n<div class=\"wp-block-media-text alignwide is-stacked-on-mobile\" style=\"grid-template-columns:15% auto\"><figure class=\"wp-block-media-text__media\"><img loading=\"lazy\" decoding=\"async\" width=\"377\" height=\"378\" src=\"https:\/\/i0.wp.com\/www.sucresuites.com\/wp-content\/uploads\/2022\/02\/AIRE-LIBRE.jpg?resize=377%2C378&#038;ssl=1\" alt=\"\" class=\"wp-image-2566 size-full\" srcset=\"https:\/\/i0.wp.com\/www.sucresuites.com\/wp-content\/uploads\/2022\/02\/AIRE-LIBRE.jpg?w=377&amp;ssl=1 377w, https:\/\/i0.wp.com\/www.sucresuites.com\/wp-content\/uploads\/2022\/02\/AIRE-LIBRE.jpg?resize=300%2C300&amp;ssl=1 300w, https:\/\/i0.wp.com\/www.sucresuites.com\/wp-content\/uploads\/2022\/02\/AIRE-LIBRE.jpg?resize=150%2C150&amp;ssl=1 150w\" sizes=\"auto, (max-width: 377px) 100vw, 377px\" data-recalc-dims=\"1\" \/><\/figure><div class=\"wp-block-media-text__content\">\n<p class=\"has-medium-font-size\">&gt;&gt; Espacios al aire libre:<br>&#8211; Barrancas de Belgrano<br>&#8211; Barrio Chino<br>&#8211; Lagos de Palermo<br>&#8211; Pasaje Echeverr\u00eda<br>&#8211; Plaza Serrano <\/p>\n<\/div><\/div>\n\n\n\n<div class=\"wp-block-media-text alignwide is-stacked-on-mobile\" style=\"grid-template-columns:15% auto\"><figure class=\"wp-block-media-text__media\"><img loading=\"lazy\" decoding=\"async\" width=\"378\" height=\"378\" src=\"https:\/\/i0.wp.com\/www.sucresuites.com\/wp-content\/uploads\/2022\/02\/atracciones.jpg?resize=378%2C378&#038;ssl=1\" alt=\"\" class=\"wp-image-2569 size-full\" srcset=\"https:\/\/i0.wp.com\/www.sucresuites.com\/wp-content\/uploads\/2022\/02\/atracciones.jpg?w=378&amp;ssl=1 378w, https:\/\/i0.wp.com\/www.sucresuites.com\/wp-content\/uploads\/2022\/02\/atracciones.jpg?resize=300%2C300&amp;ssl=1 300w, https:\/\/i0.wp.com\/www.sucresuites.com\/wp-content\/uploads\/2022\/02\/atracciones.jpg?resize=150%2C150&amp;ssl=1 150w\" sizes=\"auto, (max-width: 378px) 100vw, 378px\" data-recalc-dims=\"1\" \/><\/figure><div class=\"wp-block-media-text__content\">\n<p class=\"has-medium-font-size\">&gt;&gt; Atracciones: <br>&#8211; Museo River Plate<br>&#8211; Museo de Arte Espa\u00f1ol Larreta<br>&#8211; Museo de Arte Latinoamericano (MALBA)<br>&#8211; Museo Nacional Bellas Artes <br><\/p>\n<\/div><\/div>\n\n\n\n\n\n<div class=\"wp-block-cover aligncenter is-light\"><span aria-hidden=\"true\" class=\"wp-block-cover__background has-quinary-background-color has-background-dim-100 has-background-dim\"><\/span><div class=\"wp-block-cover__inner-container is-layout-flow wp-block-cover-is-layout-flow\">\n<hr class=\"wp-block-separator has-css-opacity is-style-default\"\/>\n\n\n\n<p class=\"has-text-align-center has-secondary-color has-text-color has-link-color has-medium-font-size wp-elements-4900a9632f5d441b332ac04ddbdd3963\"><br><strong>SUCRE SUITES<\/strong><br>Monta\u00f1eses 1866, Belgrano &#8211; CABA<br>Buenos Aires, Argentina<br>Horarios de Recepci\u00f3n: 08:30 a 20:30 hs.<br> Tel:<a href=\"tel:+5491124992960\" target=\"_blank\" rel=\"noreferrer noopener\"><strong><mark style=\"background-color:rgba(0, 0, 0, 0)\" class=\"has-inline-color has-primary-color\">+5491124002960<\/mark><\/strong><\/a><br>&nbsp;<a href=\"mailto:hola@sucresuites.com\" target=\"_blank\" rel=\"noreferrer noopener\">hola@sucresuites.com<\/a><\/p>\n\n\n\n<ul class=\"wp-block-social-links aligncenter has-huge-icon-size is-style-logos-only is-content-justification-center is-layout-flex wp-container-core-social-links-is-layout-16018d1d wp-block-social-links-is-layout-flex\"><li class=\"wp-social-link wp-social-link-instagram  wp-block-social-link\"><a rel=\"noopener nofollow\" target=\"_blank\" href=\"https:\/\/www.instagram.com\/sucresuites\/?hl=es-la\" class=\"wp-block-social-link-anchor\"><svg width=\"24\" height=\"24\" viewBox=\"0 0 24 24\" version=\"1.1\" xmlns=\"http:\/\/www.w3.org\/2000\/svg\" aria-hidden=\"true\" focusable=\"false\"><path d=\"M12,4.622c2.403,0,2.688,0.009,3.637,0.052c0.877,0.04,1.354,0.187,1.671,0.31c0.42,0.163,0.72,0.358,1.035,0.673 c0.315,0.315,0.51,0.615,0.673,1.035c0.123,0.317,0.27,0.794,0.31,1.671c0.043,0.949,0.052,1.234,0.052,3.637 s-0.009,2.688-0.052,3.637c-0.04,0.877-0.187,1.354-0.31,1.671c-0.163,0.42-0.358,0.72-0.673,1.035 c-0.315,0.315-0.615,0.51-1.035,0.673c-0.317,0.123-0.794,0.27-1.671,0.31c-0.949,0.043-1.233,0.052-3.637,0.052 s-2.688-0.009-3.637-0.052c-0.877-0.04-1.354-0.187-1.671-0.31c-0.42-0.163-0.72-0.358-1.035-0.673 c-0.315-0.315-0.51-0.615-0.673-1.035c-0.123-0.317-0.27-0.794-0.31-1.671C4.631,14.688,4.622,14.403,4.622,12 s0.009-2.688,0.052-3.637c0.04-0.877,0.187-1.354,0.31-1.671c0.163-0.42,0.358-0.72,0.673-1.035 c0.315-0.315,0.615-0.51,1.035-0.673c0.317-0.123,0.794-0.27,1.671-0.31C9.312,4.631,9.597,4.622,12,4.622 M12,3 C9.556,3,9.249,3.01,8.289,3.054C7.331,3.098,6.677,3.25,6.105,3.472C5.513,3.702,5.011,4.01,4.511,4.511 c-0.5,0.5-0.808,1.002-1.038,1.594C3.25,6.677,3.098,7.331,3.054,8.289C3.01,9.249,3,9.556,3,12c0,2.444,0.01,2.751,0.054,3.711 c0.044,0.958,0.196,1.612,0.418,2.185c0.23,0.592,0.538,1.094,1.038,1.594c0.5,0.5,1.002,0.808,1.594,1.038 c0.572,0.222,1.227,0.375,2.185,0.418C9.249,20.99,9.556,21,12,21s2.751-0.01,3.711-0.054c0.958-0.044,1.612-0.196,2.185-0.418 c0.592-0.23,1.094-0.538,1.594-1.038c0.5-0.5,0.808-1.002,1.038-1.594c0.222-0.572,0.375-1.227,0.418-2.185 C20.99,14.751,21,14.444,21,12s-0.01-2.751-0.054-3.711c-0.044-0.958-0.196-1.612-0.418-2.185c-0.23-0.592-0.538-1.094-1.038-1.594 c-0.5-0.5-1.002-0.808-1.594-1.038c-0.572-0.222-1.227-0.375-2.185-0.418C14.751,3.01,14.444,3,12,3L12,3z M12,7.378 c-2.552,0-4.622,2.069-4.622,4.622S9.448,16.622,12,16.622s4.622-2.069,4.622-4.622S14.552,7.378,12,7.378z M12,15 c-1.657,0-3-1.343-3-3s1.343-3,3-3s3,1.343,3,3S13.657,15,12,15z M16.804,6.116c-0.596,0-1.08,0.484-1.08,1.08 s0.484,1.08,1.08,1.08c0.596,0,1.08-0.484,1.08-1.08S17.401,6.116,16.804,6.116z\"><\/path><\/svg><span class=\"wp-block-social-link-label screen-reader-text\">Instagram<\/span><\/a><\/li>\n\n<li class=\"wp-social-link wp-social-link-facebook  wp-block-social-link\"><a rel=\"noopener nofollow\" target=\"_blank\" href=\"https:\/\/www.facebook.com\/Sucresuites\/?ref=pages_you_manage\" class=\"wp-block-social-link-anchor\"><svg width=\"24\" height=\"24\" viewBox=\"0 0 24 24\" version=\"1.1\" xmlns=\"http:\/\/www.w3.org\/2000\/svg\" aria-hidden=\"true\" focusable=\"false\"><path d=\"M12 2C6.5 2 2 6.5 2 12c0 5 3.7 9.1 8.4 9.9v-7H7.9V12h2.5V9.8c0-2.5 1.5-3.9 3.8-3.9 1.1 0 2.2.2 2.2.2v2.5h-1.3c-1.2 0-1.6.8-1.6 1.6V12h2.8l-.4 2.9h-2.3v7C18.3 21.1 22 17 22 12c0-5.5-4.5-10-10-10z\"><\/path><\/svg><span class=\"wp-block-social-link-label screen-reader-text\">Facebook<\/span><\/a><\/li><\/ul>\n<\/div><\/div>\n\n\n\n<p><\/p>\n","protected":false},"excerpt":{"rendered":"<p>El Studio Apart with Balcony de Sucre Suites, cuenta con 32 m2 de superficie con un balc\u00f3n que recorre todo&hellip;<\/p>\n","protected":false},"author":1,"featured_media":0,"parent":0,"menu_order":0,"comment_status":"closed","ping_status":"closed","template":"","meta":{"footnotes":""},"class_list":["post-426","page","type-page","status-publish","hentry"],"yoast_head":"<!-- This site is optimized with the Yoast SEO plugin v21.0 - https:\/\/yoast.com\/wordpress\/plugins\/seo\/ -->\n<title>STUDIO APART WITH BALCONY |<\/title>\n<meta name=\"robots\" content=\"index, follow, max-snippet:-1, max-image-preview:large, max-video-preview:-1\" \/>\n<link rel=\"canonical\" href=\"https:\/\/www.sucresuites.com\/es\/apartamento-studio-con-balcon\/\" \/>\n<meta property=\"og:locale\" content=\"es_ES\" \/>\n<meta property=\"og:type\" content=\"article\" \/>\n<meta property=\"og:title\" content=\"STUDIO APART WITH BALCONY |\" \/>\n<meta property=\"og:description\" content=\"El Studio Apart with Balcony de Sucre Suites, cuenta con 32 m2 de superficie con un balc\u00f3n que recorre todo&hellip;\" \/>\n<meta property=\"og:url\" content=\"https:\/\/www.sucresuites.com\/es\/apartamento-studio-con-balcon\/\" \/>\n<meta property=\"article:publisher\" content=\"https:\/\/www.facebook.com\/Sucresuites\/\" \/>\n<meta property=\"article:modified_time\" content=\"2025-04-10T15:24:16+00:00\" \/>\n<meta property=\"og:image\" content=\"https:\/\/i0.wp.com\/www.sucresuites.com\/wp-content\/uploads\/2022\/02\/QUE-HAY-CERCA.jpg?fit=688%2C112\" \/>\n<meta name=\"twitter:card\" content=\"summary_large_image\" \/>\n<meta name=\"twitter:label1\" content=\"Tiempo de lectura\" \/>\n\t<meta name=\"twitter:data1\" content=\"2 minutos\" \/>\n<script type=\"application\/ld+json\" class=\"yoast-schema-graph\">{\"@context\":\"https:\/\/schema.org\",\"@graph\":[{\"@type\":\"WebPage\",\"@id\":\"https:\/\/www.sucresuites.com\/apartamento-studio-con-balcon\/\",\"url\":\"https:\/\/www.sucresuites.com\/apartamento-studio-con-balcon\/\",\"name\":\"STUDIO APART WITH BALCONY |\",\"isPartOf\":{\"@id\":\"https:\/\/www.sucresuites.com\/es\/#website\"},\"datePublished\":\"2017-02-28T13:36:29+00:00\",\"dateModified\":\"2025-04-10T15:24:16+00:00\",\"breadcrumb\":{\"@id\":\"https:\/\/www.sucresuites.com\/apartamento-studio-con-balcon\/#breadcrumb\"},\"inLanguage\":\"es-AR\",\"potentialAction\":[{\"@type\":\"ReadAction\",\"target\":[\"https:\/\/www.sucresuites.com\/apartamento-studio-con-balcon\/\"]}]},{\"@type\":\"BreadcrumbList\",\"@id\":\"https:\/\/www.sucresuites.com\/apartamento-studio-con-balcon\/#breadcrumb\",\"itemListElement\":[{\"@type\":\"ListItem\",\"position\":1,\"name\":\"Portada\",\"item\":\"https:\/\/www.sucresuites.com\/\"},{\"@type\":\"ListItem\",\"position\":2,\"name\":\"STUDIO APART WITH BALCONY\"}]},{\"@type\":\"WebSite\",\"@id\":\"https:\/\/www.sucresuites.com\/es\/#website\",\"url\":\"https:\/\/www.sucresuites.com\/es\/\",\"name\":\"\",\"description\":\"Apartamentos Temporarios\",\"publisher\":{\"@id\":\"https:\/\/www.sucresuites.com\/es\/#organization\"},\"potentialAction\":[{\"@type\":\"SearchAction\",\"target\":{\"@type\":\"EntryPoint\",\"urlTemplate\":\"https:\/\/www.sucresuites.com\/es\/?s={search_term_string}\"},\"query-input\":\"required name=search_term_string\"}],\"inLanguage\":\"es-AR\"},{\"@type\":\"Organization\",\"@id\":\"https:\/\/www.sucresuites.com\/es\/#organization\",\"name\":\"Sucre Suites\",\"url\":\"https:\/\/www.sucresuites.com\/es\/\",\"logo\":{\"@type\":\"ImageObject\",\"inLanguage\":\"es-AR\",\"@id\":\"https:\/\/www.sucresuites.com\/es\/#\/schema\/logo\/image\/\",\"url\":\"https:\/\/i0.wp.com\/www.sucresuites.com\/wp-content\/uploads\/2018\/02\/Selection_013.png?fit=338%2C95\",\"contentUrl\":\"https:\/\/i0.wp.com\/www.sucresuites.com\/wp-content\/uploads\/2018\/02\/Selection_013.png?fit=338%2C95\",\"width\":338,\"height\":95,\"caption\":\"Sucre Suites\"},\"image\":{\"@id\":\"https:\/\/www.sucresuites.com\/es\/#\/schema\/logo\/image\/\"},\"sameAs\":[\"https:\/\/www.facebook.com\/Sucresuites\/\"]}]}<\/script>\n<!-- \/ Yoast SEO plugin. -->","yoast_head_json":{"title":"STUDIO APART WITH BALCONY |","robots":{"index":"index","follow":"follow","max-snippet":"max-snippet:-1","max-image-preview":"max-image-preview:large","max-video-preview":"max-video-preview:-1"},"canonical":"https:\/\/www.sucresuites.com\/es\/apartamento-studio-con-balcon\/","og_locale":"es_ES","og_type":"article","og_title":"STUDIO APART WITH BALCONY |","og_description":"El Studio Apart with Balcony de Sucre Suites, cuenta con 32 m2 de superficie con un balc\u00f3n que recorre todo&hellip;","og_url":"https:\/\/www.sucresuites.com\/es\/apartamento-studio-con-balcon\/","article_publisher":"https:\/\/www.facebook.com\/Sucresuites\/","article_modified_time":"2025-04-10T15:24:16+00:00","og_image":[{"url":"https:\/\/i0.wp.com\/www.sucresuites.com\/wp-content\/uploads\/2022\/02\/QUE-HAY-CERCA.jpg?fit=688%2C112"}],"twitter_card":"summary_large_image","twitter_misc":{"Tiempo de lectura":"2 minutos"},"schema":{"@context":"https:\/\/schema.org","@graph":[{"@type":"WebPage","@id":"https:\/\/www.sucresuites.com\/apartamento-studio-con-balcon\/","url":"https:\/\/www.sucresuites.com\/apartamento-studio-con-balcon\/","name":"STUDIO APART WITH BALCONY |","isPartOf":{"@id":"https:\/\/www.sucresuites.com\/es\/#website"},"datePublished":"2017-02-28T13:36:29+00:00","dateModified":"2025-04-10T15:24:16+00:00","breadcrumb":{"@id":"https:\/\/www.sucresuites.com\/apartamento-studio-con-balcon\/#breadcrumb"},"inLanguage":"es-AR","potentialAction":[{"@type":"ReadAction","target":["https:\/\/www.sucresuites.com\/apartamento-studio-con-balcon\/"]}]},{"@type":"BreadcrumbList","@id":"https:\/\/www.sucresuites.com\/apartamento-studio-con-balcon\/#breadcrumb","itemListElement":[{"@type":"ListItem","position":1,"name":"Portada","item":"https:\/\/www.sucresuites.com\/"},{"@type":"ListItem","position":2,"name":"STUDIO APART WITH BALCONY"}]},{"@type":"WebSite","@id":"https:\/\/www.sucresuites.com\/es\/#website","url":"https:\/\/www.sucresuites.com\/es\/","name":"","description":"Apartamentos Temporarios","publisher":{"@id":"https:\/\/www.sucresuites.com\/es\/#organization"},"potentialAction":[{"@type":"SearchAction","target":{"@type":"EntryPoint","urlTemplate":"https:\/\/www.sucresuites.com\/es\/?s={search_term_string}"},"query-input":"required name=search_term_string"}],"inLanguage":"es-AR"},{"@type":"Organization","@id":"https:\/\/www.sucresuites.com\/es\/#organization","name":"Sucre Suites","url":"https:\/\/www.sucresuites.com\/es\/","logo":{"@type":"ImageObject","inLanguage":"es-AR","@id":"https:\/\/www.sucresuites.com\/es\/#\/schema\/logo\/image\/","url":"https:\/\/i0.wp.com\/www.sucresuites.com\/wp-content\/uploads\/2018\/02\/Selection_013.png?fit=338%2C95","contentUrl":"https:\/\/i0.wp.com\/www.sucresuites.com\/wp-content\/uploads\/2018\/02\/Selection_013.png?fit=338%2C95","width":338,"height":95,"caption":"Sucre Suites"},"image":{"@id":"https:\/\/www.sucresuites.com\/es\/#\/schema\/logo\/image\/"},"sameAs":["https:\/\/www.facebook.com\/Sucresuites\/"]}]}},"jetpack_sharing_enabled":true,"jetpack_shortlink":"https:\/\/wp.me\/P9I0kO-6S","_links":{"self":[{"href":"https:\/\/www.sucresuites.com\/es\/wp-json\/wp\/v2\/pages\/426","targetHints":{"allow":["GET"]}}],"collection":[{"href":"https:\/\/www.sucresuites.com\/es\/wp-json\/wp\/v2\/pages"}],"about":[{"href":"https:\/\/www.sucresuites.com\/es\/wp-json\/wp\/v2\/types\/page"}],"author":[{"embeddable":true,"href":"https:\/\/www.sucresuites.com\/es\/wp-json\/wp\/v2\/users\/1"}],"replies":[{"embeddable":true,"href":"https:\/\/www.sucresuites.com\/es\/wp-json\/wp\/v2\/comments?post=426"}],"version-history":[{"count":44,"href":"https:\/\/www.sucresuites.com\/es\/wp-json\/wp\/v2\/pages\/426\/revisions"}],"predecessor-version":[{"id":5847,"href":"https:\/\/www.sucresuites.com\/es\/wp-json\/wp\/v2\/pages\/426\/revisions\/5847"}],"wp:attachment":[{"href":"https:\/\/www.sucresuites.com\/es\/wp-json\/wp\/v2\/media?parent=426"}],"curies":[{"name":"wp","href":"https:\/\/api.w.org\/{rel}","templated":true}]}}