{"id":1922,"date":"2020-01-29T09:28:06","date_gmt":"2020-01-29T12:28:06","guid":{"rendered":"https:\/\/www.sucresuites.com\/?page_id=1922"},"modified":"2024-12-12T16:59:13","modified_gmt":"2024-12-12T19:59:13","slug":"terminos-y-condiciones","status":"publish","type":"page","link":"https:\/\/www.sucresuites.com\/es\/terminos-y-condiciones\/","title":{"rendered":"T\u00e9rminos y Condiciones"},"content":{"rendered":"\n<p><em><strong>Queremos que tu estad\u00eda en\nSUCRE SUITES sea la m\u00e1s placentera posible y estamos a tu entera disposici\u00f3n\npara que ello suceda. Para que todos puedan disfrutar su estad\u00eda, describimos\nalgunas reglas que rigen tu estad\u00eda<\/strong><\/em><\/p>\n\n\n\n<p><strong><u>\u00bfC\u00f3mo reservar?<\/u><\/strong><\/p>\n\n\n\n<p>De las siguientes maneras:<\/p>\n\n\n\n<p>I. Por nuestra web a trav\u00e9s del formulario de consultas o reservas.<\/p>\n\n\n\n<p class=\"has-primary-color has-text-color\">II. A trav\u00e9s de nuestro WhatsApp<mark style=\"background-color:rgba(0, 0, 0, 0)\" class=\"has-inline-color has-primary-color\"><strong> <\/strong><a href=\"tel:+5491124992960\">+5491124002960<\/a>.<\/mark><\/p>\n\n\n\n<p>III. En nuestra oficina, ubicada en Monta\u00f1eses 1866 Belgrano<em>\u2013 CABA <\/em><\/p>\n\n\n\n<p class=\"has-primary-color has-text-color\">IV. Por nuestro correo electr\u00f3nico<mark style=\"background-color:rgba(0, 0, 0, 0)\" class=\"has-inline-color has-secondary-color\"> <a href=\"mailto:hola@sucresuites.com\">hola@sucresuites.com<\/a>.<\/mark><\/p>\n\n\n\n<p>V. Tambi\u00e9n nos pod\u00e9s encontrar en&nbsp;&nbsp;&nbsp;&nbsp;&nbsp;&nbsp;&nbsp;<\/p>\n\n\n\n<p><\/p>\n\n\n\n<p>Una vez efectuada la reserva, usted recibir\u00e1 en su correo electr\u00f3nico la misma con todos los detalles del alquiler y las condiciones de ingreso, el departamento locado, el precio y plazo de estad\u00eda.<\/p>\n\n\n\n<p>Las reservas efectuadas por WhatsApp se regir\u00e1n seg\u00fan estos T\u00e9rminos y Condiciones.<\/p>\n\n\n\n<p>Quedan constituidos los domicilios especiales, donde tendr\u00e1n eficacia todas las notificaciones, sean extra o judiciales derivadas del presente contrato para PP&amp;R S.A. (en adelante SUCRE SUITES) CUIT 30-71586845-4 en Monta\u00f1eses 1866, Ciudad Aut\u00f3noma de Buenos Aires, Argentina y para EL HUESPED en el domicilio declarado en el contrato de la reserva. <br><\/p>\n\n\n\n<p><\/p>\n\n\n\n<p><strong><u>CHECK IN Y CHECK OUT<\/u><\/strong><\/p>\n\n\n\n<p>Para el ingreso al departamento alquilado es condici\u00f3n: a) el env\u00edo de todos los pasaportes u otro documento de los hu\u00e9spedes, b) formulario de reserva confeccionado por alguno de nuestros medios y toda informaci\u00f3n que sea solicitada a fin de coordinar el check-in.<\/p>\n\n\n\n<p><strong>Esta propiedad tiene los siguientes tiempos y pol\u00edticas:<\/strong><\/p>\n\n\n\n<ul class=\"wp-block-list\">\n<li>Check In: 14:00 Hs a 20:30 Hs.<\/li>\n\n\n\n<li>Check Out: Hasta las 12 Hs.<\/li>\n<\/ul>\n\n\n\n<p><em>Podes alojarte por d\u00eda, por semana o por mes, como m\u00e1ximo hasta tres meses<\/em>.<\/p>\n\n\n\n<ul class=\"wp-block-list\">\n<li>El hu\u00e9sped debe ingresar por recepci\u00f3n ubicada en Monta\u00f1eses 1866, Ciudad Aut\u00f3noma de Buenos Aires. Al Ingresar al Inmueble, Sucre Suites, da en alquiler al HUESPED&nbsp;y este&nbsp;toma en alquiler <em>EL INMUEBLE<\/em>, que se entrega con todo su moblaje.&nbsp;Tanto <em>EL INMUEBLE<\/em> como el moblaje, se entregan en perfecto estado de conservaci\u00f3n, instalaci\u00f3n y funcionamiento. Al restituir <em>EL INMUEBLE,&nbsp;EL HUESPED<\/em> deber\u00e1 devolver&nbsp;todo en el mismo estado recibido, siendo responsable por las p\u00e9rdidas o aver\u00edas aun cuando sean consecuencia de caso fortuito o fuerza mayor, por lo tanto quedar\u00e1n comprendidos los hurtos y los robos, dej\u00e1ndose a salvo los deterioros que se produzcan del buen uso y el transcurso del tiempo, caso contrario responder\u00e1 por los da\u00f1os y perjuicios, que involucran reparar lo averiado, reponer lo faltante, m\u00e1s los alquileres perdidos por el lapso insumido en reparaciones.<\/li>\n<\/ul>\n\n\n\n<p><\/p>\n\n\n\n<p><strong><u>CANCELACI\u00d3N<\/u><\/strong><\/p>\n\n\n\n<ul class=\"wp-block-list\">\n<li>La cancelaci\u00f3n de una reserva por parte del hu\u00e9sped, cualquiera fuera su causa, implicar\u00e1 la perdida de esta. Solo se podr\u00e1 cancelar sin cargo 72 horas antes de la fecha de check-in.<\/li>\n<\/ul>\n\n\n\n<p><strong><u>PRECIO<\/u><\/strong><\/p>\n\n\n\n<ul class=\"wp-block-list\">\n<li>Todas nuestras tarifas son expresadas en USD billete (d\u00f3lares estadounidenses)<\/li>\n<\/ul>\n\n\n\n<p>Los precios indicados en nuestra p\u00e1gina no incluyen I.V.A, ni impuestos .Cuando as\u00ed se espec\u00edfique se&nbsp; incluyen servicios como TV por cable, Netflix y acceso a Wifi. En cuanto al servicio de limpieza, este es por estad\u00eda e incluye solo el cambio de ropa blanca -s\u00e1banas y toallas-. En caso de requerir este servicio durante su estad\u00eda, este tendr\u00e1 un valor de USD 12.<\/p>\n\n\n\n<ul class=\"wp-block-list\">\n<li>En el supuesto de incumplimiento del pago del <em>PRECIO <\/em>o cualquier otro gasto pendiente de pago en virtud del presente contrato por EL <em>HUESPED<\/em>,&nbsp;devengar\u00e1 un inter\u00e9s, en forma autom\u00e1tica y sin necesidad de interpelaci\u00f3n previa, acumulativo con calidad de punitorio, a tasa flotante y capitalizaci\u00f3n semanal, esta \u00faltima se realizar\u00e1 juntamente con la fijaci\u00f3n de la tasa, el primer d\u00eda h\u00e1bil de cada semana. El inter\u00e9s aplicable, ser\u00e1 el doble del fijado por el Banco de la Naci\u00f3n Argentina o el reemplazante, en sus tasas activas para descubiertos en cuenta corriente bancaria. Las tasas aplicables a cada per\u00edodo ser\u00e1n las del inmediato anterior.<\/li>\n<\/ul>\n\n\n\n<p><strong><u>FORMAS DE PAGO Y ENTREGA DE FACTURA<\/u><\/strong><\/p>\n\n\n\n<ul class=\"wp-block-list\">\n<li>Dep\u00f3sito\/ transferencia bancaria.<\/li>\n\n\n\n<li>Tarjeta de Cr\u00e9dito y\/o D\u00e9bito. (Mediante Link de pago por WhatsApp o E- mail)<\/li>\n\n\n\n<li>Efectivo (S\u00f3lo en la recepci\u00f3n).<\/li>\n<\/ul>\n\n\n\n<p>La factura ser\u00e1 entregada por <em>PP&amp;R<\/em> al hu\u00e9sped dentro de los diez d\u00edas en forma digital, salvo que el hu\u00e9sped la requiera en soporte papel.<\/p>\n\n\n\n<p><strong><u>GARANT\u00cdA<\/u><\/strong><\/p>\n\n\n\n<p>Para responder con el pago inmediato de las sumas dinerarias y dem\u00e1s&nbsp;gastos y hasta la restituci\u00f3n del <em>INMUEBLE<\/em> y pago de todas las obligaciones a su cargo, <em>EL HUESPED<\/em> entrega a <em>Sucre Suites<\/em>&nbsp;un dep\u00f3sito en garant\u00eda&nbsp; el cual no devengar\u00e1 intereses y es recibida por Sucre Suites<em> <\/em>al momento del ingreso. Tendr\u00e1 derecho <em>Sucre Suites <\/em>a retener de este dep\u00f3sito en garant\u00eda, todas las sumas adeudadas&nbsp;por EL <em>HUESPED <\/em>&nbsp;que tengan como fuente esta locaci\u00f3n, sean a \u00e9l mismo o a terceros y hasta que reciba de las prestatarias de servicios y\/provisiones, las facturas por consumos del <em>HUESPED<\/em>, que hasta el d\u00eda de la restituci\u00f3n del <em>INMUEBLE<\/em> no hayan sido facturados y pagados. Se proh\u00edbe a <em>EL HUESPED<\/em>, imputar el dep\u00f3sito dinerario en garant\u00eda, al pago de cualesquiera obligaciones anteriores, a la restituci\u00f3n de conformidad del <em>INMUEBLE.<\/em><\/p>\n\n\n\n<p>Sucre Suites se reserva el derecho a cobrar un dep\u00f3sito de garant\u00eda equivalente a 200 USD billete (d\u00f3lares estadounidenses) el cual ser\u00e1 devuelto a su salida, o presentar una tarjeta de cr\u00e9dito que cuenta con saldo disponible cuyos datos ser\u00e1 pura y exclusivamente a los fines de la garant\u00eda expuesta eliminando cualquier registro de dichos datos al finalizar su estad\u00eda.&nbsp; Por cuestiones de seguridad, Sucre Suites solicitar\u00e1 la informaci\u00f3n exclusivamente de manera personal y no por medios digitales.<\/p>\n\n\n\n<p><\/p>\n\n\n\n<p><strong><u>DERECHO DE ADMISI\u00d3N Y PERMANENCIA<\/u><\/strong><\/p>\n\n\n\n<ul class=\"wp-block-list\">\n<li>Los hu\u00e9spedes deber\u00e1n declarar nombres, n\u00famero de documento y edades de todas las personas que habitar\u00e1n la propiedad.<\/li>\n\n\n\n<li>Los hu\u00e9spedes deber\u00e1n respetar la capacidad m\u00e1xima de cada habitaci\u00f3n publicada en nuestro sitio web, caso contrario ser\u00e1 motivo de desalojo y p\u00e9rdida del dep\u00f3sito de garant\u00eda. .<\/li>\n\n\n\n<li>Los hu\u00e9spedes deber\u00e1n respetar el reglamento de copropiedad de los inmuebles, caso contrario ser\u00e1 motivo de desalojo y p\u00e9rdida del dep\u00f3sito de garant\u00eda.<\/li>\n\n\n\n<li>Cualquier incumplimiento contractual del <em>HUESPED<\/em>&nbsp;dar\u00e1 derecho a <em>Sucre Suites<\/em>&nbsp;a rescindir este contrato y exigir el desalojo, as\u00ed como exigir las cl\u00e1usulas penales especiales y generales pactadas, acumul\u00e1ndose ambas.<\/li>\n\n\n\n<li>Sucre Suites&nbsp;se reserva el derecho de inspeccionar <em>EL INMUEBLE<\/em>, personalmente o con terceros por \u00e9l designados, en horas diurnas durante todo el plazo contractual.<\/li>\n\n\n\n<li>Sucre Suites se reserva la facultad de admisi\u00f3n y permanencia.<\/li>\n<\/ul>\n\n\n\n<p><strong><u>PROHIBICIONES Y PENALIDADES<\/u><\/strong><\/p>\n\n\n\n<ul class=\"wp-block-list\">\n<li>Queda prohibida toda modificaci\u00f3n y\/o mejoras voluntarias, en <em>EL INMUEBLE.&nbsp;&nbsp;&nbsp;&nbsp;&nbsp;<\/em><em><\/em><\/li>\n\n\n\n<li>Sucre Suites no ser\u00e1 responsable por los da\u00f1os y\/o perjuicios que se le produzcan al&nbsp;<em>HUESPED <\/em>o a terceros en sus personas y\/o en sus bienes, por causa de roturas, desperfectos, cortocircuitos, filtraciones, derrumbes, incendios, inundaciones, aver\u00edas, accidentes, caso fortuito o fuerza mayor, quedando comprendidos los hurtos y los robos, no resultando las mismas de forma taxativa.<\/li>\n\n\n\n<li>Se proh\u00edbe expresamente la guarda de dinero o valores incluyendo, sin limitar, joyas, relojes, celulares de alta gama, c\u00e1maras de fotos, laptops, tablets, etc., por lo que <em>Sucre Suites<\/em>&nbsp;queda indemne y ajena de cualquier responsabilidad por la tenencia, guarda y dep\u00f3sito todo lo mencionado en esta cl\u00e1usula, quedando&nbsp;a exclusivo cargo, custodia y responsabilidad del <em>HUESPED.<\/em><\/li>\n\n\n\n<li>Se proh\u00edbe&nbsp;al<em> HUESPED<\/em> ingresar y\/o depositar aun transitoriamente en el <em>INMUEBLE<\/em>, materiales inflamables, t\u00f3xicos, peligrosos o contaminantes, armas de fuego, de guerra, o cualquier otro material que pueda generar un grave da\u00f1o o perjuicio a terceros que se encuentren en el edificio.<\/li>\n\n\n\n<li>Se encuentra estrictamente prohibido fumar dentro del <em>INMUEBLE<\/em>, en los pasillos, espacios comunes, entrada del edificio y balcones en virtud de la ley 26.687. En caso de incumplimiento autom\u00e1ticamente, Sucre Suites&nbsp;podr\u00e1 aplicar sanciones econ\u00f3micas&nbsp;con un m\u00ednimo&nbsp;de TRESCIENTOS DOLARES ESTADOUNIDENSES (USD 300) al&nbsp; <em>HUESPED. &nbsp;&nbsp;&nbsp;&nbsp;<\/em><\/li>\n\n\n\n<li>EL <em>INMUEBLE<\/em> s\u00f3lo podr\u00e1 destinarse a vivienda con fines tur\u00edsticos para el <em>HUESPED<\/em> y su grupo conviviente, el cual deber\u00e1 detallar con los datos solicitados en el Anexo II. Est\u00e1n prohibidas cualesquiera sublocaciones y\/o transmisiones, parciales o totales, transitorias o permanentes, gratuitas u onerosas y en general, a todo t\u00edtulo y el cambio del destino habitacional. Caso contrario responder\u00e1 el <em>HUESPED<\/em> con una cl\u00e1usula penal (U$S500) <em>DOLARES ESTADOUNIDENSES<\/em>, (o su equivalente en pesos argentinos que se necesiten para adquirir los d\u00f3lares) por d\u00eda, por cada violaci\u00f3n a \u00e9sta. El <em>HUESPED<\/em> deber\u00e1 respetar las normas del Reglamento de Copropiedad y el Interno del Edificio, a los que est\u00e1 afectada <em>EL INMUEBLE<\/em>, los cuales declara conocer y aceptar.<em><\/em><\/li>\n\n\n\n<li>El plazo de contrataci\u00f3n ser\u00e1 total e improrrogable sin obligaci\u00f3n de notificar el fenecimiento del plazo. Queda pactada una cl\u00e1usula penal a favor de Sucre Suites&nbsp;de <em>TRESCIENTOS DOLARES ESTADOUNIDENSES <\/em>(USD 300), por la simple falta de devoluci\u00f3n de las llaves del INMUEBLE&nbsp;y\/o liberaci\u00f3n de este de ocupantes y pertenencias en el d\u00eda y hora estipulados. Esta cl\u00e1usula se aplicar\u00e1 sin perjuicio del derecho de cobro por parte del <em>HUESPED <\/em>el&nbsp; <em>PRECIO <\/em>a abonar por cada noche adicional utilizada por <em>EL HUESPED<\/em>.<\/li>\n<\/ul>\n\n\n\n<p><strong><u>UNIDADES<\/u><\/strong><\/p>\n\n\n\n<ul class=\"wp-block-list\">\n<li>Las unidades cuentan con servicio de limpieza por estad\u00eda y a requerimiento de los hu\u00e9spedes. Este servicio solo incluye el recambio de ropa blanca -s\u00e1banas y toallas-, y tiene un valor adicional de 12 USD (d\u00f3lares estadounidenses). En caso de requerir este servicio, el <em>HUESPED, <\/em>deber\u00e1 dar su consentimiento para que el personal ingrese a la unidad, salvo casos de fuerza mayor o emergencia.<\/li>\n\n\n\n<li>\u00a1Somos pet friendly! en todas las unidades admitimos mascotas peque\u00f1as \u2013 hasta cinco kilos-, con costo adicional.<\/li>\n\n\n\n<li>\u00a1Tambi\u00e9n somos eco-friendly!, debido a que todas nuestras unidades cuentan con un equipamiento 100% el\u00e9ctrico.<\/li>\n<\/ul>\n\n\n\n<p><\/p>\n\n\n\n<p><strong><u>MEDIDAS SANITARIAS<\/u><\/strong><\/p>\n\n\n\n<p><strong><u>(Situaci\u00f3n pandemia Covid-19)<\/u><\/strong><\/p>\n\n\n\n<ul class=\"wp-block-list\">\n<li>Se solicita a los hu\u00e9spedes la colaboraci\u00f3n y respeto hacia las normativas y medidas del distanciamiento social, lavado de manos (o uso de alcohol en gel), uso individual del ascensor y el uso de tapa bocas o barbijo obligatorio en todas las partes comunes del edificio, seg\u00fan lo dispuesto en el Decreto de Necesidad y Urgencia N\u00b0 875\/2020.&nbsp;<\/li>\n\n\n\n<li>En caso de existir un caso sospechoso o confirmado de Covid-19, se seguir\u00e1 la normativa vigente en la Ciudad Aut\u00f3noma de Buenos Aires: <a href=\"https:\/\/www.buenosaires.gob.ar\/sites\/gcaba\/files\/protocolo_0_de_caba.pdf\">https:\/\/www.buenosaires.gob.ar\/sites\/gcaba\/files\/protocolo_0_de_caba.pdf<\/a>.<\/li>\n\n\n\n<li>Se recomienda mantener los ambientes ventilados adecuadamente, siempre que sea posible favoreciendo la ventilaci\u00f3n cruzada.<\/li>\n<\/ul>\n\n\n\n<p><strong><u>CONFORMIDAD DEL ACUERDO<\/u><\/strong><\/p>\n\n\n\n<p>&nbsp;&nbsp;&nbsp;&nbsp; De acuerdo con los t\u00e9rminos y condiciones precedentemente redactados, se entiende que existe acuerdo y conformidad entre <em>Sucre Suites<\/em> y el hu\u00e9sped, quedando reemplazados cualquier acuerdo previo -oral o escrito- sobre el tema.<\/p>\n\n\n\n<p><strong><u>NORMATIVA APLICABLE<\/u><\/strong><\/p>\n\n\n\n<p>&nbsp;&nbsp;&nbsp;&nbsp; La normativa aplicable tanto al contrato de locaci\u00f3n de apartamentos temporarios como a los t\u00e9rminos y condiciones all\u00ed descriptos son: El C\u00f3digo Civil y Comercial de la Naci\u00f3n, la ley Defensa al Consumidor 24.240, la Ley 6255 de alquileres temporarios de la Ciudad Aut\u00f3noma de Buenos Aires.<\/p>\n\n\n\n<p><\/p>\n\n\n\n<p><\/p>\n\n\n\n\n","protected":false},"excerpt":{"rendered":"<p>Queremos que tu estad\u00eda en SUCRE SUITES sea la m\u00e1s placentera posible y estamos a tu entera disposici\u00f3n para que&hellip;<\/p>\n","protected":false},"author":1,"featured_media":0,"parent":0,"menu_order":0,"comment_status":"closed","ping_status":"closed","template":"","meta":{"footnotes":""},"class_list":["post-1922","page","type-page","status-publish","hentry"],"yoast_head":"<!-- This site is optimized with the Yoast SEO plugin v21.0 - https:\/\/yoast.com\/wordpress\/plugins\/seo\/ -->\n<title>T\u00e9rminos y Condiciones |<\/title>\n<meta name=\"robots\" content=\"index, follow, max-snippet:-1, max-image-preview:large, max-video-preview:-1\" \/>\n<link rel=\"canonical\" href=\"https:\/\/www.sucresuites.com\/es\/terminos-y-condiciones\/\" \/>\n<meta property=\"og:locale\" content=\"es_ES\" \/>\n<meta property=\"og:type\" content=\"article\" \/>\n<meta property=\"og:title\" content=\"T\u00e9rminos y Condiciones |\" \/>\n<meta property=\"og:description\" content=\"Queremos que tu estad\u00eda en SUCRE SUITES sea la m\u00e1s placentera posible y estamos a tu entera disposici\u00f3n para que&hellip;\" \/>\n<meta property=\"og:url\" content=\"https:\/\/www.sucresuites.com\/es\/terminos-y-condiciones\/\" \/>\n<meta property=\"article:publisher\" content=\"https:\/\/www.facebook.com\/Sucresuites\/\" \/>\n<meta property=\"article:modified_time\" content=\"2024-12-12T19:59:13+00:00\" \/>\n<meta name=\"twitter:card\" content=\"summary_large_image\" \/>\n<meta name=\"twitter:label1\" content=\"Tiempo de lectura\" \/>\n\t<meta name=\"twitter:data1\" content=\"9 minutos\" \/>\n<script type=\"application\/ld+json\" class=\"yoast-schema-graph\">{\"@context\":\"https:\/\/schema.org\",\"@graph\":[{\"@type\":\"WebPage\",\"@id\":\"https:\/\/www.sucresuites.com\/terminos-y-condiciones\/\",\"url\":\"https:\/\/www.sucresuites.com\/terminos-y-condiciones\/\",\"name\":\"T\u00e9rminos y Condiciones |\",\"isPartOf\":{\"@id\":\"https:\/\/www.sucresuites.com\/es\/#website\"},\"datePublished\":\"2020-01-29T12:28:06+00:00\",\"dateModified\":\"2024-12-12T19:59:13+00:00\",\"breadcrumb\":{\"@id\":\"https:\/\/www.sucresuites.com\/terminos-y-condiciones\/#breadcrumb\"},\"inLanguage\":\"es-AR\",\"potentialAction\":[{\"@type\":\"ReadAction\",\"target\":[\"https:\/\/www.sucresuites.com\/terminos-y-condiciones\/\"]}]},{\"@type\":\"BreadcrumbList\",\"@id\":\"https:\/\/www.sucresuites.com\/terminos-y-condiciones\/#breadcrumb\",\"itemListElement\":[{\"@type\":\"ListItem\",\"position\":1,\"name\":\"Portada\",\"item\":\"https:\/\/www.sucresuites.com\/\"},{\"@type\":\"ListItem\",\"position\":2,\"name\":\"T\u00e9rminos y Condiciones\"}]},{\"@type\":\"WebSite\",\"@id\":\"https:\/\/www.sucresuites.com\/es\/#website\",\"url\":\"https:\/\/www.sucresuites.com\/es\/\",\"name\":\"\",\"description\":\"Apartamentos Temporarios\",\"publisher\":{\"@id\":\"https:\/\/www.sucresuites.com\/es\/#organization\"},\"potentialAction\":[{\"@type\":\"SearchAction\",\"target\":{\"@type\":\"EntryPoint\",\"urlTemplate\":\"https:\/\/www.sucresuites.com\/es\/?s={search_term_string}\"},\"query-input\":\"required name=search_term_string\"}],\"inLanguage\":\"es-AR\"},{\"@type\":\"Organization\",\"@id\":\"https:\/\/www.sucresuites.com\/es\/#organization\",\"name\":\"Sucre Suites\",\"url\":\"https:\/\/www.sucresuites.com\/es\/\",\"logo\":{\"@type\":\"ImageObject\",\"inLanguage\":\"es-AR\",\"@id\":\"https:\/\/www.sucresuites.com\/es\/#\/schema\/logo\/image\/\",\"url\":\"https:\/\/i0.wp.com\/www.sucresuites.com\/wp-content\/uploads\/2018\/02\/Selection_013.png?fit=338%2C95\",\"contentUrl\":\"https:\/\/i0.wp.com\/www.sucresuites.com\/wp-content\/uploads\/2018\/02\/Selection_013.png?fit=338%2C95\",\"width\":338,\"height\":95,\"caption\":\"Sucre Suites\"},\"image\":{\"@id\":\"https:\/\/www.sucresuites.com\/es\/#\/schema\/logo\/image\/\"},\"sameAs\":[\"https:\/\/www.facebook.com\/Sucresuites\/\"]}]}<\/script>\n<!-- \/ Yoast SEO plugin. -->","yoast_head_json":{"title":"T\u00e9rminos y Condiciones |","robots":{"index":"index","follow":"follow","max-snippet":"max-snippet:-1","max-image-preview":"max-image-preview:large","max-video-preview":"max-video-preview:-1"},"canonical":"https:\/\/www.sucresuites.com\/es\/terminos-y-condiciones\/","og_locale":"es_ES","og_type":"article","og_title":"T\u00e9rminos y Condiciones |","og_description":"Queremos que tu estad\u00eda en SUCRE SUITES sea la m\u00e1s placentera posible y estamos a tu entera disposici\u00f3n para que&hellip;","og_url":"https:\/\/www.sucresuites.com\/es\/terminos-y-condiciones\/","article_publisher":"https:\/\/www.facebook.com\/Sucresuites\/","article_modified_time":"2024-12-12T19:59:13+00:00","twitter_card":"summary_large_image","twitter_misc":{"Tiempo de lectura":"9 minutos"},"schema":{"@context":"https:\/\/schema.org","@graph":[{"@type":"WebPage","@id":"https:\/\/www.sucresuites.com\/terminos-y-condiciones\/","url":"https:\/\/www.sucresuites.com\/terminos-y-condiciones\/","name":"T\u00e9rminos y Condiciones |","isPartOf":{"@id":"https:\/\/www.sucresuites.com\/es\/#website"},"datePublished":"2020-01-29T12:28:06+00:00","dateModified":"2024-12-12T19:59:13+00:00","breadcrumb":{"@id":"https:\/\/www.sucresuites.com\/terminos-y-condiciones\/#breadcrumb"},"inLanguage":"es-AR","potentialAction":[{"@type":"ReadAction","target":["https:\/\/www.sucresuites.com\/terminos-y-condiciones\/"]}]},{"@type":"BreadcrumbList","@id":"https:\/\/www.sucresuites.com\/terminos-y-condiciones\/#breadcrumb","itemListElement":[{"@type":"ListItem","position":1,"name":"Portada","item":"https:\/\/www.sucresuites.com\/"},{"@type":"ListItem","position":2,"name":"T\u00e9rminos y Condiciones"}]},{"@type":"WebSite","@id":"https:\/\/www.sucresuites.com\/es\/#website","url":"https:\/\/www.sucresuites.com\/es\/","name":"","description":"Apartamentos Temporarios","publisher":{"@id":"https:\/\/www.sucresuites.com\/es\/#organization"},"potentialAction":[{"@type":"SearchAction","target":{"@type":"EntryPoint","urlTemplate":"https:\/\/www.sucresuites.com\/es\/?s={search_term_string}"},"query-input":"required name=search_term_string"}],"inLanguage":"es-AR"},{"@type":"Organization","@id":"https:\/\/www.sucresuites.com\/es\/#organization","name":"Sucre Suites","url":"https:\/\/www.sucresuites.com\/es\/","logo":{"@type":"ImageObject","inLanguage":"es-AR","@id":"https:\/\/www.sucresuites.com\/es\/#\/schema\/logo\/image\/","url":"https:\/\/i0.wp.com\/www.sucresuites.com\/wp-content\/uploads\/2018\/02\/Selection_013.png?fit=338%2C95","contentUrl":"https:\/\/i0.wp.com\/www.sucresuites.com\/wp-content\/uploads\/2018\/02\/Selection_013.png?fit=338%2C95","width":338,"height":95,"caption":"Sucre Suites"},"image":{"@id":"https:\/\/www.sucresuites.com\/es\/#\/schema\/logo\/image\/"},"sameAs":["https:\/\/www.facebook.com\/Sucresuites\/"]}]}},"jetpack_sharing_enabled":true,"jetpack_shortlink":"https:\/\/wp.me\/P9I0kO-v0","_links":{"self":[{"href":"https:\/\/www.sucresuites.com\/es\/wp-json\/wp\/v2\/pages\/1922","targetHints":{"allow":["GET"]}}],"collection":[{"href":"https:\/\/www.sucresuites.com\/es\/wp-json\/wp\/v2\/pages"}],"about":[{"href":"https:\/\/www.sucresuites.com\/es\/wp-json\/wp\/v2\/types\/page"}],"author":[{"embeddable":true,"href":"https:\/\/www.sucresuites.com\/es\/wp-json\/wp\/v2\/users\/1"}],"replies":[{"embeddable":true,"href":"https:\/\/www.sucresuites.com\/es\/wp-json\/wp\/v2\/comments?post=1922"}],"version-history":[{"count":25,"href":"https:\/\/www.sucresuites.com\/es\/wp-json\/wp\/v2\/pages\/1922\/revisions"}],"predecessor-version":[{"id":5617,"href":"https:\/\/www.sucresuites.com\/es\/wp-json\/wp\/v2\/pages\/1922\/revisions\/5617"}],"wp:attachment":[{"href":"https:\/\/www.sucresuites.com\/es\/wp-json\/wp\/v2\/media?parent=1922"}],"curies":[{"name":"wp","href":"https:\/\/api.w.org\/{rel}","templated":true}]}}