{"id":1910,"date":"2020-01-15T16:41:02","date_gmt":"2020-01-15T19:41:02","guid":{"rendered":"https:\/\/www.sucresuites.com\/?page_id=1910"},"modified":"2024-12-12T16:59:45","modified_gmt":"2024-12-12T19:59:45","slug":"reglas-de-convivencia","status":"publish","type":"page","link":"https:\/\/www.sucresuites.com\/es\/reglas-de-convivencia\/","title":{"rendered":"Reglas de Convivencia"},"content":{"rendered":"\n<p><strong>Reglas, normas y recomendaciones del alojamiento.<\/strong><\/p>\n\n\n\n<p class=\"has-primary-color has-text-color\"><strong><em>Queremos\nque tu estad\u00eda en SUCRE SUITES sea la m\u00e1s placentera posible y estamos a tu\nentera disposici\u00f3n para que ello suceda. Para que todos puedan disfrutar su\nestad\u00eda, describimos algunas reglas que todos deben cumplir.<\/em><\/strong><\/p>\n\n\n\n<ul class=\"wp-block-list\">\n<li>Se encuentra estrictamente prohibido fumar dentro del INMUEBLE, en los pasillos, espacios comunes, entrada del edificio y balcones en virtud de la ley 26.687. En caso de incumplimiento autom\u00e1ticamente, la PARTE PP&amp;R S.A. (en adelante SUCRE SUITES) CUIT 30-71586845-4 en Monta\u00f1eses 1866, Ciudad Aut\u00f3noma de Buenos Aires, Argentina podr\u00e1 aplicar sanciones econ\u00f3micas con un m\u00ednimo de TRESCIENTOS DOLARES ESTADOUNIDENSES (USD 300) al HUESPED.<\/li>\n<\/ul>\n\n\n\n<ul class=\"wp-block-list\">\n<li>No est\u00e1 permitido fiestas o eventos ruidosos. Tampoco ruidos molestos de 22:00 a 06:00 Hs y en horarios de siesta. Si escucha m\u00fasica, tenga en cuenta que el volumen no afecte a sus vecinos. Por favor, intentar no arrastrar sillas ni hacer ruidos molestos en horarios de siesta o de noche.<\/li>\n<\/ul>\n\n\n\n<ul class=\"wp-block-list\">\n<li>No est\u00e1 permitido mover los muebles, camas, sillones de su lugar original. En caso de necesitar algo, por favor comun\u00edcate con nosotros.<\/li>\n<\/ul>\n\n\n\n<ul class=\"wp-block-list\">\n<li>No tirar en el inodoro elementos de higiene femenina o cualquier otro elemento que pueda obstruir el mismo. Tampoco arrojar elementos desde las ventanas o balcones.<br><\/li>\n<\/ul>\n\n\n\n<ul class=\"wp-block-list\">\n<li>Solo se permite la estad\u00eda en el apartamento aquellas personas detalladas en la reserva.<\/li>\n<\/ul>\n\n\n\n<ul class=\"wp-block-list\">\n<li>Por su seguridad, aconsejamos cerrar con llave la puerta de su apartamento, tanto cuando est\u00e1 adentro como cuando sale.<br><\/li>\n<\/ul>\n\n\n\n<ul class=\"wp-block-list\">\n<li>Por la seguridad de todos, asegurarse de que la puerta de ingreso en planta baja quede bien cerrada.<br><\/li>\n\n\n\n<li>Cada unidad posee luz de emergencia.<br><\/li>\n\n\n\n<li>Cualquier desperfecto o p\u00e9rdida del inventario ocasionados durante su permanencia, deber\u00e1n ser repuestos o cancelados con el dep\u00f3sito.<\/li>\n<\/ul>\n\n\n\n<ul class=\"wp-block-list\">\n<li>Recomendamos apagar luces cuando no se encuentre ning\u00fan hu\u00e9sped en el apartamento. Con la finalidad de ahorrar energ\u00eda y evitar incidentes, se ruega apagar los anafes y\/o horno y aire acondicionado al salir.<br><\/li>\n<\/ul>\n\n\n\n<ul class=\"wp-block-list\">\n<li>Si realiza una salida fuera del horario de la oficina y coordin\u00f3 dejar la tarjeta magn\u00e9tica dentro del apartamento, por favor dejarla sobre la mesa.<\/li>\n<\/ul>\n\n\n\n<ul class=\"wp-block-list\">\n<li>Por razones de seguridad, en caso de extrav\u00edo\/p\u00e9rdida o robo de objetos personales de los hu\u00e9spedes dentro de nuestra unidad, Sucre Suites CUIT 30-71586845-4 en Monta\u00f1eses 1866, Ciudad Aut\u00f3noma de Buenos Aires, Argentina no se har\u00e1 responsable por ellos.<br><\/li>\n<\/ul>\n\n\n\n<ul class=\"wp-block-list\">\n<li>El horario de Check In es desde las 14 hs. hasta las 20:30 hs. y el Check Out es hasta las 12 hs.<br><\/li>\n<\/ul>\n\n\n\n<ul class=\"wp-block-list\">\n<li>Se proh\u00edbe depositar aun transitoriamente en los apartamentos, materiales inflamables, t\u00f3xicos, peligrosos o contaminantes, armas de fuego, de guerra, o cualquier otro material que pueda generar un grave da\u00f1o o perjuicio a terceros que se encuentren en el edificio.<\/li>\n<\/ul>\n\n\n\n<ul class=\"wp-block-list\">\n<li>Se ruega al hu\u00e9sped cumplir y hacer cumplir el Reglamento de Copropiedad disponible en nuestra web y recepci\u00f3n para su consulta como tambi\u00e9n las condiciones del contrato firmado.<br><\/li>\n<\/ul>\n\n\n\n<ul class=\"wp-block-list\">\n<li>Sabemos que los accidentes suceden. Si algo se rompi\u00f3, agradecemos que nos lo informes para poder dejar el apartamento listo para el pr\u00f3ximo hu\u00e9sped.<br><br>                                <br>                                                      <strong>\u00a1Muchas Gracias!<\/strong><br><br>NOS RESERVAMOS EL DERECHO DE ADMISI\u00d3N Y PERMANENCIA.<br><\/li>\n<\/ul>\n","protected":false},"excerpt":{"rendered":"<p>Reglas, normas y recomendaciones del alojamiento. Queremos que tu estad\u00eda en SUCRE SUITES sea la m\u00e1s placentera posible y estamos&hellip;<\/p>\n","protected":false},"author":1,"featured_media":0,"parent":0,"menu_order":0,"comment_status":"closed","ping_status":"closed","template":"","meta":{"footnotes":""},"class_list":["post-1910","page","type-page","status-publish","hentry"],"yoast_head":"<!-- This site is optimized with the Yoast SEO plugin v21.0 - https:\/\/yoast.com\/wordpress\/plugins\/seo\/ -->\n<title>Reglas de Convivencia |<\/title>\n<meta name=\"robots\" content=\"index, follow, max-snippet:-1, max-image-preview:large, max-video-preview:-1\" \/>\n<link rel=\"canonical\" href=\"https:\/\/www.sucresuites.com\/es\/reglas-de-convivencia\/\" \/>\n<meta property=\"og:locale\" content=\"es_ES\" \/>\n<meta property=\"og:type\" content=\"article\" \/>\n<meta property=\"og:title\" content=\"Reglas de Convivencia |\" \/>\n<meta property=\"og:description\" content=\"Reglas, normas y recomendaciones del alojamiento. Queremos que tu estad\u00eda en SUCRE SUITES sea la m\u00e1s placentera posible y estamos&hellip;\" \/>\n<meta property=\"og:url\" content=\"https:\/\/www.sucresuites.com\/es\/reglas-de-convivencia\/\" \/>\n<meta property=\"article:publisher\" content=\"https:\/\/www.facebook.com\/Sucresuites\/\" \/>\n<meta property=\"article:modified_time\" content=\"2024-12-12T19:59:45+00:00\" \/>\n<meta name=\"twitter:card\" content=\"summary_large_image\" \/>\n<meta name=\"twitter:label1\" content=\"Tiempo de lectura\" \/>\n\t<meta name=\"twitter:data1\" content=\"3 minutos\" \/>\n<script type=\"application\/ld+json\" class=\"yoast-schema-graph\">{\"@context\":\"https:\/\/schema.org\",\"@graph\":[{\"@type\":\"WebPage\",\"@id\":\"https:\/\/www.sucresuites.com\/reglas-de-convivencia\/\",\"url\":\"https:\/\/www.sucresuites.com\/reglas-de-convivencia\/\",\"name\":\"Reglas de Convivencia |\",\"isPartOf\":{\"@id\":\"https:\/\/www.sucresuites.com\/es\/#website\"},\"datePublished\":\"2020-01-15T19:41:02+00:00\",\"dateModified\":\"2024-12-12T19:59:45+00:00\",\"breadcrumb\":{\"@id\":\"https:\/\/www.sucresuites.com\/reglas-de-convivencia\/#breadcrumb\"},\"inLanguage\":\"es-AR\",\"potentialAction\":[{\"@type\":\"ReadAction\",\"target\":[\"https:\/\/www.sucresuites.com\/reglas-de-convivencia\/\"]}]},{\"@type\":\"BreadcrumbList\",\"@id\":\"https:\/\/www.sucresuites.com\/reglas-de-convivencia\/#breadcrumb\",\"itemListElement\":[{\"@type\":\"ListItem\",\"position\":1,\"name\":\"Portada\",\"item\":\"https:\/\/www.sucresuites.com\/\"},{\"@type\":\"ListItem\",\"position\":2,\"name\":\"Reglas de Convivencia\"}]},{\"@type\":\"WebSite\",\"@id\":\"https:\/\/www.sucresuites.com\/es\/#website\",\"url\":\"https:\/\/www.sucresuites.com\/es\/\",\"name\":\"\",\"description\":\"Apartamentos Temporarios\",\"publisher\":{\"@id\":\"https:\/\/www.sucresuites.com\/es\/#organization\"},\"potentialAction\":[{\"@type\":\"SearchAction\",\"target\":{\"@type\":\"EntryPoint\",\"urlTemplate\":\"https:\/\/www.sucresuites.com\/es\/?s={search_term_string}\"},\"query-input\":\"required name=search_term_string\"}],\"inLanguage\":\"es-AR\"},{\"@type\":\"Organization\",\"@id\":\"https:\/\/www.sucresuites.com\/es\/#organization\",\"name\":\"Sucre Suites\",\"url\":\"https:\/\/www.sucresuites.com\/es\/\",\"logo\":{\"@type\":\"ImageObject\",\"inLanguage\":\"es-AR\",\"@id\":\"https:\/\/www.sucresuites.com\/es\/#\/schema\/logo\/image\/\",\"url\":\"https:\/\/i0.wp.com\/www.sucresuites.com\/wp-content\/uploads\/2018\/02\/Selection_013.png?fit=338%2C95\",\"contentUrl\":\"https:\/\/i0.wp.com\/www.sucresuites.com\/wp-content\/uploads\/2018\/02\/Selection_013.png?fit=338%2C95\",\"width\":338,\"height\":95,\"caption\":\"Sucre Suites\"},\"image\":{\"@id\":\"https:\/\/www.sucresuites.com\/es\/#\/schema\/logo\/image\/\"},\"sameAs\":[\"https:\/\/www.facebook.com\/Sucresuites\/\"]}]}<\/script>\n<!-- \/ Yoast SEO plugin. -->","yoast_head_json":{"title":"Reglas de Convivencia |","robots":{"index":"index","follow":"follow","max-snippet":"max-snippet:-1","max-image-preview":"max-image-preview:large","max-video-preview":"max-video-preview:-1"},"canonical":"https:\/\/www.sucresuites.com\/es\/reglas-de-convivencia\/","og_locale":"es_ES","og_type":"article","og_title":"Reglas de Convivencia |","og_description":"Reglas, normas y recomendaciones del alojamiento. Queremos que tu estad\u00eda en SUCRE SUITES sea la m\u00e1s placentera posible y estamos&hellip;","og_url":"https:\/\/www.sucresuites.com\/es\/reglas-de-convivencia\/","article_publisher":"https:\/\/www.facebook.com\/Sucresuites\/","article_modified_time":"2024-12-12T19:59:45+00:00","twitter_card":"summary_large_image","twitter_misc":{"Tiempo de lectura":"3 minutos"},"schema":{"@context":"https:\/\/schema.org","@graph":[{"@type":"WebPage","@id":"https:\/\/www.sucresuites.com\/reglas-de-convivencia\/","url":"https:\/\/www.sucresuites.com\/reglas-de-convivencia\/","name":"Reglas de Convivencia |","isPartOf":{"@id":"https:\/\/www.sucresuites.com\/es\/#website"},"datePublished":"2020-01-15T19:41:02+00:00","dateModified":"2024-12-12T19:59:45+00:00","breadcrumb":{"@id":"https:\/\/www.sucresuites.com\/reglas-de-convivencia\/#breadcrumb"},"inLanguage":"es-AR","potentialAction":[{"@type":"ReadAction","target":["https:\/\/www.sucresuites.com\/reglas-de-convivencia\/"]}]},{"@type":"BreadcrumbList","@id":"https:\/\/www.sucresuites.com\/reglas-de-convivencia\/#breadcrumb","itemListElement":[{"@type":"ListItem","position":1,"name":"Portada","item":"https:\/\/www.sucresuites.com\/"},{"@type":"ListItem","position":2,"name":"Reglas de Convivencia"}]},{"@type":"WebSite","@id":"https:\/\/www.sucresuites.com\/es\/#website","url":"https:\/\/www.sucresuites.com\/es\/","name":"","description":"Apartamentos Temporarios","publisher":{"@id":"https:\/\/www.sucresuites.com\/es\/#organization"},"potentialAction":[{"@type":"SearchAction","target":{"@type":"EntryPoint","urlTemplate":"https:\/\/www.sucresuites.com\/es\/?s={search_term_string}"},"query-input":"required name=search_term_string"}],"inLanguage":"es-AR"},{"@type":"Organization","@id":"https:\/\/www.sucresuites.com\/es\/#organization","name":"Sucre Suites","url":"https:\/\/www.sucresuites.com\/es\/","logo":{"@type":"ImageObject","inLanguage":"es-AR","@id":"https:\/\/www.sucresuites.com\/es\/#\/schema\/logo\/image\/","url":"https:\/\/i0.wp.com\/www.sucresuites.com\/wp-content\/uploads\/2018\/02\/Selection_013.png?fit=338%2C95","contentUrl":"https:\/\/i0.wp.com\/www.sucresuites.com\/wp-content\/uploads\/2018\/02\/Selection_013.png?fit=338%2C95","width":338,"height":95,"caption":"Sucre Suites"},"image":{"@id":"https:\/\/www.sucresuites.com\/es\/#\/schema\/logo\/image\/"},"sameAs":["https:\/\/www.facebook.com\/Sucresuites\/"]}]}},"jetpack_sharing_enabled":true,"jetpack_shortlink":"https:\/\/wp.me\/P9I0kO-uO","_links":{"self":[{"href":"https:\/\/www.sucresuites.com\/es\/wp-json\/wp\/v2\/pages\/1910","targetHints":{"allow":["GET"]}}],"collection":[{"href":"https:\/\/www.sucresuites.com\/es\/wp-json\/wp\/v2\/pages"}],"about":[{"href":"https:\/\/www.sucresuites.com\/es\/wp-json\/wp\/v2\/types\/page"}],"author":[{"embeddable":true,"href":"https:\/\/www.sucresuites.com\/es\/wp-json\/wp\/v2\/users\/1"}],"replies":[{"embeddable":true,"href":"https:\/\/www.sucresuites.com\/es\/wp-json\/wp\/v2\/comments?post=1910"}],"version-history":[{"count":14,"href":"https:\/\/www.sucresuites.com\/es\/wp-json\/wp\/v2\/pages\/1910\/revisions"}],"predecessor-version":[{"id":5616,"href":"https:\/\/www.sucresuites.com\/es\/wp-json\/wp\/v2\/pages\/1910\/revisions\/5616"}],"wp:attachment":[{"href":"https:\/\/www.sucresuites.com\/es\/wp-json\/wp\/v2\/media?parent=1910"}],"curies":[{"name":"wp","href":"https:\/\/api.w.org\/{rel}","templated":true}]}}