{"id":19,"date":"2017-02-18T14:45:56","date_gmt":"2017-02-18T21:45:56","guid":{"rendered":"https:\/\/www.sucresuites.com\/?page_id=19"},"modified":"2022-02-18T21:56:56","modified_gmt":"2022-02-19T00:56:56","slug":"comunicate-con-nosotros","status":"publish","type":"page","link":"https:\/\/www.sucresuites.com\/es\/comunicate-con-nosotros\/","title":{"rendered":"Consult\u00e1 las fechas y reserv\u00e1"},"content":{"rendered":"\n<div class=\"wp-block-image\"><figure class=\"aligncenter size-large\"><a href=\"https:\/\/hotels.cloudbeds.com\/es\/reservation\/3I69bq?ga_sess_id=961659521.1616857474#checkin=2022-02-18&amp;checkout=2022-02-19\" target=\"_blank\" rel=\"noopener\"><img loading=\"lazy\" decoding=\"async\" width=\"688\" height=\"759\" src=\"https:\/\/i0.wp.com\/www.sucresuites.com\/wp-content\/uploads\/2022\/02\/reserva-ahora.jpg?resize=688%2C759&#038;ssl=1\" alt=\"\" class=\"wp-image-2358\" srcset=\"https:\/\/i0.wp.com\/www.sucresuites.com\/wp-content\/uploads\/2022\/02\/reserva-ahora-scaled.jpg?resize=928%2C1024&amp;ssl=1 928w, https:\/\/i0.wp.com\/www.sucresuites.com\/wp-content\/uploads\/2022\/02\/reserva-ahora-scaled.jpg?resize=272%2C300&amp;ssl=1 272w, https:\/\/i0.wp.com\/www.sucresuites.com\/wp-content\/uploads\/2022\/02\/reserva-ahora-scaled.jpg?resize=768%2C847&amp;ssl=1 768w, https:\/\/i0.wp.com\/www.sucresuites.com\/wp-content\/uploads\/2022\/02\/reserva-ahora-scaled.jpg?resize=1392%2C1536&amp;ssl=1 1392w, https:\/\/i0.wp.com\/www.sucresuites.com\/wp-content\/uploads\/2022\/02\/reserva-ahora-scaled.jpg?resize=1857%2C2048&amp;ssl=1 1857w, https:\/\/i0.wp.com\/www.sucresuites.com\/wp-content\/uploads\/2022\/02\/reserva-ahora-scaled.jpg?resize=1600%2C1765&amp;ssl=1 1600w, https:\/\/i0.wp.com\/www.sucresuites.com\/wp-content\/uploads\/2022\/02\/reserva-ahora-scaled.jpg?w=2064&amp;ssl=1 2064w\" sizes=\"auto, (max-width: 688px) 100vw, 688px\" data-recalc-dims=\"1\" \/><\/a><\/figure><\/div>\n\n\n\nSeleccion\u00e1 tu fecha de entrada y de salida:<br> <script src=\"https:\/\/hotels.cloudbeds.com\/widget\/load\/3I69bq\/horiz?newWindow=1\"><\/script>\n<!--<script src=\"https:\/\/hotels.cloudbeds.com\/widget\/load\/3I69bq\/float?newWindow=1\"><\/script>&nbsp;-->\n<p>Comun\u00edcate con nosotros &nbsp;para conocer la disponibilidad o cualquier otra duda que tengas y nos pondremos en contacto contigo tan pronto como nos sea posible. &nbsp;\u00a1Esperamos tener noticias tuyas!<br>Tambi\u00e9n podes llamarnos o escribirnos por WhatsApp al <a href=\"tel:+5491124992960\">+5491124002960<\/a><\/p>\n<div class=\"wpforms-container wpforms-container-full\" id=\"wpforms-695\"><form id=\"wpforms-form-695\" class=\"wpforms-validate wpforms-form\" data-formid=\"695\" method=\"post\" enctype=\"multipart\/form-data\" action=\"\/es\/wp-json\/wp\/v2\/pages\/19\" data-token=\"92d5e5f0b2b897ce3a52a9cc616890a2\"><noscript class=\"wpforms-error-noscript\">Please enable JavaScript in your browser to complete this form.<\/noscript><div class=\"wpforms-field-container\"><div id=\"wpforms-695-field_0-container\" class=\"wpforms-field wpforms-field-name\" data-field-id=\"0\"><label class=\"wpforms-field-label\" for=\"wpforms-695-field_0\">Nombre <span class=\"wpforms-required-label\">*<\/span><\/label><input type=\"text\" id=\"wpforms-695-field_0\" class=\"wpforms-field-medium wpforms-field-required\" name=\"wpforms[fields][0]\" required><\/div><div id=\"wpforms-695-field_1-container\" class=\"wpforms-field wpforms-field-email\" data-field-id=\"1\"><label class=\"wpforms-field-label\" for=\"wpforms-695-field_1\">Email <span class=\"wpforms-required-label\">*<\/span><\/label><input type=\"email\" id=\"wpforms-695-field_1\" class=\"wpforms-field-medium wpforms-field-required\" name=\"wpforms[fields][1]\" spellcheck=\"false\" required><\/div><div id=\"wpforms-695-field_3-container\" class=\"wpforms-field wpforms-field-text\" data-field-id=\"3\"><label class=\"wpforms-field-label\" for=\"wpforms-695-field_3\">Fecha de Ingreso<\/label><input type=\"text\" id=\"wpforms-695-field_3\" class=\"wpforms-field-medium\" name=\"wpforms[fields][3]\" ><\/div><div id=\"wpforms-695-field_4-container\" class=\"wpforms-field wpforms-field-text\" data-field-id=\"4\"><label class=\"wpforms-field-label\" for=\"wpforms-695-field_4\">Fecha de Salida<\/label><input type=\"text\" id=\"wpforms-695-field_4\" class=\"wpforms-field-medium\" name=\"wpforms[fields][4]\" ><\/div><div id=\"wpforms-695-field_2-container\" class=\"wpforms-field wpforms-field-textarea\" data-field-id=\"2\"><label class=\"wpforms-field-label\" for=\"wpforms-695-field_2\">Consulta <span class=\"wpforms-required-label\">*<\/span><\/label><textarea id=\"wpforms-695-field_2\" class=\"wpforms-field-medium wpforms-field-required\" name=\"wpforms[fields][2]\" required><\/textarea><\/div><\/div><!-- .wpforms-field-container --><div class=\"wpforms-submit-container\" ><input type=\"hidden\" name=\"wpforms[id]\" value=\"695\"><input type=\"hidden\" name=\"wpforms[author]\" value=\"1\"><button type=\"submit\" name=\"wpforms[submit]\" id=\"wpforms-submit-695\" class=\"wpforms-submit\" data-alt-text=\"Enviando...\" data-submit-text=\"Enviar\" aria-live=\"assertive\" value=\"wpforms-submit\">Enviar<\/button><\/div><\/form><\/div>  <!-- .wpforms-container -->\n","protected":false},"excerpt":{"rendered":"<p>Seleccion\u00e1 tu fecha de entrada y de salida: Comun\u00edcate con nosotros &nbsp;para conocer la disponibilidad o cualquier otra duda que&hellip;<\/p>\n","protected":false},"author":1,"featured_media":0,"parent":0,"menu_order":0,"comment_status":"closed","ping_status":"closed","template":"","meta":{"footnotes":""},"class_list":["post-19","page","type-page","status-publish","hentry"],"yoast_head":"<!-- This site is optimized with the Yoast SEO plugin v21.0 - https:\/\/yoast.com\/wordpress\/plugins\/seo\/ -->\n<title>Consult\u00e1 las fechas y reserv\u00e1 |<\/title>\n<meta name=\"robots\" content=\"index, follow, max-snippet:-1, max-image-preview:large, max-video-preview:-1\" \/>\n<link rel=\"canonical\" href=\"https:\/\/www.sucresuites.com\/es\/comunicate-con-nosotros\/\" \/>\n<meta property=\"og:locale\" content=\"es_ES\" \/>\n<meta property=\"og:type\" content=\"article\" \/>\n<meta property=\"og:title\" content=\"Consult\u00e1 las fechas y reserv\u00e1 |\" \/>\n<meta property=\"og:description\" content=\"Seleccion\u00e1 tu fecha de entrada y de salida: Comun\u00edcate con nosotros &nbsp;para conocer la disponibilidad o cualquier otra duda que&hellip;\" \/>\n<meta property=\"og:url\" content=\"https:\/\/www.sucresuites.com\/es\/comunicate-con-nosotros\/\" \/>\n<meta property=\"article:publisher\" content=\"https:\/\/www.facebook.com\/Sucresuites\/\" \/>\n<meta property=\"article:modified_time\" content=\"2022-02-19T00:56:56+00:00\" \/>\n<meta property=\"og:image\" content=\"https:\/\/www.sucresuites.com\/wp-content\/uploads\/2022\/02\/reserva-ahora-928x1024.jpg\" \/>\n<meta name=\"twitter:card\" content=\"summary_large_image\" \/>\n<script type=\"application\/ld+json\" class=\"yoast-schema-graph\">{\"@context\":\"https:\/\/schema.org\",\"@graph\":[{\"@type\":\"WebPage\",\"@id\":\"https:\/\/www.sucresuites.com\/es\/comunicate-con-nosotros\/\",\"url\":\"https:\/\/www.sucresuites.com\/es\/comunicate-con-nosotros\/\",\"name\":\"Consult\u00e1 las fechas y reserv\u00e1 |\",\"isPartOf\":{\"@id\":\"https:\/\/www.sucresuites.com\/es\/#website\"},\"datePublished\":\"2017-02-18T21:45:56+00:00\",\"dateModified\":\"2022-02-19T00:56:56+00:00\",\"breadcrumb\":{\"@id\":\"https:\/\/www.sucresuites.com\/es\/comunicate-con-nosotros\/#breadcrumb\"},\"inLanguage\":\"es-AR\",\"potentialAction\":[{\"@type\":\"ReadAction\",\"target\":[\"https:\/\/www.sucresuites.com\/es\/comunicate-con-nosotros\/\"]}]},{\"@type\":\"BreadcrumbList\",\"@id\":\"https:\/\/www.sucresuites.com\/es\/comunicate-con-nosotros\/#breadcrumb\",\"itemListElement\":[{\"@type\":\"ListItem\",\"position\":1,\"name\":\"Portada\",\"item\":\"https:\/\/www.sucresuites.com\/\"},{\"@type\":\"ListItem\",\"position\":2,\"name\":\"Consult\u00e1 las fechas y reserv\u00e1\"}]},{\"@type\":\"WebSite\",\"@id\":\"https:\/\/www.sucresuites.com\/es\/#website\",\"url\":\"https:\/\/www.sucresuites.com\/es\/\",\"name\":\"\",\"description\":\"Apartamentos Temporarios\",\"publisher\":{\"@id\":\"https:\/\/www.sucresuites.com\/es\/#organization\"},\"potentialAction\":[{\"@type\":\"SearchAction\",\"target\":{\"@type\":\"EntryPoint\",\"urlTemplate\":\"https:\/\/www.sucresuites.com\/es\/?s={search_term_string}\"},\"query-input\":\"required name=search_term_string\"}],\"inLanguage\":\"es-AR\"},{\"@type\":\"Organization\",\"@id\":\"https:\/\/www.sucresuites.com\/es\/#organization\",\"name\":\"Sucre Suites\",\"url\":\"https:\/\/www.sucresuites.com\/es\/\",\"logo\":{\"@type\":\"ImageObject\",\"inLanguage\":\"es-AR\",\"@id\":\"https:\/\/www.sucresuites.com\/es\/#\/schema\/logo\/image\/\",\"url\":\"https:\/\/i0.wp.com\/www.sucresuites.com\/wp-content\/uploads\/2018\/02\/Selection_013.png?fit=338%2C95\",\"contentUrl\":\"https:\/\/i0.wp.com\/www.sucresuites.com\/wp-content\/uploads\/2018\/02\/Selection_013.png?fit=338%2C95\",\"width\":338,\"height\":95,\"caption\":\"Sucre Suites\"},\"image\":{\"@id\":\"https:\/\/www.sucresuites.com\/es\/#\/schema\/logo\/image\/\"},\"sameAs\":[\"https:\/\/www.facebook.com\/Sucresuites\/\"]}]}<\/script>\n<!-- \/ Yoast SEO plugin. -->","yoast_head_json":{"title":"Consult\u00e1 las fechas y reserv\u00e1 |","robots":{"index":"index","follow":"follow","max-snippet":"max-snippet:-1","max-image-preview":"max-image-preview:large","max-video-preview":"max-video-preview:-1"},"canonical":"https:\/\/www.sucresuites.com\/es\/comunicate-con-nosotros\/","og_locale":"es_ES","og_type":"article","og_title":"Consult\u00e1 las fechas y reserv\u00e1 |","og_description":"Seleccion\u00e1 tu fecha de entrada y de salida: Comun\u00edcate con nosotros &nbsp;para conocer la disponibilidad o cualquier otra duda que&hellip;","og_url":"https:\/\/www.sucresuites.com\/es\/comunicate-con-nosotros\/","article_publisher":"https:\/\/www.facebook.com\/Sucresuites\/","article_modified_time":"2022-02-19T00:56:56+00:00","og_image":[{"url":"https:\/\/www.sucresuites.com\/wp-content\/uploads\/2022\/02\/reserva-ahora-928x1024.jpg"}],"twitter_card":"summary_large_image","schema":{"@context":"https:\/\/schema.org","@graph":[{"@type":"WebPage","@id":"https:\/\/www.sucresuites.com\/es\/comunicate-con-nosotros\/","url":"https:\/\/www.sucresuites.com\/es\/comunicate-con-nosotros\/","name":"Consult\u00e1 las fechas y reserv\u00e1 |","isPartOf":{"@id":"https:\/\/www.sucresuites.com\/es\/#website"},"datePublished":"2017-02-18T21:45:56+00:00","dateModified":"2022-02-19T00:56:56+00:00","breadcrumb":{"@id":"https:\/\/www.sucresuites.com\/es\/comunicate-con-nosotros\/#breadcrumb"},"inLanguage":"es-AR","potentialAction":[{"@type":"ReadAction","target":["https:\/\/www.sucresuites.com\/es\/comunicate-con-nosotros\/"]}]},{"@type":"BreadcrumbList","@id":"https:\/\/www.sucresuites.com\/es\/comunicate-con-nosotros\/#breadcrumb","itemListElement":[{"@type":"ListItem","position":1,"name":"Portada","item":"https:\/\/www.sucresuites.com\/"},{"@type":"ListItem","position":2,"name":"Consult\u00e1 las fechas y reserv\u00e1"}]},{"@type":"WebSite","@id":"https:\/\/www.sucresuites.com\/es\/#website","url":"https:\/\/www.sucresuites.com\/es\/","name":"","description":"Apartamentos Temporarios","publisher":{"@id":"https:\/\/www.sucresuites.com\/es\/#organization"},"potentialAction":[{"@type":"SearchAction","target":{"@type":"EntryPoint","urlTemplate":"https:\/\/www.sucresuites.com\/es\/?s={search_term_string}"},"query-input":"required name=search_term_string"}],"inLanguage":"es-AR"},{"@type":"Organization","@id":"https:\/\/www.sucresuites.com\/es\/#organization","name":"Sucre Suites","url":"https:\/\/www.sucresuites.com\/es\/","logo":{"@type":"ImageObject","inLanguage":"es-AR","@id":"https:\/\/www.sucresuites.com\/es\/#\/schema\/logo\/image\/","url":"https:\/\/i0.wp.com\/www.sucresuites.com\/wp-content\/uploads\/2018\/02\/Selection_013.png?fit=338%2C95","contentUrl":"https:\/\/i0.wp.com\/www.sucresuites.com\/wp-content\/uploads\/2018\/02\/Selection_013.png?fit=338%2C95","width":338,"height":95,"caption":"Sucre Suites"},"image":{"@id":"https:\/\/www.sucresuites.com\/es\/#\/schema\/logo\/image\/"},"sameAs":["https:\/\/www.facebook.com\/Sucresuites\/"]}]}},"jetpack_sharing_enabled":true,"jetpack_shortlink":"https:\/\/wp.me\/P9I0kO-j","_links":{"self":[{"href":"https:\/\/www.sucresuites.com\/es\/wp-json\/wp\/v2\/pages\/19","targetHints":{"allow":["GET"]}}],"collection":[{"href":"https:\/\/www.sucresuites.com\/es\/wp-json\/wp\/v2\/pages"}],"about":[{"href":"https:\/\/www.sucresuites.com\/es\/wp-json\/wp\/v2\/types\/page"}],"author":[{"embeddable":true,"href":"https:\/\/www.sucresuites.com\/es\/wp-json\/wp\/v2\/users\/1"}],"replies":[{"embeddable":true,"href":"https:\/\/www.sucresuites.com\/es\/wp-json\/wp\/v2\/comments?post=19"}],"version-history":[{"count":23,"href":"https:\/\/www.sucresuites.com\/es\/wp-json\/wp\/v2\/pages\/19\/revisions"}],"predecessor-version":[{"id":2378,"href":"https:\/\/www.sucresuites.com\/es\/wp-json\/wp\/v2\/pages\/19\/revisions\/2378"}],"wp:attachment":[{"href":"https:\/\/www.sucresuites.com\/es\/wp-json\/wp\/v2\/media?parent=19"}],"curies":[{"name":"wp","href":"https:\/\/api.w.org\/{rel}","templated":true}]}}