{"id":590,"date":"2018-03-06T18:42:55","date_gmt":"2018-03-06T21:42:55","guid":{"rendered":"https:\/\/www.sucresuites.com\/?page_id=590"},"modified":"2024-05-06T10:55:47","modified_gmt":"2024-05-06T13:55:47","slug":"alojamiento-cerca-del-fleni-belgrano","status":"publish","type":"page","link":"https:\/\/www.sucresuites.com\/en\/elbarrio\/alojamiento-cerca-del-fleni-belgrano\/","title":{"rendered":"Alojamiento Cerca del Fleni Belgrano"},"content":{"rendered":"<h1 style=\"text-align: center;\"><b>Sucre Suites Ofrece La Mejor Alternativa de Alojamiento Cerca Del Fleni Belgrano<br \/><a href=\"https:\/\/api.whatsapp.com\/send?phone=5491124002960+&amp;text=%C2%A1Hola!%20Quer\u00eda%20consultar%20por%20disponibilidad%20y%20precios%20cerca%20del%20Fleni.%20%C2%A1Gracias!\"><img loading=\"lazy\" decoding=\"async\" class=\"aligncenter wp-image-4979 size-full\" src=\"https:\/\/i0.wp.com\/www.sucresuites.com\/wp-content\/uploads\/2024\/03\/CONSULTAR-AHORA.png?resize=200%2C50&#038;ssl=1\" alt=\"\" width=\"200\" height=\"50\" srcset=\"https:\/\/i0.wp.com\/www.sucresuites.com\/wp-content\/uploads\/2024\/03\/CONSULTAR-AHORA.png?w=200&amp;ssl=1 200w, https:\/\/i0.wp.com\/www.sucresuites.com\/wp-content\/uploads\/2024\/03\/CONSULTAR-AHORA.png?resize=18%2C5&amp;ssl=1 18w\" sizes=\"auto, (max-width: 200px) 100vw, 200px\" data-recalc-dims=\"1\" \/><\/a><br \/><\/b><\/h1>\n<p><a href=\"https:\/\/i0.wp.com\/www.sucresuites.com\/wp-content\/uploads\/2018\/03\/alojamiento-cerca-del-fleni-belgrano-vista-1.jpg?ssl=1\"><img loading=\"lazy\" decoding=\"async\" class=\"aligncenter\" title=\"Alojamiento de Sucre Suites vista panoramica\" src=\"https:\/\/i0.wp.com\/www.sucresuites.com\/wp-content\/uploads\/2018\/03\/alojamiento-cerca-del-fleni-belgrano-vista-1.jpg?resize=688%2C302&#038;ssl=1\" alt=\"Alojamiento de Sucre Suites vista panoramica\" width=\"688\" height=\"302\" data-recalc-dims=\"1\" \/><\/a><\/p>\n<p>La b\u00fasqueda de un <strong>alojamiento\u00a0cerca del Fleni Belgrano<\/strong> para una estad\u00eda <b>c\u00f3moda<\/b> y <b>tranquila<\/b> es a veces m\u00e1s importante que nunca. No siempre deseamos un hotel, con su alto precio y mucha gente de vacaciones en \u00e9l.<\/p>\n<p><b><i>\u00bfEs posible imaginar tener el hogar c\u00f3modo en esos d\u00edas tan necesarios?<\/i><\/b><\/p>\n<p>Si tenemos una <b>revisi\u00f3n<\/b>, <b>tratamiento<\/b> o <b>diagn\u00f3stico<\/b> en el prestigioso <a href=\"https:\/\/www.sucresuites.com\/en\/fleni-instituto-fleni\/\">Fleni de Belgrano<\/a>, \u00bfQuieren vivir esos d\u00edas sin pensar en el alojamiento, sin problemas, tranquilos, como en nuestro propio hogar, pero muy cerca de la cl\u00ednica?<\/p>\n<p>\u00bfY, si somos familiares o amigos de un paciente, nos gustar\u00eda estar pendientes solamente de esa persona, sin preocuparnos por nuestra estad\u00eda? Creemos que s\u00ed.<\/p>\n<p><a href=\"https:\/\/api.whatsapp.com\/send?phone=5491124002960+&amp;text=%C2%A1Hola!%20Quer\u00eda%20consultar%20por%20disponibilidad%20y%20precios%20cerca%20del%20Fleni.%20%C2%A1Gracias!\"><img loading=\"lazy\" decoding=\"async\" class=\"aligncenter wp-image-4979 size-full\" src=\"https:\/\/i0.wp.com\/www.sucresuites.com\/wp-content\/uploads\/2024\/03\/CONSULTAR-AHORA.png?resize=200%2C50&#038;ssl=1\" alt=\"\" width=\"200\" height=\"50\" srcset=\"https:\/\/i0.wp.com\/www.sucresuites.com\/wp-content\/uploads\/2024\/03\/CONSULTAR-AHORA.png?w=200&amp;ssl=1 200w, https:\/\/i0.wp.com\/www.sucresuites.com\/wp-content\/uploads\/2024\/03\/CONSULTAR-AHORA.png?resize=18%2C5&amp;ssl=1 18w\" sizes=\"auto, (max-width: 200px) 100vw, 200px\" data-recalc-dims=\"1\" \/><\/a><\/p>\n<h2 style=\"text-align: center;\"><b>Sucre Suites, nuestra propuesta de alojamiento cerca del Fleni Belgrano<\/b><\/h2>\n<p><a href=\"https:\/\/i0.wp.com\/www.sucresuites.com\/wp-content\/uploads\/2018\/03\/alojamiento-cerca-del-fleni-belgrano-vista-3.jpg.jpg?ssl=1\"><img loading=\"lazy\" decoding=\"async\" class=\"aligncenter\" title=\"Alojamiento de Sucre Suites vista de la cama.\" src=\"https:\/\/i0.wp.com\/www.sucresuites.com\/wp-content\/uploads\/2018\/03\/alojamiento-cerca-del-fleni-belgrano-vista-3.jpg.jpg?resize=688%2C459&#038;ssl=1\" alt=\"Alojamiento de Sucre Suites vista de la cama.\" width=\"688\" height=\"459\" data-recalc-dims=\"1\" \/><\/a><\/p>\n<p>Uno de los temas cuando seremos atendidos en Fleni, o si vamos como acompa\u00f1antes de un paciente, es, sin duda, la estad\u00eda.<\/p>\n<p>A diferencia de un viaje de negocios o placer, donde podemos requerir una serie de servicios o caracter\u00edsticas, cuando se trata de un desplazamiento de salud, queremos asegurarnos de que todas las condiciones del apartamento sean <b>\u00f3ptimas<\/b>.<\/p>\n<p>Lo \u00faltimo que se necesita es un lugar ajetreado, con gente transitando a todas horas.<\/p>\n<p>Una habitaci\u00f3n sin cocina tambi\u00e9n puede ser un problema en nuestro caso.<\/p>\n<p>\u00bfQu\u00e9 nos <b>encantar\u00eda<\/b> tener al lado del centro hospitalario?<\/p>\n<p><b>Nuestra propia casa.<\/b><\/p>\n<p>Imagin\u00e1 por un momento disponer de un <b>maravilloso<\/b> apartamento, preparado para cubrir todas las <b>necesidades<\/b>.<\/p>\n<p>Sabemos que lo mejor para vos es un alojamiento cerca del Fleni Belgrado. Y es que Sucre Suites est\u00e1 a solo 4 cuadras.<\/p>\n<p>\u00bfSer\u00e1 posible que sea la <b>mejor<\/b> <b>opci\u00f3n<\/b>?<\/p>\n<p><a href=\"https:\/\/api.whatsapp.com\/send?phone=5491124002960+&amp;text=%C2%A1Hola!%20Quer\u00eda%20consultar%20por%20disponibilidad%20y%20precios%20cerca%20del%20Fleni.%20%C2%A1Gracias!\"><img loading=\"lazy\" decoding=\"async\" class=\"aligncenter wp-image-4979 size-full\" src=\"https:\/\/i0.wp.com\/www.sucresuites.com\/wp-content\/uploads\/2024\/03\/CONSULTAR-AHORA.png?resize=200%2C50&#038;ssl=1\" alt=\"\" width=\"200\" height=\"50\" srcset=\"https:\/\/i0.wp.com\/www.sucresuites.com\/wp-content\/uploads\/2024\/03\/CONSULTAR-AHORA.png?w=200&amp;ssl=1 200w, https:\/\/i0.wp.com\/www.sucresuites.com\/wp-content\/uploads\/2024\/03\/CONSULTAR-AHORA.png?resize=18%2C5&amp;ssl=1 18w\" sizes=\"auto, (max-width: 200px) 100vw, 200px\" data-recalc-dims=\"1\" \/><\/a><\/p>\n<h2 style=\"text-align: center;\"><b>La tranquilidad de estar como en casa<\/b><\/h2>\n<p><a href=\"https:\/\/i0.wp.com\/www.sucresuites.com\/wp-content\/uploads\/2018\/03\/alojamiento-cerca-del-fleni-belgrano-vista-2.jpg.jpg?ssl=1\"><img loading=\"lazy\" decoding=\"async\" class=\"aligncenter\" title=\"Alojamiento de Sucre Suites vista del puerto.\" src=\"https:\/\/i0.wp.com\/www.sucresuites.com\/wp-content\/uploads\/2018\/03\/alojamiento-cerca-del-fleni-belgrano-vista-2.jpg.jpg?resize=688%2C459&#038;ssl=1\" alt=\"Alojamiento de Sucre Suites vista del puerto.\" width=\"688\" height=\"459\" data-recalc-dims=\"1\" \/><\/a><\/p>\n<p>Nuestros apartamentos, adem\u00e1s de posibilitar alojamiento cerca del Fleni Belgrado, est\u00e1n completamente equipados y permiten la estancia de los pacientes, familiares y amigos en el mejor entorno.<\/p>\n<p>Todos nuestros departamentos vienen con:<\/p>\n<ul>\n<li>Apartamento privado en edificio<\/li>\n<li>1 cama doble grande<\/li>\n<li>Vistas a la ciudad<\/li>\n<li>TV de pantalla plana<\/li>\n<li>Canales v\u00eda sat\u00e9lite<\/li>\n<li>Aire acondicionado<\/li>\n<li>Ba\u00f1o privado<\/li>\n<li>Clothes iron<\/li>\n<li>Calefacci\u00f3n<\/li>\n<li>Suelo de baldosa \/ m\u00e1rmol<\/li>\n<li>Armario<\/li>\n<li>Productos de limpieza<\/li>\n<li>Ducha<\/li>\n<li>Art\u00edculos de aseo gratis<\/li>\n<li>Bidet<\/li>\n<li>Papel higi\u00e9nico<\/li>\n<li>Tetera \/ cafetera<\/li>\n<li>Zona de cocina<\/li>\n<li>Nevera<\/li>\n<li>Cocina<\/li>\n<li>Zona de comedor<\/li>\n<li>Utensilios de cocina<\/li>\n<li>Horno<\/li>\n<li>Coffee maker<\/li>\n<li>Mesa de comedor<\/li>\n<li>Toallas<\/li>\n<li>Acceso a pisos superiores mediante ascensor<\/li>\n<li>Toda la unidad accesible mediante silla de ruedas<\/li>\n<\/ul>\n<p>Est\u00e1n <b>preparados<\/b> para personas con <b>movilidad reducida <\/b>(como sillas de ruedas). Y eso es muy importante. Tambi\u00e9n es un alojamiento cerca del <a href=\"https:\/\/www.sucresuites.com\/en\/alojamiento-cerca-del-icba\/\">ICBA<\/a>, recocido Instituto Cardiovascular de Buenos Aires.<\/p>\n<p>Y si hay que alojar a varias personas, como grupos de familiares o acompa\u00f1antes, somos una gran soluci\u00f3n pues disponemos de varios apartamentos en el mismo edificio.<\/p>\n<p>Lo m\u00e1s importante es la gran <b>calidad de vida<\/b>, la <b>tranquilidad<\/b> de disponer de un c\u00f3modo lugar como en casa.<\/p>\n<p>Tan solo debemos concentrarnos en lo que nos importa: la visita a Fleni, el recuperarnos o el apoyar a nuestra persona querida.<\/p>\n<p>Y para terminar, pero no menos importante: m\u00e1s <b>econ\u00f3mico<\/b> que un hotel.<\/p>\n<p>\u00a1Los esperamos!<\/p>\n<p><a href=\"https:\/\/api.whatsapp.com\/send?phone=5491124002960+&amp;text=%C2%A1Hola!%20Quer\u00eda%20consultar%20por%20disponibilidad%20y%20precios%20cerca%20del%20Fleni.%20%C2%A1Gracias!\"><img loading=\"lazy\" decoding=\"async\" class=\"aligncenter wp-image-4979 size-full\" src=\"https:\/\/i0.wp.com\/www.sucresuites.com\/wp-content\/uploads\/2024\/03\/CONSULTAR-AHORA.png?resize=200%2C50&#038;ssl=1\" alt=\"\" width=\"200\" height=\"50\" srcset=\"https:\/\/i0.wp.com\/www.sucresuites.com\/wp-content\/uploads\/2024\/03\/CONSULTAR-AHORA.png?w=200&amp;ssl=1 200w, https:\/\/i0.wp.com\/www.sucresuites.com\/wp-content\/uploads\/2024\/03\/CONSULTAR-AHORA.png?resize=18%2C5&amp;ssl=1 18w\" sizes=\"auto, (max-width: 200px) 100vw, 200px\" data-recalc-dims=\"1\" \/><\/a><\/p>\n<h2 style=\"text-align: center;\"><b>El Instituto Fleni de Belgrano, en Buenos Aires<\/b><\/h2>\n<p><a href=\"https:\/\/i0.wp.com\/www.sucresuites.com\/wp-content\/uploads\/2018\/03\/instituto-fleni-sede-belgrano.jpg?ssl=1\"><img loading=\"lazy\" decoding=\"async\" class=\"aligncenter wp-image-609 size-full\" title=\"Entrada de Instituto Fleni Sede Belgrano\" src=\"https:\/\/i0.wp.com\/www.sucresuites.com\/wp-content\/uploads\/2018\/03\/instituto-fleni-sede-belgrano.jpg?resize=600%2C389&#038;ssl=1\" alt=\"Entrada de Instituto Fleni Sede Belgrano\" width=\"600\" height=\"389\" srcset=\"https:\/\/i0.wp.com\/www.sucresuites.com\/wp-content\/uploads\/2018\/03\/instituto-fleni-sede-belgrano.jpg?w=600&amp;ssl=1 600w, https:\/\/i0.wp.com\/www.sucresuites.com\/wp-content\/uploads\/2018\/03\/instituto-fleni-sede-belgrano.jpg?resize=300%2C195&amp;ssl=1 300w\" sizes=\"auto, (max-width: 600px) 100vw, 600px\" data-recalc-dims=\"1\" \/><\/a><\/p>\n<p>Si hay un centro prestigioso en la Argentina que trate las enfermedades <b>neurol\u00f3gicas<\/b> eficazmente, ese es el <a href=\"https:\/\/www.fleni.org.ar\/info-pacientes\/sede-belgrano\/\" target=\"_blank\" rel=\"noopener\"><strong>Instituto<\/strong> <b>Fleni<\/b><\/a>.<\/p>\n<p>Con casi <b>60<\/b> <b>a\u00f1os de veteran\u00eda<\/b>, presenta los m\u00e1s modernos m\u00e9todos y aparatolog\u00eda para prevenir, diagnosticar, tratar y rehabilitar a pacientes con problemas neurol\u00f3gicos, tanto ni\u00f1os como adultos.<\/p>\n<p>En la <b>sede de Belgrano<\/b> se sit\u00faan los pacientes agudos, con 113 camas y 70 consultorios externos. Dispone de equipamiento de \u00faltima generaci\u00f3n: 4 resonadores, 2 tom\u00f3grafos computados, 2 Angi\u00f3grafos, 16 Ec\u00f3grafos, o la \u00faltima inversi\u00f3n, el \u00fanico Gamma Knife de todo el pa\u00eds.<\/p>\n<p><b>Fleni<\/b> significa <i>Fundaci\u00f3n Para la Lucha contra las Enfermedades Neurol\u00f3gicas de la Infancia<\/i>, y fue fundada en 1959 por el neurocirujano Ra\u00fal Carrea.<\/p>\n<p>En 1976 ya dispon\u00eda del primer equipo de Tomograf\u00eda Computada en toda Sudam\u00e9rica. M\u00e1s tarde, en 1994, inaugura la sede actual, en Belgrano.<\/p>\n<p>Es conocida por disponer de un <b>galardonado equipo m\u00e9dico<\/b> ampliamente felicitado por sus \u00e9xitos.<\/p>\n<p>Hoy d\u00eda, en el Fleni de Belgrano se puede obtener una <b>atenci\u00f3n muy eficaz<\/b> en el campo de las <b>patolog\u00edas neurol\u00f3gicas<\/b>, y a este centro viajan personas de toda la Argentina, adem\u00e1s de otros pa\u00edses como Brasil, Uruguay, etc.<\/p>\n<p>Es un destino internacional de referencia. Y para su estadia, Sucre Suites son los mejores de un alojamiento cerca del Fleni Belgrano.<\/p>\n<p><a href=\"https:\/\/i0.wp.com\/www.sucresuites.com\/wp-content\/uploads\/2018\/03\/alojamiento-cerca-del-fleni-belgrano-mapa.jpg?ssl=1\"><img loading=\"lazy\" decoding=\"async\" class=\"aligncenter size-full wp-image-597\" src=\"https:\/\/i0.wp.com\/www.sucresuites.com\/wp-content\/uploads\/2018\/03\/alojamiento-cerca-del-fleni-belgrano-mapa.jpg?resize=600%2C600&#038;ssl=1\" alt=\"Mapa de Sucre Suites alojamiento cerca del Fleni Belgrano\" width=\"600\" height=\"600\" srcset=\"https:\/\/i0.wp.com\/www.sucresuites.com\/wp-content\/uploads\/2018\/03\/alojamiento-cerca-del-fleni-belgrano-mapa.jpg?w=600&amp;ssl=1 600w, https:\/\/i0.wp.com\/www.sucresuites.com\/wp-content\/uploads\/2018\/03\/alojamiento-cerca-del-fleni-belgrano-mapa.jpg?resize=150%2C150&amp;ssl=1 150w, https:\/\/i0.wp.com\/www.sucresuites.com\/wp-content\/uploads\/2018\/03\/alojamiento-cerca-del-fleni-belgrano-mapa.jpg?resize=300%2C300&amp;ssl=1 300w\" sizes=\"auto, (max-width: 600px) 100vw, 600px\" data-recalc-dims=\"1\" \/><\/a><a href=\"https:\/\/api.whatsapp.com\/send?phone=5491124002960+&amp;text=%C2%A1Hola!%20Quer\u00eda%20consultar%20por%20disponibilidad%20y%20precios%20cerca%20del%20Fleni.%20%C2%A1Gracias!\"><img loading=\"lazy\" decoding=\"async\" class=\"aligncenter wp-image-4979 size-full\" src=\"https:\/\/i0.wp.com\/www.sucresuites.com\/wp-content\/uploads\/2024\/03\/CONSULTAR-AHORA.png?resize=200%2C50&#038;ssl=1\" alt=\"\" width=\"200\" height=\"50\" srcset=\"https:\/\/i0.wp.com\/www.sucresuites.com\/wp-content\/uploads\/2024\/03\/CONSULTAR-AHORA.png?w=200&amp;ssl=1 200w, https:\/\/i0.wp.com\/www.sucresuites.com\/wp-content\/uploads\/2024\/03\/CONSULTAR-AHORA.png?resize=18%2C5&amp;ssl=1 18w\" sizes=\"auto, (max-width: 200px) 100vw, 200px\" data-recalc-dims=\"1\" \/><\/a><\/p>\n<p style=\"text-align: center;\"><strong><a href=\"https:\/\/www.sucresuites.com\/en\/comunicate-con-nosotros\/\">Cont\u00e1ctanos para m\u00e1s informaci\u00f3n<\/a><\/strong><\/p>","protected":false},"excerpt":{"rendered":"<p>Sucre Suites Ofrece La Mejor Alternativa de Alojamiento Cerca Del Fleni Belgrano La b\u00fasqueda de un alojamiento\u00a0cerca del Fleni Belgrano&hellip;<\/p>","protected":false},"author":4,"featured_media":0,"parent":160,"menu_order":0,"comment_status":"closed","ping_status":"closed","template":"","meta":{"footnotes":""},"class_list":["post-590","page","type-page","status-publish","hentry"],"yoast_head":"<!-- This site is optimized with the Yoast SEO plugin v21.0 - https:\/\/yoast.com\/wordpress\/plugins\/seo\/ -->\n<title>Alojamiento Cerca del Fleni Belgrano |<\/title>\n<meta name=\"description\" content=\"Busc\u00e1s alojamiento cerca del Fleni Belgrano? Departamentos c\u00f3modos, modernos y tranquilos 100% equipados. Hay disponibilidad &gt; \u00a1CLICK AQU\u00cd!\" \/>\n<meta name=\"robots\" content=\"index, follow, max-snippet:-1, max-image-preview:large, max-video-preview:-1\" \/>\n<link rel=\"canonical\" href=\"https:\/\/www.sucresuites.com\/en\/elbarrio\/alojamiento-cerca-del-fleni-belgrano\/\" \/>\n<meta property=\"og:locale\" content=\"en_US\" \/>\n<meta property=\"og:type\" content=\"article\" \/>\n<meta property=\"og:title\" content=\"Alojamiento Cerca del Fleni Belgrano |\" \/>\n<meta property=\"og:description\" content=\"Busc\u00e1s alojamiento cerca del Fleni Belgrano? Departamentos c\u00f3modos, modernos y tranquilos 100% equipados. Hay disponibilidad &gt; \u00a1CLICK AQU\u00cd!\" \/>\n<meta property=\"og:url\" content=\"https:\/\/www.sucresuites.com\/en\/elbarrio\/alojamiento-cerca-del-fleni-belgrano\/\" \/>\n<meta property=\"article:publisher\" content=\"https:\/\/www.facebook.com\/Sucresuites\/\" \/>\n<meta property=\"article:modified_time\" content=\"2024-05-06T13:55:47+00:00\" \/>\n<meta property=\"og:image\" content=\"https:\/\/www.sucresuites.com\/wp-content\/uploads\/2024\/03\/CONSULTAR-AHORA.png\" \/>\n<meta name=\"twitter:card\" content=\"summary_large_image\" \/>\n<meta name=\"twitter:label1\" content=\"Est. reading time\" \/>\n\t<meta name=\"twitter:data1\" content=\"6 minutes\" \/>\n<script type=\"application\/ld+json\" class=\"yoast-schema-graph\">{\"@context\":\"https:\/\/schema.org\",\"@graph\":[{\"@type\":\"AdvertiserContentArticle\",\"@id\":\"https:\/\/www.sucresuites.com\/elbarrio\/alojamiento-cerca-del-fleni-belgrano\/#article\",\"isPartOf\":{\"@id\":\"https:\/\/www.sucresuites.com\/elbarrio\/alojamiento-cerca-del-fleni-belgrano\/\"},\"author\":{\"name\":\"Mike\",\"@id\":\"https:\/\/www.sucresuites.com\/es\/#\/schema\/person\/7aefea8a097838184a0591f118b749bc\"},\"headline\":\"Alojamiento Cerca del Fleni Belgrano\",\"datePublished\":\"2018-03-06T21:42:55+00:00\",\"dateModified\":\"2024-05-06T13:55:47+00:00\",\"mainEntityOfPage\":{\"@id\":\"https:\/\/www.sucresuites.com\/elbarrio\/alojamiento-cerca-del-fleni-belgrano\/\"},\"wordCount\":788,\"publisher\":{\"@id\":\"https:\/\/www.sucresuites.com\/es\/#organization\"},\"inLanguage\":\"en-US\"},{\"@type\":\"WebPage\",\"@id\":\"https:\/\/www.sucresuites.com\/elbarrio\/alojamiento-cerca-del-fleni-belgrano\/\",\"url\":\"https:\/\/www.sucresuites.com\/elbarrio\/alojamiento-cerca-del-fleni-belgrano\/\",\"name\":\"Alojamiento Cerca del Fleni Belgrano |\",\"isPartOf\":{\"@id\":\"https:\/\/www.sucresuites.com\/es\/#website\"},\"datePublished\":\"2018-03-06T21:42:55+00:00\",\"dateModified\":\"2024-05-06T13:55:47+00:00\",\"description\":\"Busc\u00e1s alojamiento cerca del Fleni Belgrano? Departamentos c\u00f3modos, modernos y tranquilos 100% equipados. Hay disponibilidad > \u00a1CLICK AQU\u00cd!\",\"breadcrumb\":{\"@id\":\"https:\/\/www.sucresuites.com\/elbarrio\/alojamiento-cerca-del-fleni-belgrano\/#breadcrumb\"},\"inLanguage\":\"en-US\",\"potentialAction\":[{\"@type\":\"ReadAction\",\"target\":[\"https:\/\/www.sucresuites.com\/elbarrio\/alojamiento-cerca-del-fleni-belgrano\/\"]}]},{\"@type\":\"BreadcrumbList\",\"@id\":\"https:\/\/www.sucresuites.com\/elbarrio\/alojamiento-cerca-del-fleni-belgrano\/#breadcrumb\",\"itemListElement\":[{\"@type\":\"ListItem\",\"position\":1,\"name\":\"Portada\",\"item\":\"https:\/\/www.sucresuites.com\/\"},{\"@type\":\"ListItem\",\"position\":2,\"name\":\"El Barrio\",\"item\":\"https:\/\/www.sucresuites.com\/elbarrio\/\"},{\"@type\":\"ListItem\",\"position\":3,\"name\":\"Alojamiento Cerca del Fleni Belgrano\"}]},{\"@type\":\"WebSite\",\"@id\":\"https:\/\/www.sucresuites.com\/es\/#website\",\"url\":\"https:\/\/www.sucresuites.com\/es\/\",\"name\":\"\",\"description\":\"Apartamentos Temporarios\",\"publisher\":{\"@id\":\"https:\/\/www.sucresuites.com\/es\/#organization\"},\"potentialAction\":[{\"@type\":\"SearchAction\",\"target\":{\"@type\":\"EntryPoint\",\"urlTemplate\":\"https:\/\/www.sucresuites.com\/es\/?s={search_term_string}\"},\"query-input\":\"required name=search_term_string\"}],\"inLanguage\":\"en-US\"},{\"@type\":\"Organization\",\"@id\":\"https:\/\/www.sucresuites.com\/es\/#organization\",\"name\":\"Sucre Suites\",\"url\":\"https:\/\/www.sucresuites.com\/es\/\",\"logo\":{\"@type\":\"ImageObject\",\"inLanguage\":\"en-US\",\"@id\":\"https:\/\/www.sucresuites.com\/es\/#\/schema\/logo\/image\/\",\"url\":\"https:\/\/i0.wp.com\/www.sucresuites.com\/wp-content\/uploads\/2018\/02\/Selection_013.png?fit=338%2C95\",\"contentUrl\":\"https:\/\/i0.wp.com\/www.sucresuites.com\/wp-content\/uploads\/2018\/02\/Selection_013.png?fit=338%2C95\",\"width\":338,\"height\":95,\"caption\":\"Sucre Suites\"},\"image\":{\"@id\":\"https:\/\/www.sucresuites.com\/es\/#\/schema\/logo\/image\/\"},\"sameAs\":[\"https:\/\/www.facebook.com\/Sucresuites\/\"]},{\"@type\":\"Person\",\"@id\":\"https:\/\/www.sucresuites.com\/es\/#\/schema\/person\/7aefea8a097838184a0591f118b749bc\",\"name\":\"Mike\",\"image\":{\"@type\":\"ImageObject\",\"inLanguage\":\"en-US\",\"@id\":\"https:\/\/www.sucresuites.com\/es\/#\/schema\/person\/image\/\",\"url\":\"https:\/\/secure.gravatar.com\/avatar\/d2d7ded0c597eb5f75438e97288325cefd924b82c19aa025617bd515d7f132ed?s=96&d=mm&r=g\",\"contentUrl\":\"https:\/\/secure.gravatar.com\/avatar\/d2d7ded0c597eb5f75438e97288325cefd924b82c19aa025617bd515d7f132ed?s=96&d=mm&r=g\",\"caption\":\"Mike\"}}]}<\/script>\n<!-- \/ Yoast SEO plugin. -->","yoast_head_json":{"title":"Alojamiento Cerca del Fleni Belgrano |","description":"Busc\u00e1s alojamiento cerca del Fleni Belgrano? Departamentos c\u00f3modos, modernos y tranquilos 100% equipados. Hay disponibilidad > \u00a1CLICK AQU\u00cd!","robots":{"index":"index","follow":"follow","max-snippet":"max-snippet:-1","max-image-preview":"max-image-preview:large","max-video-preview":"max-video-preview:-1"},"canonical":"https:\/\/www.sucresuites.com\/en\/elbarrio\/alojamiento-cerca-del-fleni-belgrano\/","og_locale":"en_US","og_type":"article","og_title":"Alojamiento Cerca del Fleni Belgrano |","og_description":"Busc\u00e1s alojamiento cerca del Fleni Belgrano? Departamentos c\u00f3modos, modernos y tranquilos 100% equipados. Hay disponibilidad > \u00a1CLICK AQU\u00cd!","og_url":"https:\/\/www.sucresuites.com\/en\/elbarrio\/alojamiento-cerca-del-fleni-belgrano\/","article_publisher":"https:\/\/www.facebook.com\/Sucresuites\/","article_modified_time":"2024-05-06T13:55:47+00:00","og_image":[{"url":"https:\/\/www.sucresuites.com\/wp-content\/uploads\/2024\/03\/CONSULTAR-AHORA.png"}],"twitter_card":"summary_large_image","twitter_misc":{"Est. reading time":"6 minutes"},"schema":{"@context":"https:\/\/schema.org","@graph":[{"@type":"AdvertiserContentArticle","@id":"https:\/\/www.sucresuites.com\/elbarrio\/alojamiento-cerca-del-fleni-belgrano\/#article","isPartOf":{"@id":"https:\/\/www.sucresuites.com\/elbarrio\/alojamiento-cerca-del-fleni-belgrano\/"},"author":{"name":"Mike","@id":"https:\/\/www.sucresuites.com\/es\/#\/schema\/person\/7aefea8a097838184a0591f118b749bc"},"headline":"Alojamiento Cerca del Fleni Belgrano","datePublished":"2018-03-06T21:42:55+00:00","dateModified":"2024-05-06T13:55:47+00:00","mainEntityOfPage":{"@id":"https:\/\/www.sucresuites.com\/elbarrio\/alojamiento-cerca-del-fleni-belgrano\/"},"wordCount":788,"publisher":{"@id":"https:\/\/www.sucresuites.com\/es\/#organization"},"inLanguage":"en-US"},{"@type":"WebPage","@id":"https:\/\/www.sucresuites.com\/elbarrio\/alojamiento-cerca-del-fleni-belgrano\/","url":"https:\/\/www.sucresuites.com\/elbarrio\/alojamiento-cerca-del-fleni-belgrano\/","name":"Alojamiento Cerca del Fleni Belgrano |","isPartOf":{"@id":"https:\/\/www.sucresuites.com\/es\/#website"},"datePublished":"2018-03-06T21:42:55+00:00","dateModified":"2024-05-06T13:55:47+00:00","description":"Busc\u00e1s alojamiento cerca del Fleni Belgrano? Departamentos c\u00f3modos, modernos y tranquilos 100% equipados. Hay disponibilidad > \u00a1CLICK AQU\u00cd!","breadcrumb":{"@id":"https:\/\/www.sucresuites.com\/elbarrio\/alojamiento-cerca-del-fleni-belgrano\/#breadcrumb"},"inLanguage":"en-US","potentialAction":[{"@type":"ReadAction","target":["https:\/\/www.sucresuites.com\/elbarrio\/alojamiento-cerca-del-fleni-belgrano\/"]}]},{"@type":"BreadcrumbList","@id":"https:\/\/www.sucresuites.com\/elbarrio\/alojamiento-cerca-del-fleni-belgrano\/#breadcrumb","itemListElement":[{"@type":"ListItem","position":1,"name":"Portada","item":"https:\/\/www.sucresuites.com\/"},{"@type":"ListItem","position":2,"name":"El Barrio","item":"https:\/\/www.sucresuites.com\/elbarrio\/"},{"@type":"ListItem","position":3,"name":"Alojamiento Cerca del Fleni Belgrano"}]},{"@type":"WebSite","@id":"https:\/\/www.sucresuites.com\/es\/#website","url":"https:\/\/www.sucresuites.com\/es\/","name":"","description":"Apartamentos Temporarios","publisher":{"@id":"https:\/\/www.sucresuites.com\/es\/#organization"},"potentialAction":[{"@type":"SearchAction","target":{"@type":"EntryPoint","urlTemplate":"https:\/\/www.sucresuites.com\/es\/?s={search_term_string}"},"query-input":"required name=search_term_string"}],"inLanguage":"en-US"},{"@type":"Organization","@id":"https:\/\/www.sucresuites.com\/es\/#organization","name":"Sucre Suites","url":"https:\/\/www.sucresuites.com\/es\/","logo":{"@type":"ImageObject","inLanguage":"en-US","@id":"https:\/\/www.sucresuites.com\/es\/#\/schema\/logo\/image\/","url":"https:\/\/i0.wp.com\/www.sucresuites.com\/wp-content\/uploads\/2018\/02\/Selection_013.png?fit=338%2C95","contentUrl":"https:\/\/i0.wp.com\/www.sucresuites.com\/wp-content\/uploads\/2018\/02\/Selection_013.png?fit=338%2C95","width":338,"height":95,"caption":"Sucre Suites"},"image":{"@id":"https:\/\/www.sucresuites.com\/es\/#\/schema\/logo\/image\/"},"sameAs":["https:\/\/www.facebook.com\/Sucresuites\/"]},{"@type":"Person","@id":"https:\/\/www.sucresuites.com\/es\/#\/schema\/person\/7aefea8a097838184a0591f118b749bc","name":"Mike","image":{"@type":"ImageObject","inLanguage":"en-US","@id":"https:\/\/www.sucresuites.com\/es\/#\/schema\/person\/image\/","url":"https:\/\/secure.gravatar.com\/avatar\/d2d7ded0c597eb5f75438e97288325cefd924b82c19aa025617bd515d7f132ed?s=96&d=mm&r=g","contentUrl":"https:\/\/secure.gravatar.com\/avatar\/d2d7ded0c597eb5f75438e97288325cefd924b82c19aa025617bd515d7f132ed?s=96&d=mm&r=g","caption":"Mike"}}]}},"jetpack_sharing_enabled":true,"jetpack_shortlink":"https:\/\/wp.me\/P9I0kO-9w","_links":{"self":[{"href":"https:\/\/www.sucresuites.com\/en\/wp-json\/wp\/v2\/pages\/590","targetHints":{"allow":["GET"]}}],"collection":[{"href":"https:\/\/www.sucresuites.com\/en\/wp-json\/wp\/v2\/pages"}],"about":[{"href":"https:\/\/www.sucresuites.com\/en\/wp-json\/wp\/v2\/types\/page"}],"author":[{"embeddable":true,"href":"https:\/\/www.sucresuites.com\/en\/wp-json\/wp\/v2\/users\/4"}],"replies":[{"embeddable":true,"href":"https:\/\/www.sucresuites.com\/en\/wp-json\/wp\/v2\/comments?post=590"}],"version-history":[{"count":21,"href":"https:\/\/www.sucresuites.com\/en\/wp-json\/wp\/v2\/pages\/590\/revisions"}],"predecessor-version":[{"id":5148,"href":"https:\/\/www.sucresuites.com\/en\/wp-json\/wp\/v2\/pages\/590\/revisions\/5148"}],"up":[{"embeddable":true,"href":"https:\/\/www.sucresuites.com\/en\/wp-json\/wp\/v2\/pages\/160"}],"wp:attachment":[{"href":"https:\/\/www.sucresuites.com\/en\/wp-json\/wp\/v2\/media?parent=590"}],"curies":[{"name":"wp","href":"https:\/\/api.w.org\/{rel}","templated":true}]}}