{"id":4666,"date":"2024-01-22T18:40:01","date_gmt":"2024-01-22T21:40:01","guid":{"rendered":"https:\/\/www.sucresuites.com\/?page_id=4666"},"modified":"2024-01-22T19:00:34","modified_gmt":"2024-01-22T22:00:34","slug":"belgrano","status":"publish","type":"page","link":"https:\/\/www.sucresuites.com\/en\/belgrano\/","title":{"rendered":"Belgrano"},"content":{"rendered":"<div class=\"wp-block-media-text is-stacked-on-mobile\" style=\"grid-template-columns:52% auto\"><figure class=\"wp-block-media-text__media\"><img loading=\"lazy\" decoding=\"async\" width=\"688\" height=\"780\" src=\"https:\/\/i0.wp.com\/www.sucresuites.com\/wp-content\/uploads\/2024\/01\/praca-1.jpg?resize=688%2C780&#038;ssl=1\" alt=\"\" class=\"wp-image-4672 size-full\" srcset=\"https:\/\/i0.wp.com\/www.sucresuites.com\/wp-content\/uploads\/2024\/01\/praca-1.jpg?w=794&amp;ssl=1 794w, https:\/\/i0.wp.com\/www.sucresuites.com\/wp-content\/uploads\/2024\/01\/praca-1.jpg?resize=265%2C300&amp;ssl=1 265w, https:\/\/i0.wp.com\/www.sucresuites.com\/wp-content\/uploads\/2024\/01\/praca-1.jpg?resize=768%2C871&amp;ssl=1 768w, https:\/\/i0.wp.com\/www.sucresuites.com\/wp-content\/uploads\/2024\/01\/praca-1.jpg?resize=11%2C12&amp;ssl=1 11w\" sizes=\"auto, (max-width: 688px) 100vw, 688px\" data-recalc-dims=\"1\" \/><\/figure><div class=\"wp-block-media-text__content\">\n<p>\u00bfSab\u00edas que Belgrano ofrece una experiencia diferente que puede ser muy atractiva? Hospedarse en Belgrano permite a los visitantes experimentar el d\u00eda a d\u00eda de los porte\u00f1os en un barrio residencial, lejos del circuito tur\u00edstico tradicional en un ambiente tranquilo ofreciendo una visi\u00f3n m\u00e1s aut\u00e9ntica de la vida en Buenos Aires. <\/p>\n<\/div><\/div>\n\n\n\n<figure class=\"wp-block-pullquote\"><blockquote><p>DESCUBR\u00cd <strong>SUCRE SUITES<\/strong>, <br>LA ESTAD\u00cdA TEMPORAL PERFECTA PARA VOS CON TODO EQUIPADO<\/p><\/blockquote><\/figure>\n\n\n\n<div class=\"wp-block-buttons is-content-justification-center is-layout-flex wp-container-core-buttons-is-layout-16018d1d wp-block-buttons-is-layout-flex\">\n<div class=\"wp-block-button is-style-fill\"><a class=\"wp-block-button__link has-quinary-color has-secondary-background-color has-text-color has-background has-link-color wp-element-button\" href=\"https:\/\/www.sucresuites.com\/en\/apartamentos\/\" target=\"_blank\" rel=\"noopener\"><mark style=\"background-color:#0b3954\" class=\"has-inline-color has-quinary-color\">RESERVE<\/mark><\/a><\/div>\n<\/div>","protected":false},"excerpt":{"rendered":"<p>\u00bfSab\u00edas que Belgrano ofrece una experiencia diferente que puede ser muy atractiva? Hospedarse en Belgrano permite a los visitantes experimentar&hellip;<\/p>","protected":false},"author":1,"featured_media":0,"parent":0,"menu_order":0,"comment_status":"closed","ping_status":"closed","template":"","meta":{"footnotes":""},"class_list":["post-4666","page","type-page","status-publish","hentry"],"yoast_head":"<!-- This site is optimized with the Yoast SEO plugin v21.0 - https:\/\/yoast.com\/wordpress\/plugins\/seo\/ -->\n<title>Belgrano |<\/title>\n<meta name=\"robots\" content=\"index, follow, max-snippet:-1, max-image-preview:large, max-video-preview:-1\" \/>\n<link rel=\"canonical\" href=\"https:\/\/www.sucresuites.com\/en\/belgrano\/\" \/>\n<meta property=\"og:locale\" content=\"en_US\" \/>\n<meta property=\"og:type\" content=\"article\" \/>\n<meta property=\"og:title\" content=\"Belgrano |\" \/>\n<meta property=\"og:description\" content=\"\u00bfSab\u00edas que Belgrano ofrece una experiencia diferente que puede ser muy atractiva? Hospedarse en Belgrano permite a los visitantes experimentar&hellip;\" \/>\n<meta property=\"og:url\" content=\"https:\/\/www.sucresuites.com\/en\/belgrano\/\" \/>\n<meta property=\"article:publisher\" content=\"https:\/\/www.facebook.com\/Sucresuites\/\" \/>\n<meta property=\"article:modified_time\" content=\"2024-01-22T22:00:34+00:00\" \/>\n<meta property=\"og:image\" content=\"https:\/\/www.sucresuites.com\/wp-content\/uploads\/2024\/01\/praca-1.jpg\" \/>\n<meta name=\"twitter:card\" content=\"summary_large_image\" \/>\n<meta name=\"twitter:label1\" content=\"Est. reading time\" \/>\n\t<meta name=\"twitter:data1\" content=\"1 minute\" \/>\n<script type=\"application\/ld+json\" class=\"yoast-schema-graph\">{\"@context\":\"https:\/\/schema.org\",\"@graph\":[{\"@type\":\"WebPage\",\"@id\":\"https:\/\/www.sucresuites.com\/belgrano\/\",\"url\":\"https:\/\/www.sucresuites.com\/belgrano\/\",\"name\":\"Belgrano |\",\"isPartOf\":{\"@id\":\"https:\/\/www.sucresuites.com\/es\/#website\"},\"datePublished\":\"2024-01-22T21:40:01+00:00\",\"dateModified\":\"2024-01-22T22:00:34+00:00\",\"breadcrumb\":{\"@id\":\"https:\/\/www.sucresuites.com\/belgrano\/#breadcrumb\"},\"inLanguage\":\"en-US\",\"potentialAction\":[{\"@type\":\"ReadAction\",\"target\":[\"https:\/\/www.sucresuites.com\/belgrano\/\"]}]},{\"@type\":\"BreadcrumbList\",\"@id\":\"https:\/\/www.sucresuites.com\/belgrano\/#breadcrumb\",\"itemListElement\":[{\"@type\":\"ListItem\",\"position\":1,\"name\":\"Portada\",\"item\":\"https:\/\/www.sucresuites.com\/\"},{\"@type\":\"ListItem\",\"position\":2,\"name\":\"Belgrano\"}]},{\"@type\":\"WebSite\",\"@id\":\"https:\/\/www.sucresuites.com\/es\/#website\",\"url\":\"https:\/\/www.sucresuites.com\/es\/\",\"name\":\"\",\"description\":\"Apartamentos Temporarios\",\"publisher\":{\"@id\":\"https:\/\/www.sucresuites.com\/es\/#organization\"},\"potentialAction\":[{\"@type\":\"SearchAction\",\"target\":{\"@type\":\"EntryPoint\",\"urlTemplate\":\"https:\/\/www.sucresuites.com\/es\/?s={search_term_string}\"},\"query-input\":\"required name=search_term_string\"}],\"inLanguage\":\"en-US\"},{\"@type\":\"Organization\",\"@id\":\"https:\/\/www.sucresuites.com\/es\/#organization\",\"name\":\"Sucre Suites\",\"url\":\"https:\/\/www.sucresuites.com\/es\/\",\"logo\":{\"@type\":\"ImageObject\",\"inLanguage\":\"en-US\",\"@id\":\"https:\/\/www.sucresuites.com\/es\/#\/schema\/logo\/image\/\",\"url\":\"https:\/\/i0.wp.com\/www.sucresuites.com\/wp-content\/uploads\/2018\/02\/Selection_013.png?fit=338%2C95\",\"contentUrl\":\"https:\/\/i0.wp.com\/www.sucresuites.com\/wp-content\/uploads\/2018\/02\/Selection_013.png?fit=338%2C95\",\"width\":338,\"height\":95,\"caption\":\"Sucre Suites\"},\"image\":{\"@id\":\"https:\/\/www.sucresuites.com\/es\/#\/schema\/logo\/image\/\"},\"sameAs\":[\"https:\/\/www.facebook.com\/Sucresuites\/\"]}]}<\/script>\n<!-- \/ Yoast SEO plugin. -->","yoast_head_json":{"title":"Belgrano |","robots":{"index":"index","follow":"follow","max-snippet":"max-snippet:-1","max-image-preview":"max-image-preview:large","max-video-preview":"max-video-preview:-1"},"canonical":"https:\/\/www.sucresuites.com\/en\/belgrano\/","og_locale":"en_US","og_type":"article","og_title":"Belgrano |","og_description":"\u00bfSab\u00edas que Belgrano ofrece una experiencia diferente que puede ser muy atractiva? Hospedarse en Belgrano permite a los visitantes experimentar&hellip;","og_url":"https:\/\/www.sucresuites.com\/en\/belgrano\/","article_publisher":"https:\/\/www.facebook.com\/Sucresuites\/","article_modified_time":"2024-01-22T22:00:34+00:00","og_image":[{"url":"https:\/\/www.sucresuites.com\/wp-content\/uploads\/2024\/01\/praca-1.jpg"}],"twitter_card":"summary_large_image","twitter_misc":{"Est. reading time":"1 minute"},"schema":{"@context":"https:\/\/schema.org","@graph":[{"@type":"WebPage","@id":"https:\/\/www.sucresuites.com\/belgrano\/","url":"https:\/\/www.sucresuites.com\/belgrano\/","name":"Belgrano |","isPartOf":{"@id":"https:\/\/www.sucresuites.com\/es\/#website"},"datePublished":"2024-01-22T21:40:01+00:00","dateModified":"2024-01-22T22:00:34+00:00","breadcrumb":{"@id":"https:\/\/www.sucresuites.com\/belgrano\/#breadcrumb"},"inLanguage":"en-US","potentialAction":[{"@type":"ReadAction","target":["https:\/\/www.sucresuites.com\/belgrano\/"]}]},{"@type":"BreadcrumbList","@id":"https:\/\/www.sucresuites.com\/belgrano\/#breadcrumb","itemListElement":[{"@type":"ListItem","position":1,"name":"Portada","item":"https:\/\/www.sucresuites.com\/"},{"@type":"ListItem","position":2,"name":"Belgrano"}]},{"@type":"WebSite","@id":"https:\/\/www.sucresuites.com\/es\/#website","url":"https:\/\/www.sucresuites.com\/es\/","name":"","description":"Apartamentos Temporarios","publisher":{"@id":"https:\/\/www.sucresuites.com\/es\/#organization"},"potentialAction":[{"@type":"SearchAction","target":{"@type":"EntryPoint","urlTemplate":"https:\/\/www.sucresuites.com\/es\/?s={search_term_string}"},"query-input":"required name=search_term_string"}],"inLanguage":"en-US"},{"@type":"Organization","@id":"https:\/\/www.sucresuites.com\/es\/#organization","name":"Sucre Suites","url":"https:\/\/www.sucresuites.com\/es\/","logo":{"@type":"ImageObject","inLanguage":"en-US","@id":"https:\/\/www.sucresuites.com\/es\/#\/schema\/logo\/image\/","url":"https:\/\/i0.wp.com\/www.sucresuites.com\/wp-content\/uploads\/2018\/02\/Selection_013.png?fit=338%2C95","contentUrl":"https:\/\/i0.wp.com\/www.sucresuites.com\/wp-content\/uploads\/2018\/02\/Selection_013.png?fit=338%2C95","width":338,"height":95,"caption":"Sucre Suites"},"image":{"@id":"https:\/\/www.sucresuites.com\/es\/#\/schema\/logo\/image\/"},"sameAs":["https:\/\/www.facebook.com\/Sucresuites\/"]}]}},"jetpack_sharing_enabled":true,"jetpack_shortlink":"https:\/\/wp.me\/P9I0kO-1dg","_links":{"self":[{"href":"https:\/\/www.sucresuites.com\/en\/wp-json\/wp\/v2\/pages\/4666","targetHints":{"allow":["GET"]}}],"collection":[{"href":"https:\/\/www.sucresuites.com\/en\/wp-json\/wp\/v2\/pages"}],"about":[{"href":"https:\/\/www.sucresuites.com\/en\/wp-json\/wp\/v2\/types\/page"}],"author":[{"embeddable":true,"href":"https:\/\/www.sucresuites.com\/en\/wp-json\/wp\/v2\/users\/1"}],"replies":[{"embeddable":true,"href":"https:\/\/www.sucresuites.com\/en\/wp-json\/wp\/v2\/comments?post=4666"}],"version-history":[{"count":7,"href":"https:\/\/www.sucresuites.com\/en\/wp-json\/wp\/v2\/pages\/4666\/revisions"}],"predecessor-version":[{"id":4677,"href":"https:\/\/www.sucresuites.com\/en\/wp-json\/wp\/v2\/pages\/4666\/revisions\/4677"}],"wp:attachment":[{"href":"https:\/\/www.sucresuites.com\/en\/wp-json\/wp\/v2\/media?parent=4666"}],"curies":[{"name":"wp","href":"https:\/\/api.w.org\/{rel}","templated":true}]}}