{"id":2029,"date":"2020-05-04T11:44:56","date_gmt":"2020-05-04T14:44:56","guid":{"rendered":"https:\/\/www.sucresuites.com\/?page_id=2029"},"modified":"2020-05-07T15:30:42","modified_gmt":"2020-05-07T18:30:42","slug":"cuida-a-tus-padres-cuida-a-los-tuyos","status":"publish","type":"page","link":"https:\/\/www.sucresuites.com\/en\/cuida-a-tus-padres-cuida-a-los-tuyos\/","title":{"rendered":"Cuid\u00e1 a tus padres, cuid\u00e1 a los tuyos."},"content":{"rendered":"<p>Durante esta etapa del aislamiento obligatorio decretado por la crisis del <strong>Coronavirus (COVID-19)<\/strong> tenemos que <strong>cuidar a las personas mayores<\/strong> ya que son los m\u00e1s  afectadas por esta pandemia. En Sucre Suites pod\u00e9s encontrar <strong>un lugar donde alojar a tus padres mayores para cuidarlos<\/strong> y tenerlos cerca para asistirlos. <\/p>\n\n\n\n<p>En Sucre Suites contamos con <strong>departamentos completamente amoblados en Belgrano<\/strong>, para que tus padres puedan pasar la <strong>cuarentena sin riesgos<\/strong> y puedas visitarlos y asistirlos cerca de tu casa con todas las comodidades que ellos necesitan.<\/p>\n\n\n\n<div class=\"wp-block-image\"><figure class=\"aligncenter size-large\"><img loading=\"lazy\" decoding=\"async\" width=\"688\" height=\"227\" src=\"https:\/\/i0.wp.com\/www.sucresuites.com\/wp-content\/uploads\/2020\/05\/sucre-1.png?resize=688%2C227&#038;ssl=1\" alt=\"\" class=\"wp-image-2035\" srcset=\"https:\/\/i0.wp.com\/www.sucresuites.com\/wp-content\/uploads\/2020\/05\/sucre-1.png?w=974&amp;ssl=1 974w, https:\/\/i0.wp.com\/www.sucresuites.com\/wp-content\/uploads\/2020\/05\/sucre-1.png?resize=300%2C99&amp;ssl=1 300w, https:\/\/i0.wp.com\/www.sucresuites.com\/wp-content\/uploads\/2020\/05\/sucre-1.png?resize=768%2C253&amp;ssl=1 768w\" sizes=\"auto, (max-width: 688px) 100vw, 688px\" data-recalc-dims=\"1\" \/><\/figure><\/div>\n\n\n\n<p><strong>Todos nuestros departamentos se encuentran 100% equipados:<\/strong><\/p>\n\n\n\n<p>Apartamento privado en edificio, 1 cama doble grande, Vistas a la ciudad, TV de pantalla plana, Canales v\u00eda sat\u00e9lite, Aire acondicionado, Ba\u00f1o privado, Plancha para ropa, Calefacci\u00f3n, Suelo de baldosa \/ m\u00e1rmol, Armario, Productos de limpieza, Ducha, Art\u00edculos de aseo gratis, Bidet, Papel higi\u00e9nico, Tetera \/ cafetera, Zona de cocina, Nevera, Cocina, Zona de comedor, Utensilios de cocina, Horno, Cafetera, Mesa de comedor, Toallas, Acceso a pisos superiores mediante ascensor, Toda la unidad accesible mediante silla de ruedas.<\/p>\n\n\n\n<p><strong>Ponete en contacto con nosotros<\/strong> y enterate la propuesta que tenemos para tu familila. <a href=\"https:\/\/www.sucresuites.com\/en\/comunicate-con-nosotros\/\"><strong>Click Aqu\u00ed<\/strong><\/a>.<\/p>\n\n\n\n<p><\/p>\n\n\n\n<div class=\"wp-block-jetpack-tiled-gallery aligncenter is-style-rectangular\"><div class=\"tiled-gallery__gallery\"><div class=\"tiled-gallery__row\"><div class=\"tiled-gallery__col\"><figure class=\"tiled-gallery__item\"><img decoding=\"async\" srcset=\"https:\/\/i2.wp.com\/www.sucresuites.com\/wp-content\/uploads\/2020\/05\/1-scaled.jpg?strip=info&#038;w=600 600w,https:\/\/i2.wp.com\/www.sucresuites.com\/wp-content\/uploads\/2020\/05\/1-scaled.jpg?strip=info&#038;w=900 900w,https:\/\/i2.wp.com\/www.sucresuites.com\/wp-content\/uploads\/2020\/05\/1-scaled.jpg?strip=info&#038;w=1200 1200w,https:\/\/i2.wp.com\/www.sucresuites.com\/wp-content\/uploads\/2020\/05\/1-scaled.jpg?strip=info&#038;w=1500 1500w,https:\/\/i2.wp.com\/www.sucresuites.com\/wp-content\/uploads\/2020\/05\/1-scaled.jpg?strip=info&#038;w=1707 1707w\" alt=\"\" data-height=\"2560\" data-id=\"2037\" data-link=\"https:\/\/www.sucresuites.com\/cuida-a-tus-padres-cuida-a-los-tuyos\/attachment\/1\/\" data-url=\"https:\/\/www.sucresuites.com\/wp-content\/uploads\/2020\/05\/1-scaled.jpg\" data-width=\"1707\" src=\"https:\/\/i2.wp.com\/www.sucresuites.com\/wp-content\/uploads\/2020\/05\/1-scaled.jpg\"\/><\/figure><\/div><div class=\"tiled-gallery__col\"><figure class=\"tiled-gallery__item\"><img decoding=\"async\" srcset=\"https:\/\/i1.wp.com\/www.sucresuites.com\/wp-content\/uploads\/2020\/05\/2-scaled.jpg?strip=info&#038;w=600 600w,https:\/\/i1.wp.com\/www.sucresuites.com\/wp-content\/uploads\/2020\/05\/2-scaled.jpg?strip=info&#038;w=900 900w,https:\/\/i1.wp.com\/www.sucresuites.com\/wp-content\/uploads\/2020\/05\/2-scaled.jpg?strip=info&#038;w=1200 1200w,https:\/\/i1.wp.com\/www.sucresuites.com\/wp-content\/uploads\/2020\/05\/2-scaled.jpg?strip=info&#038;w=1500 1500w,https:\/\/i1.wp.com\/www.sucresuites.com\/wp-content\/uploads\/2020\/05\/2-scaled.jpg?strip=info&#038;w=1800 1800w,https:\/\/i1.wp.com\/www.sucresuites.com\/wp-content\/uploads\/2020\/05\/2-scaled.jpg?strip=info&#038;w=2000 2000w\" alt=\"\" data-height=\"1707\" data-id=\"2038\" data-link=\"https:\/\/www.sucresuites.com\/cuida-a-tus-padres-cuida-a-los-tuyos\/attachment\/2\/\" data-url=\"https:\/\/www.sucresuites.com\/wp-content\/uploads\/2020\/05\/2-scaled.jpg\" data-width=\"2560\" src=\"https:\/\/i1.wp.com\/www.sucresuites.com\/wp-content\/uploads\/2020\/05\/2-scaled.jpg\"\/><\/figure><\/div><div class=\"tiled-gallery__col\"><figure class=\"tiled-gallery__item\"><img decoding=\"async\" srcset=\"https:\/\/i0.wp.com\/www.sucresuites.com\/wp-content\/uploads\/2020\/05\/3-scaled.jpg?strip=info&#038;w=600 600w,https:\/\/i0.wp.com\/www.sucresuites.com\/wp-content\/uploads\/2020\/05\/3-scaled.jpg?strip=info&#038;w=900 900w,https:\/\/i0.wp.com\/www.sucresuites.com\/wp-content\/uploads\/2020\/05\/3-scaled.jpg?strip=info&#038;w=1200 1200w,https:\/\/i0.wp.com\/www.sucresuites.com\/wp-content\/uploads\/2020\/05\/3-scaled.jpg?strip=info&#038;w=1500 1500w,https:\/\/i0.wp.com\/www.sucresuites.com\/wp-content\/uploads\/2020\/05\/3-scaled.jpg?strip=info&#038;w=1707 1707w\" alt=\"\" data-height=\"2560\" data-id=\"2039\" data-link=\"https:\/\/www.sucresuites.com\/cuida-a-tus-padres-cuida-a-los-tuyos\/attachment\/3\/\" data-url=\"https:\/\/www.sucresuites.com\/wp-content\/uploads\/2020\/05\/3-scaled.jpg\" data-width=\"1707\" src=\"https:\/\/i0.wp.com\/www.sucresuites.com\/wp-content\/uploads\/2020\/05\/3-scaled.jpg\"\/><\/figure><\/div><\/div><div class=\"tiled-gallery__row\"><div class=\"tiled-gallery__col\"><figure class=\"tiled-gallery__item\"><img decoding=\"async\" srcset=\"https:\/\/i0.wp.com\/www.sucresuites.com\/wp-content\/uploads\/2020\/05\/3b-scaled.jpg?strip=info&#038;w=600 600w,https:\/\/i0.wp.com\/www.sucresuites.com\/wp-content\/uploads\/2020\/05\/3b-scaled.jpg?strip=info&#038;w=900 900w,https:\/\/i0.wp.com\/www.sucresuites.com\/wp-content\/uploads\/2020\/05\/3b-scaled.jpg?strip=info&#038;w=1200 1200w,https:\/\/i0.wp.com\/www.sucresuites.com\/wp-content\/uploads\/2020\/05\/3b-scaled.jpg?strip=info&#038;w=1500 1500w,https:\/\/i0.wp.com\/www.sucresuites.com\/wp-content\/uploads\/2020\/05\/3b-scaled.jpg?strip=info&#038;w=1800 1800w,https:\/\/i0.wp.com\/www.sucresuites.com\/wp-content\/uploads\/2020\/05\/3b-scaled.jpg?strip=info&#038;w=2000 2000w\" alt=\"\" data-height=\"1930\" data-id=\"2041\" data-link=\"https:\/\/www.sucresuites.com\/cuida-a-tus-padres-cuida-a-los-tuyos\/3b\/\" data-url=\"https:\/\/www.sucresuites.com\/wp-content\/uploads\/2020\/05\/3b-scaled.jpg\" data-width=\"2560\" src=\"https:\/\/i0.wp.com\/www.sucresuites.com\/wp-content\/uploads\/2020\/05\/3b-scaled.jpg\"\/><\/figure><figure class=\"tiled-gallery__item\"><img decoding=\"async\" srcset=\"https:\/\/i0.wp.com\/www.sucresuites.com\/wp-content\/uploads\/2020\/05\/3c-scaled.jpg?strip=info&#038;w=600 600w,https:\/\/i0.wp.com\/www.sucresuites.com\/wp-content\/uploads\/2020\/05\/3c-scaled.jpg?strip=info&#038;w=900 900w,https:\/\/i0.wp.com\/www.sucresuites.com\/wp-content\/uploads\/2020\/05\/3c-scaled.jpg?strip=info&#038;w=1200 1200w,https:\/\/i0.wp.com\/www.sucresuites.com\/wp-content\/uploads\/2020\/05\/3c-scaled.jpg?strip=info&#038;w=1500 1500w,https:\/\/i0.wp.com\/www.sucresuites.com\/wp-content\/uploads\/2020\/05\/3c-scaled.jpg?strip=info&#038;w=1800 1800w,https:\/\/i0.wp.com\/www.sucresuites.com\/wp-content\/uploads\/2020\/05\/3c-scaled.jpg?strip=info&#038;w=2000 2000w\" alt=\"\" data-height=\"1707\" data-id=\"2042\" data-link=\"https:\/\/www.sucresuites.com\/cuida-a-tus-padres-cuida-a-los-tuyos\/3c\/\" data-url=\"https:\/\/www.sucresuites.com\/wp-content\/uploads\/2020\/05\/3c-scaled.jpg\" data-width=\"2560\" src=\"https:\/\/i0.wp.com\/www.sucresuites.com\/wp-content\/uploads\/2020\/05\/3c-scaled.jpg\"\/><\/figure><\/div><div class=\"tiled-gallery__col\"><figure class=\"tiled-gallery__item\"><img decoding=\"async\" srcset=\"https:\/\/i1.wp.com\/www.sucresuites.com\/wp-content\/uploads\/2020\/05\/4-scaled.jpg?strip=info&#038;w=600 600w,https:\/\/i1.wp.com\/www.sucresuites.com\/wp-content\/uploads\/2020\/05\/4-scaled.jpg?strip=info&#038;w=900 900w,https:\/\/i1.wp.com\/www.sucresuites.com\/wp-content\/uploads\/2020\/05\/4-scaled.jpg?strip=info&#038;w=1200 1200w,https:\/\/i1.wp.com\/www.sucresuites.com\/wp-content\/uploads\/2020\/05\/4-scaled.jpg?strip=info&#038;w=1500 1500w,https:\/\/i1.wp.com\/www.sucresuites.com\/wp-content\/uploads\/2020\/05\/4-scaled.jpg?strip=info&#038;w=1707 1707w\" alt=\"\" data-height=\"2560\" data-id=\"2043\" data-link=\"https:\/\/www.sucresuites.com\/cuida-a-tus-padres-cuida-a-los-tuyos\/attachment\/4\/\" data-url=\"https:\/\/www.sucresuites.com\/wp-content\/uploads\/2020\/05\/4-scaled.jpg\" data-width=\"1707\" src=\"https:\/\/i1.wp.com\/www.sucresuites.com\/wp-content\/uploads\/2020\/05\/4-scaled.jpg\"\/><\/figure><\/div><\/div><div class=\"tiled-gallery__row\"><div class=\"tiled-gallery__col\"><figure class=\"tiled-gallery__item\"><img decoding=\"async\" srcset=\"https:\/\/i2.wp.com\/www.sucresuites.com\/wp-content\/uploads\/2020\/05\/4b-scaled.jpg?strip=info&#038;w=600 600w,https:\/\/i2.wp.com\/www.sucresuites.com\/wp-content\/uploads\/2020\/05\/4b-scaled.jpg?strip=info&#038;w=900 900w,https:\/\/i2.wp.com\/www.sucresuites.com\/wp-content\/uploads\/2020\/05\/4b-scaled.jpg?strip=info&#038;w=1200 1200w,https:\/\/i2.wp.com\/www.sucresuites.com\/wp-content\/uploads\/2020\/05\/4b-scaled.jpg?strip=info&#038;w=1500 1500w,https:\/\/i2.wp.com\/www.sucresuites.com\/wp-content\/uploads\/2020\/05\/4b-scaled.jpg?strip=info&#038;w=1800 1800w,https:\/\/i2.wp.com\/www.sucresuites.com\/wp-content\/uploads\/2020\/05\/4b-scaled.jpg?strip=info&#038;w=2000 2000w\" alt=\"\" data-height=\"1439\" data-id=\"2044\" data-link=\"https:\/\/www.sucresuites.com\/cuida-a-tus-padres-cuida-a-los-tuyos\/4b\/\" data-url=\"https:\/\/www.sucresuites.com\/wp-content\/uploads\/2020\/05\/4b-scaled.jpg\" data-width=\"2560\" src=\"https:\/\/i2.wp.com\/www.sucresuites.com\/wp-content\/uploads\/2020\/05\/4b-scaled.jpg\"\/><\/figure><\/div><div class=\"tiled-gallery__col\"><figure class=\"tiled-gallery__item\"><img decoding=\"async\" srcset=\"https:\/\/i1.wp.com\/www.sucresuites.com\/wp-content\/uploads\/2020\/05\/5-scaled.jpg?strip=info&#038;w=600 600w,https:\/\/i1.wp.com\/www.sucresuites.com\/wp-content\/uploads\/2020\/05\/5-scaled.jpg?strip=info&#038;w=900 900w,https:\/\/i1.wp.com\/www.sucresuites.com\/wp-content\/uploads\/2020\/05\/5-scaled.jpg?strip=info&#038;w=1200 1200w,https:\/\/i1.wp.com\/www.sucresuites.com\/wp-content\/uploads\/2020\/05\/5-scaled.jpg?strip=info&#038;w=1500 1500w,https:\/\/i1.wp.com\/www.sucresuites.com\/wp-content\/uploads\/2020\/05\/5-scaled.jpg?strip=info&#038;w=1800 1800w,https:\/\/i1.wp.com\/www.sucresuites.com\/wp-content\/uploads\/2020\/05\/5-scaled.jpg?strip=info&#038;w=2000 2000w\" alt=\"\" data-height=\"1439\" data-id=\"2045\" data-link=\"https:\/\/www.sucresuites.com\/cuida-a-tus-padres-cuida-a-los-tuyos\/attachment\/5\/\" data-url=\"https:\/\/www.sucresuites.com\/wp-content\/uploads\/2020\/05\/5-scaled.jpg\" data-width=\"2560\" src=\"https:\/\/i1.wp.com\/www.sucresuites.com\/wp-content\/uploads\/2020\/05\/5-scaled.jpg\"\/><\/figure><\/div><\/div><div class=\"tiled-gallery__row\"><div class=\"tiled-gallery__col\"><figure class=\"tiled-gallery__item\"><img decoding=\"async\" srcset=\"https:\/\/i2.wp.com\/www.sucresuites.com\/wp-content\/uploads\/2020\/05\/6-scaled.jpg?strip=info&#038;w=600 600w,https:\/\/i2.wp.com\/www.sucresuites.com\/wp-content\/uploads\/2020\/05\/6-scaled.jpg?strip=info&#038;w=900 900w,https:\/\/i2.wp.com\/www.sucresuites.com\/wp-content\/uploads\/2020\/05\/6-scaled.jpg?strip=info&#038;w=1200 1200w,https:\/\/i2.wp.com\/www.sucresuites.com\/wp-content\/uploads\/2020\/05\/6-scaled.jpg?strip=info&#038;w=1439 1439w\" alt=\"\" data-height=\"2560\" data-id=\"2046\" data-link=\"https:\/\/www.sucresuites.com\/cuida-a-tus-padres-cuida-a-los-tuyos\/attachment\/6\/\" data-url=\"https:\/\/www.sucresuites.com\/wp-content\/uploads\/2020\/05\/6-scaled.jpg\" data-width=\"1439\" src=\"https:\/\/i2.wp.com\/www.sucresuites.com\/wp-content\/uploads\/2020\/05\/6-scaled.jpg\"\/><\/figure><\/div><div class=\"tiled-gallery__col\"><figure class=\"tiled-gallery__item\"><img decoding=\"async\" srcset=\"https:\/\/i2.wp.com\/www.sucresuites.com\/wp-content\/uploads\/2020\/05\/8-scaled.jpg?strip=info&#038;w=600 600w,https:\/\/i2.wp.com\/www.sucresuites.com\/wp-content\/uploads\/2020\/05\/8-scaled.jpg?strip=info&#038;w=900 900w,https:\/\/i2.wp.com\/www.sucresuites.com\/wp-content\/uploads\/2020\/05\/8-scaled.jpg?strip=info&#038;w=1200 1200w,https:\/\/i2.wp.com\/www.sucresuites.com\/wp-content\/uploads\/2020\/05\/8-scaled.jpg?strip=info&#038;w=1500 1500w,https:\/\/i2.wp.com\/www.sucresuites.com\/wp-content\/uploads\/2020\/05\/8-scaled.jpg?strip=info&#038;w=1800 1800w,https:\/\/i2.wp.com\/www.sucresuites.com\/wp-content\/uploads\/2020\/05\/8-scaled.jpg?strip=info&#038;w=2000 2000w\" alt=\"\" data-height=\"1707\" data-id=\"2047\" data-link=\"https:\/\/www.sucresuites.com\/cuida-a-tus-padres-cuida-a-los-tuyos\/attachment\/8\/\" data-url=\"https:\/\/www.sucresuites.com\/wp-content\/uploads\/2020\/05\/8-scaled.jpg\" data-width=\"2560\" src=\"https:\/\/i2.wp.com\/www.sucresuites.com\/wp-content\/uploads\/2020\/05\/8-scaled.jpg\"\/><\/figure><figure class=\"tiled-gallery__item\"><img decoding=\"async\" srcset=\"https:\/\/i1.wp.com\/www.sucresuites.com\/wp-content\/uploads\/2020\/05\/studio-con-balcon-scaled.jpg?strip=info&#038;w=600 600w,https:\/\/i1.wp.com\/www.sucresuites.com\/wp-content\/uploads\/2020\/05\/studio-con-balcon-scaled.jpg?strip=info&#038;w=900 900w,https:\/\/i1.wp.com\/www.sucresuites.com\/wp-content\/uploads\/2020\/05\/studio-con-balcon-scaled.jpg?strip=info&#038;w=1200 1200w,https:\/\/i1.wp.com\/www.sucresuites.com\/wp-content\/uploads\/2020\/05\/studio-con-balcon-scaled.jpg?strip=info&#038;w=1500 1500w,https:\/\/i1.wp.com\/www.sucresuites.com\/wp-content\/uploads\/2020\/05\/studio-con-balcon-scaled.jpg?strip=info&#038;w=1800 1800w,https:\/\/i1.wp.com\/www.sucresuites.com\/wp-content\/uploads\/2020\/05\/studio-con-balcon-scaled.jpg?strip=info&#038;w=2000 2000w\" alt=\"\" data-height=\"1707\" data-id=\"2048\" data-link=\"https:\/\/www.sucresuites.com\/cuida-a-tus-padres-cuida-a-los-tuyos\/studio-con-balcon\/\" data-url=\"https:\/\/www.sucresuites.com\/wp-content\/uploads\/2020\/05\/studio-con-balcon-scaled.jpg\" data-width=\"2560\" src=\"https:\/\/i1.wp.com\/www.sucresuites.com\/wp-content\/uploads\/2020\/05\/studio-con-balcon-scaled.jpg\"\/><\/figure><\/div><\/div><\/div><\/div>","protected":false},"excerpt":{"rendered":"<p>Durante esta etapa del aislamiento obligatorio decretado por la crisis del Coronavirus (COVID-19) tenemos que cuidar a las personas mayores&hellip;<\/p>","protected":false},"author":1,"featured_media":0,"parent":0,"menu_order":0,"comment_status":"closed","ping_status":"closed","template":"","meta":{"footnotes":""},"class_list":["post-2029","page","type-page","status-publish","hentry"],"yoast_head":"<!-- This site is optimized with the Yoast SEO plugin v21.0 - https:\/\/yoast.com\/wordpress\/plugins\/seo\/ -->\n<title>Cuid\u00e1 a tus padres, cuid\u00e1 a los tuyos. |<\/title>\n<meta name=\"robots\" content=\"index, follow, max-snippet:-1, max-image-preview:large, max-video-preview:-1\" \/>\n<link rel=\"canonical\" href=\"https:\/\/www.sucresuites.com\/en\/cuida-a-tus-padres-cuida-a-los-tuyos\/\" \/>\n<meta property=\"og:locale\" content=\"en_US\" \/>\n<meta property=\"og:type\" content=\"article\" \/>\n<meta property=\"og:title\" content=\"Cuid\u00e1 a tus padres, cuid\u00e1 a los tuyos. |\" \/>\n<meta property=\"og:description\" content=\"Durante esta etapa del aislamiento obligatorio decretado por la crisis del Coronavirus (COVID-19) tenemos que cuidar a las personas mayores&hellip;\" \/>\n<meta property=\"og:url\" content=\"https:\/\/www.sucresuites.com\/en\/cuida-a-tus-padres-cuida-a-los-tuyos\/\" \/>\n<meta property=\"article:publisher\" content=\"https:\/\/www.facebook.com\/Sucresuites\/\" \/>\n<meta property=\"article:modified_time\" content=\"2020-05-07T18:30:42+00:00\" \/>\n<meta property=\"og:image\" content=\"https:\/\/www.sucresuites.com\/wp-content\/uploads\/2020\/05\/sucre-1.png\" \/>\n<meta name=\"twitter:card\" content=\"summary_large_image\" \/>\n<meta name=\"twitter:label1\" content=\"Est. reading time\" \/>\n\t<meta name=\"twitter:data1\" content=\"1 minute\" \/>\n<script type=\"application\/ld+json\" class=\"yoast-schema-graph\">{\"@context\":\"https:\/\/schema.org\",\"@graph\":[{\"@type\":\"WebPage\",\"@id\":\"https:\/\/www.sucresuites.com\/es\/cuida-a-tus-padres-cuida-a-los-tuyos\/\",\"url\":\"https:\/\/www.sucresuites.com\/es\/cuida-a-tus-padres-cuida-a-los-tuyos\/\",\"name\":\"Cuid\u00e1 a tus padres, cuid\u00e1 a los tuyos. |\",\"isPartOf\":{\"@id\":\"https:\/\/www.sucresuites.com\/es\/#website\"},\"datePublished\":\"2020-05-04T14:44:56+00:00\",\"dateModified\":\"2020-05-07T18:30:42+00:00\",\"breadcrumb\":{\"@id\":\"https:\/\/www.sucresuites.com\/es\/cuida-a-tus-padres-cuida-a-los-tuyos\/#breadcrumb\"},\"inLanguage\":\"en-US\",\"potentialAction\":[{\"@type\":\"ReadAction\",\"target\":[\"https:\/\/www.sucresuites.com\/es\/cuida-a-tus-padres-cuida-a-los-tuyos\/\"]}]},{\"@type\":\"BreadcrumbList\",\"@id\":\"https:\/\/www.sucresuites.com\/es\/cuida-a-tus-padres-cuida-a-los-tuyos\/#breadcrumb\",\"itemListElement\":[{\"@type\":\"ListItem\",\"position\":1,\"name\":\"Portada\",\"item\":\"https:\/\/www.sucresuites.com\/\"},{\"@type\":\"ListItem\",\"position\":2,\"name\":\"Cuid\u00e1 a tus padres, cuid\u00e1 a los tuyos.\"}]},{\"@type\":\"WebSite\",\"@id\":\"https:\/\/www.sucresuites.com\/es\/#website\",\"url\":\"https:\/\/www.sucresuites.com\/es\/\",\"name\":\"\",\"description\":\"Apartamentos Temporarios\",\"publisher\":{\"@id\":\"https:\/\/www.sucresuites.com\/es\/#organization\"},\"potentialAction\":[{\"@type\":\"SearchAction\",\"target\":{\"@type\":\"EntryPoint\",\"urlTemplate\":\"https:\/\/www.sucresuites.com\/es\/?s={search_term_string}\"},\"query-input\":\"required name=search_term_string\"}],\"inLanguage\":\"en-US\"},{\"@type\":\"Organization\",\"@id\":\"https:\/\/www.sucresuites.com\/es\/#organization\",\"name\":\"Sucre Suites\",\"url\":\"https:\/\/www.sucresuites.com\/es\/\",\"logo\":{\"@type\":\"ImageObject\",\"inLanguage\":\"en-US\",\"@id\":\"https:\/\/www.sucresuites.com\/es\/#\/schema\/logo\/image\/\",\"url\":\"https:\/\/i0.wp.com\/www.sucresuites.com\/wp-content\/uploads\/2018\/02\/Selection_013.png?fit=338%2C95\",\"contentUrl\":\"https:\/\/i0.wp.com\/www.sucresuites.com\/wp-content\/uploads\/2018\/02\/Selection_013.png?fit=338%2C95\",\"width\":338,\"height\":95,\"caption\":\"Sucre Suites\"},\"image\":{\"@id\":\"https:\/\/www.sucresuites.com\/es\/#\/schema\/logo\/image\/\"},\"sameAs\":[\"https:\/\/www.facebook.com\/Sucresuites\/\"]}]}<\/script>\n<!-- \/ Yoast SEO plugin. -->","yoast_head_json":{"title":"Cuid\u00e1 a tus padres, cuid\u00e1 a los tuyos. |","robots":{"index":"index","follow":"follow","max-snippet":"max-snippet:-1","max-image-preview":"max-image-preview:large","max-video-preview":"max-video-preview:-1"},"canonical":"https:\/\/www.sucresuites.com\/en\/cuida-a-tus-padres-cuida-a-los-tuyos\/","og_locale":"en_US","og_type":"article","og_title":"Cuid\u00e1 a tus padres, cuid\u00e1 a los tuyos. |","og_description":"Durante esta etapa del aislamiento obligatorio decretado por la crisis del Coronavirus (COVID-19) tenemos que cuidar a las personas mayores&hellip;","og_url":"https:\/\/www.sucresuites.com\/en\/cuida-a-tus-padres-cuida-a-los-tuyos\/","article_publisher":"https:\/\/www.facebook.com\/Sucresuites\/","article_modified_time":"2020-05-07T18:30:42+00:00","og_image":[{"url":"https:\/\/www.sucresuites.com\/wp-content\/uploads\/2020\/05\/sucre-1.png"}],"twitter_card":"summary_large_image","twitter_misc":{"Est. reading time":"1 minute"},"schema":{"@context":"https:\/\/schema.org","@graph":[{"@type":"WebPage","@id":"https:\/\/www.sucresuites.com\/es\/cuida-a-tus-padres-cuida-a-los-tuyos\/","url":"https:\/\/www.sucresuites.com\/es\/cuida-a-tus-padres-cuida-a-los-tuyos\/","name":"Cuid\u00e1 a tus padres, cuid\u00e1 a los tuyos. |","isPartOf":{"@id":"https:\/\/www.sucresuites.com\/es\/#website"},"datePublished":"2020-05-04T14:44:56+00:00","dateModified":"2020-05-07T18:30:42+00:00","breadcrumb":{"@id":"https:\/\/www.sucresuites.com\/es\/cuida-a-tus-padres-cuida-a-los-tuyos\/#breadcrumb"},"inLanguage":"en-US","potentialAction":[{"@type":"ReadAction","target":["https:\/\/www.sucresuites.com\/es\/cuida-a-tus-padres-cuida-a-los-tuyos\/"]}]},{"@type":"BreadcrumbList","@id":"https:\/\/www.sucresuites.com\/es\/cuida-a-tus-padres-cuida-a-los-tuyos\/#breadcrumb","itemListElement":[{"@type":"ListItem","position":1,"name":"Portada","item":"https:\/\/www.sucresuites.com\/"},{"@type":"ListItem","position":2,"name":"Cuid\u00e1 a tus padres, cuid\u00e1 a los tuyos."}]},{"@type":"WebSite","@id":"https:\/\/www.sucresuites.com\/es\/#website","url":"https:\/\/www.sucresuites.com\/es\/","name":"","description":"Apartamentos Temporarios","publisher":{"@id":"https:\/\/www.sucresuites.com\/es\/#organization"},"potentialAction":[{"@type":"SearchAction","target":{"@type":"EntryPoint","urlTemplate":"https:\/\/www.sucresuites.com\/es\/?s={search_term_string}"},"query-input":"required name=search_term_string"}],"inLanguage":"en-US"},{"@type":"Organization","@id":"https:\/\/www.sucresuites.com\/es\/#organization","name":"Sucre Suites","url":"https:\/\/www.sucresuites.com\/es\/","logo":{"@type":"ImageObject","inLanguage":"en-US","@id":"https:\/\/www.sucresuites.com\/es\/#\/schema\/logo\/image\/","url":"https:\/\/i0.wp.com\/www.sucresuites.com\/wp-content\/uploads\/2018\/02\/Selection_013.png?fit=338%2C95","contentUrl":"https:\/\/i0.wp.com\/www.sucresuites.com\/wp-content\/uploads\/2018\/02\/Selection_013.png?fit=338%2C95","width":338,"height":95,"caption":"Sucre Suites"},"image":{"@id":"https:\/\/www.sucresuites.com\/es\/#\/schema\/logo\/image\/"},"sameAs":["https:\/\/www.facebook.com\/Sucresuites\/"]}]}},"jetpack_sharing_enabled":true,"jetpack_shortlink":"https:\/\/wp.me\/P9I0kO-wJ","_links":{"self":[{"href":"https:\/\/www.sucresuites.com\/en\/wp-json\/wp\/v2\/pages\/2029","targetHints":{"allow":["GET"]}}],"collection":[{"href":"https:\/\/www.sucresuites.com\/en\/wp-json\/wp\/v2\/pages"}],"about":[{"href":"https:\/\/www.sucresuites.com\/en\/wp-json\/wp\/v2\/types\/page"}],"author":[{"embeddable":true,"href":"https:\/\/www.sucresuites.com\/en\/wp-json\/wp\/v2\/users\/1"}],"replies":[{"embeddable":true,"href":"https:\/\/www.sucresuites.com\/en\/wp-json\/wp\/v2\/comments?post=2029"}],"version-history":[{"count":4,"href":"https:\/\/www.sucresuites.com\/en\/wp-json\/wp\/v2\/pages\/2029\/revisions"}],"predecessor-version":[{"id":2049,"href":"https:\/\/www.sucresuites.com\/en\/wp-json\/wp\/v2\/pages\/2029\/revisions\/2049"}],"wp:attachment":[{"href":"https:\/\/www.sucresuites.com\/en\/wp-json\/wp\/v2\/media?parent=2029"}],"curies":[{"name":"wp","href":"https:\/\/api.w.org\/{rel}","templated":true}]}}